{"id":544884,"date":"2025-03-04T00:48:02","date_gmt":"2025-03-03T23:48:02","guid":{"rendered":"https:\/\/shop.kustom.ch\/?post_type=product&#038;p=544884"},"modified":"2026-03-30T13:14:19","modified_gmt":"2026-03-30T12:14:19","slug":"regenhose-aqua-3","status":"publish","type":"product","link":"https:\/\/shop.kustom.ch\/fr\/produit\/regenhose-aqua-3\/","title":{"rendered":"Pantalon de pluie AQUA"},"content":{"rendered":"<p>Imperm\u00e9able au vent et \u00e0 l'eau. Les coutures sont soud\u00e9es. Poign\u00e9e vers l'int\u00e9rieur des deux c\u00f4t\u00e9s. \u00c9lastique et cordon de serrage \u00e0 la taille. Fermeture \u00e9clair avec bande de protection contre les intemp\u00e9ries \u00e0 l'ext\u00e9rieur des jambes. Fermeture velcro aux chevilles.<\/p>\n<p>OEKO-TEX\u00ae STANDARD 100 ; EN 343 3\/1<br \/>\n60% Polyester\/40% Polyur\u00e9thane<br \/>\nTissu imperm\u00e9able au m\u00e8tre, enduit de PU. Colonne d'eau de 10.000 mm selon EN ISO 811.<br \/>\n210 g\/m\u00b2 (1,5 lb)<br \/>\nLinge d\u00e9licat, max. 40\u00b0 C ; Pas de blanchiment ; Pas de s\u00e9chage en tambour ; Pas de repassage ; Ne convient pas au nettoyage \u00e0 sec<\/p>\n<p><a href=\"https:\/\/mascotsitecore-1ccb8.kxcdn.com\/pdf\/50203-859-09-de.pdf\" target=\"_blank\" rel=\"noopener\"><u>Ouvrir la fiche produit<\/u><\/a><\/p>","protected":false},"excerpt":{"rendered":"<ul>\n<li>R\u00e9sistant au vent et \u00e0 l'eau.<\/li>\n<li>Le mat\u00e9riau imperm\u00e9able a des coutures soud\u00e9es, de sorte que la pluie ne peut pas s'infiltrer.<\/li>\n<li>Passage vers le pantalon en dessous des deux c\u00f4t\u00e9s.<\/li>\n<li>\u00c9lastique et cordon de serrage \u00e0 la taille.<\/li>\n<li>Fermeture \u00e9clair extra-longue avec bande de protection contre les intemp\u00e9ries \u00e0 l'ext\u00e9rieur de la jambe, pour une utilisation facile avec des bottes.<\/li>\n<\/ul>","protected":false},"featured_media":544929,"template":"","meta":[],"product_brand":[],"product_cat":[4185],"product_tag":[],"class_list":{"0":"post-544884","1":"product","2":"type-product","3":"status-publish","4":"has-post-thumbnail","6":"product_cat-hosen","7":"pa_brand-mascot","8":"pa_brand-type-workwear","9":"pa_filter-color-schwarz","11":"first","12":"instock","13":"sale","14":"taxable","15":"shipping-taxable","16":"purchasable","17":"product-type-variable","18":"add-to-wishlist-before_image"},"exclude_global_add_ons":[],"addons":[],"acf":[],"_links":{"self":[{"href":"https:\/\/shop.kustom.ch\/fr\/wp-json\/wp\/v2\/product\/544884"}],"collection":[{"href":"https:\/\/shop.kustom.ch\/fr\/wp-json\/wp\/v2\/product"}],"about":[{"href":"https:\/\/shop.kustom.ch\/fr\/wp-json\/wp\/v2\/types\/product"}],"wp:featuredmedia":[{"embeddable":true,"href":"https:\/\/shop.kustom.ch\/fr\/wp-json\/wp\/v2\/media\/544929"}],"wp:attachment":[{"href":"https:\/\/shop.kustom.ch\/fr\/wp-json\/wp\/v2\/media?parent=544884"}],"wp:term":[{"taxonomy":"product_brand","embeddable":true,"href":"https:\/\/shop.kustom.ch\/fr\/wp-json\/wp\/v2\/product_brand?post=544884"},{"taxonomy":"product_cat","embeddable":true,"href":"https:\/\/shop.kustom.ch\/fr\/wp-json\/wp\/v2\/product_cat?post=544884"},{"taxonomy":"product_tag","embeddable":true,"href":"https:\/\/shop.kustom.ch\/fr\/wp-json\/wp\/v2\/product_tag?post=544884"}],"curies":[{"name":"wp","href":"https:\/\/api.w.org\/{rel}","templated":true}]}}