{"id":544874,"date":"2025-03-04T00:48:00","date_gmt":"2025-03-03T23:48:00","guid":{"rendered":"https:\/\/shop.kustom.ch\/?post_type=product&#038;p=544874"},"modified":"2026-03-30T13:14:17","modified_gmt":"2026-03-30T12:14:17","slug":"regenjacke-aqua-3","status":"publish","type":"product","link":"https:\/\/shop.kustom.ch\/fr\/produit\/regenjacke-aqua-3\/","title":{"rendered":"Veste de pluie AQUA"},"content":{"rendered":"<p>R\u00e9sistant au vent et \u00e0 l'eau. Bonne coupe spacieuse. Coutures soud\u00e9es. Capuche amovible, avec cordons \u00e9lastiques r\u00e9glables. Col int\u00e9rieur en polaire. Fermeture par zip et rabat de protection contre les intemp\u00e9ries avec boutons-pression. Poches avant avec fermeture \u00e9clair. Ventilation dans le dos. \u00c9lastique r\u00e9glable \u00e0 l'ourlet inf\u00e9rieur. Bande \u00e9lastique (cach\u00e9e sous la bande de protection contre les intemp\u00e9ries) et fermeture velcro aux poignets. Empi\u00e8cements r\u00e9fl\u00e9chissants.<\/p>\n<p>OEKO-TEX\u00ae STANDARD 100 ; EN 343 3\/1<br \/>\n60% Polyester\/40% Polyur\u00e9thane<br \/>\nTissu imperm\u00e9able au m\u00e8tre, enduit de PU. Colonne d'eau de 10.000 mm selon EN ISO 811.<br \/>\n210 g\/m\u00b2 (1,5 lb)<br \/>\nLinge d\u00e9licat, max. 40\u00b0 C ; Pas de blanchiment ; Pas de s\u00e9chage en tambour ; Pas de repassage ; Ne convient pas au nettoyage \u00e0 sec<\/p>\n<p><a href=\"https:\/\/mascotsitecore-1ccb8.kxcdn.com\/pdf\/50202-859-09-de.pdf\" target=\"_blank\" rel=\"noopener\"><u>Ouvrir la fiche produit<\/u><\/a><\/p>","protected":false},"excerpt":{"rendered":"<ul>\n<li>R\u00e9sistant au vent et \u00e0 l'eau.<\/li>\n<li>Le mat\u00e9riau imperm\u00e9able a des coutures soud\u00e9es, de sorte que la pluie ne peut pas s'infiltrer.<\/li>\n<li>Coupe g\u00e9n\u00e9reuse avec taille r\u00e9glable.<\/li>\n<li>Capuche amovible.<\/li>\n<li>Le col ferme bien le cou et emp\u00eache le froid de p\u00e9n\u00e9trer.<\/li>\n<\/ul>","protected":false},"featured_media":544928,"template":"","meta":[],"product_brand":[],"product_cat":[4186],"product_tag":[],"class_list":{"0":"post-544874","1":"product","2":"type-product","3":"status-publish","4":"has-post-thumbnail","6":"product_cat-jacken","7":"pa_brand-mascot","8":"pa_brand-type-workwear","9":"pa_filter-color-schwarz","11":"first","12":"instock","13":"sale","14":"taxable","15":"shipping-taxable","16":"purchasable","17":"product-type-variable","18":"add-to-wishlist-before_image"},"exclude_global_add_ons":[],"addons":[],"acf":[],"_links":{"self":[{"href":"https:\/\/shop.kustom.ch\/fr\/wp-json\/wp\/v2\/product\/544874"}],"collection":[{"href":"https:\/\/shop.kustom.ch\/fr\/wp-json\/wp\/v2\/product"}],"about":[{"href":"https:\/\/shop.kustom.ch\/fr\/wp-json\/wp\/v2\/types\/product"}],"wp:featuredmedia":[{"embeddable":true,"href":"https:\/\/shop.kustom.ch\/fr\/wp-json\/wp\/v2\/media\/544928"}],"wp:attachment":[{"href":"https:\/\/shop.kustom.ch\/fr\/wp-json\/wp\/v2\/media?parent=544874"}],"wp:term":[{"taxonomy":"product_brand","embeddable":true,"href":"https:\/\/shop.kustom.ch\/fr\/wp-json\/wp\/v2\/product_brand?post=544874"},{"taxonomy":"product_cat","embeddable":true,"href":"https:\/\/shop.kustom.ch\/fr\/wp-json\/wp\/v2\/product_cat?post=544874"},{"taxonomy":"product_tag","embeddable":true,"href":"https:\/\/shop.kustom.ch\/fr\/wp-json\/wp\/v2\/product_tag?post=544874"}],"curies":[{"name":"wp","href":"https:\/\/api.w.org\/{rel}","templated":true}]}}