{"id":544834,"date":"2025-03-04T00:47:27","date_gmt":"2025-03-03T23:47:27","guid":{"rendered":"https:\/\/shop.kustom.ch\/?post_type=product&#038;p=544834"},"modified":"2026-03-30T13:14:11","modified_gmt":"2026-03-30T12:14:11","slug":"regenhose-aqua","status":"publish","type":"product","link":"https:\/\/shop.kustom.ch\/fr\/produit\/regenhose-aqua\/","title":{"rendered":"Pantalon de pluie AQUA"},"content":{"rendered":"<p>Imperm\u00e9able au vent et \u00e0 l'eau. Les coutures sont soud\u00e9es. \u00c9lastique et cordon de serrage \u00e0 la taille. R\u00e9glage par boutons-pression aux chevilles.<\/p>\n<p>OEKO-TEX\u00ae STANDARD 100<br \/>\n70% Polyester\/30% Polyur\u00e9thane<br \/>\nTissu imperm\u00e9able au m\u00e8tre, enduit de PU. Colonne d'eau de 10.000 mm selon EN ISO 811.<br \/>\n240 g\/m<br \/>\nLinge d\u00e9licat, max. 40\u00b0 C ; Pas de blanchiment ; Pas de s\u00e9chage en tambour ; Pas de repassage ; Ne convient pas au nettoyage \u00e0 sec<\/p>\n<p><a href=\"https:\/\/mascotsitecore-1ccb8.kxcdn.com\/pdf\/07062-028-01-de.pdf\" target=\"_blank\" rel=\"noopener\"><u>Ouvrir la fiche produit<\/u><\/a><\/p>","protected":false},"excerpt":{"rendered":"<ul>\n<li>R\u00e9sistant au vent et \u00e0 l'eau.<\/li>\n<li>Le mat\u00e9riau imperm\u00e9able a des coutures soud\u00e9es, de sorte que la pluie ne peut pas s'infiltrer.<\/li>\n<li>\u00c9lastique et cordon de serrage \u00e0 la taille.<\/li>\n<li>R\u00e9gulation par boutons-pression aux chevilles.<\/li>\n<\/ul>","protected":false},"featured_media":544901,"template":"","meta":[],"product_brand":[],"product_cat":[4185],"product_tag":[],"class_list":{"0":"post-544834","1":"product","2":"type-product","3":"status-publish","4":"has-post-thumbnail","6":"product_cat-hosen","7":"pa_brand-mascot","8":"pa_brand-type-workwear","9":"pa_filter-color-blau","10":"pa_filter-color-gruen","12":"first","13":"instock","14":"sale","15":"taxable","16":"shipping-taxable","17":"purchasable","18":"product-type-variable","19":"add-to-wishlist-before_image"},"exclude_global_add_ons":[],"addons":[],"acf":[],"_links":{"self":[{"href":"https:\/\/shop.kustom.ch\/fr\/wp-json\/wp\/v2\/product\/544834"}],"collection":[{"href":"https:\/\/shop.kustom.ch\/fr\/wp-json\/wp\/v2\/product"}],"about":[{"href":"https:\/\/shop.kustom.ch\/fr\/wp-json\/wp\/v2\/types\/product"}],"wp:featuredmedia":[{"embeddable":true,"href":"https:\/\/shop.kustom.ch\/fr\/wp-json\/wp\/v2\/media\/544901"}],"wp:attachment":[{"href":"https:\/\/shop.kustom.ch\/fr\/wp-json\/wp\/v2\/media?parent=544834"}],"wp:term":[{"taxonomy":"product_brand","embeddable":true,"href":"https:\/\/shop.kustom.ch\/fr\/wp-json\/wp\/v2\/product_brand?post=544834"},{"taxonomy":"product_cat","embeddable":true,"href":"https:\/\/shop.kustom.ch\/fr\/wp-json\/wp\/v2\/product_cat?post=544834"},{"taxonomy":"product_tag","embeddable":true,"href":"https:\/\/shop.kustom.ch\/fr\/wp-json\/wp\/v2\/product_tag?post=544834"}],"curies":[{"name":"wp","href":"https:\/\/api.w.org\/{rel}","templated":true}]}}