{"id":544633,"date":"2025-03-04T00:46:03","date_gmt":"2025-03-03T23:46:03","guid":{"rendered":"https:\/\/shop.kustom.ch\/?post_type=product&#038;p=544633"},"modified":"2026-03-30T13:13:33","modified_gmt":"2026-03-30T12:13:33","slug":"hose-mit-knietaschen-advanced-5","status":"publish","type":"product","link":"https:\/\/shop.kustom.ch\/fr\/produit\/hose-mit-knietaschen-advanced-5\/","title":{"rendered":"Pantalon avec poches genouill\u00e8res ADVANCED"},"content":{"rendered":"<p>Finition d\u00e9perlante. Tissu stretch ultime, l\u00e9ger et tr\u00e8s r\u00e9sistant. Le tissu est presque imperceptible sur la peau, car les poches sont int\u00e9gr\u00e9es dans le design. Double coutures rabattues sur les jambes et \u00e0 l'entrejambe. Taille basse. Jambes de pantalon de forme ergonomique. Passants de ceinture. Braguette \u00e0 fermeture \u00e9clair. Poches avant. Poches arri\u00e8re. Boucles porte-outils des deux c\u00f4t\u00e9s de la ceinture. Poche sur la cuisse avec compartiment pour t\u00e9l\u00e9phone portable. Poche pour m\u00e8tre pliant en tissu CORDURA\u00ae avec poches suppl\u00e9mentaires. Poches genoux en CORDURA\u00ae r\u00e9sistant (500 D). Effets r\u00e9fl\u00e9chissants. Pour ce mod\u00e8le, nous recommandons les genouill\u00e8res suivantes : 00718-100, 50451-916 ou 20118-915. Certifi\u00e9es avec les genouill\u00e8res de type LONG selon la norme EN 14404.<\/p>\n<p>OEKO-TEX\u00ae STANDARD 100<br \/>\n92% Polyamide\/8% \u00c9lasthanne<br \/>\nSTRETCH ULTIME. Peut r\u00e9tr\u00e9cir au maximum de 2%.<br \/>\n235 g\/m<br \/>\nLinge d\u00e9licat, max. 40\u00b0 C ; Ne pas blanchir ; Ne pas s\u00e9cher au s\u00e8che-linge ; Repasser \u00e0 basse temp\u00e9rature, max. 100\u00b0 C ; Supporte le nettoyage normal<\/p>\n<p><a href=\"https:\/\/mascotsitecore-1ccb8.kxcdn.com\/pdf\/23179-311-1809-de.pdf\" target=\"_blank\" rel=\"noopener\"><u>Ouvrir la fiche produit<\/u><\/a><\/p>","protected":false},"excerpt":{"rendered":"<ul>\n<li>Le tissu stretch est \u00e9lastique dans toutes les directions et offre une libert\u00e9 de mouvement in\u00e9gal\u00e9e, o\u00f9 rien ne tire ou ne g\u00eane.<\/li>\n<li>Le tissu stretch multifonctionnel combine un faible poids avec une tr\u00e8s grande r\u00e9sistance \u00e0 l'usure et est en outre hydrofuge.<\/li>\n<li>Poches genoux en tissu CORDURA\u00ae r\u00e9sistant.<\/li>\n<li>A\u00e9ration efficace de la zone des genoux gr\u00e2ce \u00e0 une ouverture zipp\u00e9e \u00e0 l'int\u00e9rieur de la jambe du pantalon.<\/li>\n<li>Disponible en standard en trois longueurs d'entrejambe diff\u00e9rentes, pour la meilleure coupe individuelle et les d\u00e9tails les mieux plac\u00e9s.<\/li>\n<li>Pour un confort optimal, nous vous recommandons de choisir cette genouill\u00e8re 00718-100.<\/li>\n<li>Certifi\u00e9 pour une utilisation avec les genouill\u00e8res MASCOT de type SHORT ou LONG, car la poche de genouill\u00e8re est r\u00e9glable en hauteur.<\/li>\n<\/ul>","protected":false},"featured_media":544655,"template":"","meta":[],"product_brand":[],"product_cat":[4185],"product_tag":[],"class_list":{"0":"post-544633","1":"product","2":"type-product","3":"status-publish","4":"has-post-thumbnail","6":"product_cat-hosen","7":"pa_brand-mascot","8":"pa_brand-type-workwear","9":"pa_filter-color-beige","10":"pa_filter-color-grau","11":"pa_filter-color-schwarz","13":"first","14":"instock","15":"sale","16":"taxable","17":"shipping-taxable","18":"purchasable","19":"product-type-variable","20":"add-to-wishlist-before_image"},"exclude_global_add_ons":[],"addons":[],"acf":[],"_links":{"self":[{"href":"https:\/\/shop.kustom.ch\/fr\/wp-json\/wp\/v2\/product\/544633"}],"collection":[{"href":"https:\/\/shop.kustom.ch\/fr\/wp-json\/wp\/v2\/product"}],"about":[{"href":"https:\/\/shop.kustom.ch\/fr\/wp-json\/wp\/v2\/types\/product"}],"wp:featuredmedia":[{"embeddable":true,"href":"https:\/\/shop.kustom.ch\/fr\/wp-json\/wp\/v2\/media\/544655"}],"wp:attachment":[{"href":"https:\/\/shop.kustom.ch\/fr\/wp-json\/wp\/v2\/media?parent=544633"}],"wp:term":[{"taxonomy":"product_brand","embeddable":true,"href":"https:\/\/shop.kustom.ch\/fr\/wp-json\/wp\/v2\/product_brand?post=544633"},{"taxonomy":"product_cat","embeddable":true,"href":"https:\/\/shop.kustom.ch\/fr\/wp-json\/wp\/v2\/product_cat?post=544633"},{"taxonomy":"product_tag","embeddable":true,"href":"https:\/\/shop.kustom.ch\/fr\/wp-json\/wp\/v2\/product_tag?post=544633"}],"curies":[{"name":"wp","href":"https:\/\/api.w.org\/{rel}","templated":true}]}}