{"id":544400,"date":"2025-03-04T00:44:30","date_gmt":"2025-03-03T23:44:30","guid":{"rendered":"https:\/\/shop.kustom.ch\/?post_type=product&#038;p=544400"},"modified":"2026-03-30T13:13:21","modified_gmt":"2026-03-30T12:13:21","slug":"funktionshose-advanced","status":"publish","type":"product","link":"https:\/\/shop.kustom.ch\/fr\/produit\/funktionshose-advanced\/","title":{"rendered":"Pantalon fonctionnel ADVANCED"},"content":{"rendered":"<p>Avec une finition hydrofuge. Tissu stretch ultime, l\u00e9ger et tr\u00e8s r\u00e9sistant. Le tissu est presque imperceptible sur la peau, car les poches sont int\u00e9gr\u00e9es au design. Coutures \u00e0 double rabattage sur les jambes et \u00e0 l'entrejambe. Les jambes du pantalon ont une forme ergonomique. Passants de ceinture. Braguette avec fermeture \u00e0 glissi\u00e8re. Poches \u00e0 l'avant. Poches arri\u00e8re \u00e0 la taille. Poches sur les cuisses du c\u00f4t\u00e9 gauche - une avec rabat et fermeture magn\u00e9tique et une avec fermeture \u00e0 glissi\u00e8re. Poches sur la cuisse droite - une avec poche couteau en CORDURA\u00ae et une avec fermeture \u00e9clair. Ajustement \u00e9lastique au pied. Renforts sur certaines parties du produit.<\/p>\n<p>OEKO-TEX\u00ae STANDARD 100<br \/>\n92% Polyamide\/8% \u00c9lasthanne<br \/>\nSTRETCH ULTIME. Peut r\u00e9tr\u00e9cir au maximum de 2%.<br \/>\n235 g\/m<br \/>\nLinge d\u00e9licat, max. 40\u00b0 C ; Ne pas blanchir ; Ne pas s\u00e9cher au s\u00e8che-linge ; Repasser \u00e0 basse temp\u00e9rature, max. 100\u00b0 C ; Supporte le nettoyage normal<\/p>\n<p><a href=\"https:\/\/mascotsitecore-1ccb8.kxcdn.com\/pdf\/21679-311-010-de.pdf\" target=\"_blank\" rel=\"noopener\"><u>Ouvrir la fiche produit<\/u><\/a><\/p>","protected":false},"excerpt":{"rendered":"<ul>\n<li>Le tissu stretch est \u00e9lastique dans toutes les directions et offre une libert\u00e9 de mouvement in\u00e9gal\u00e9e, o\u00f9 rien ne tire ou ne g\u00eane.<\/li>\n<li>Le tissu stretch multifonctionnel combine un faible poids avec une tr\u00e8s grande r\u00e9sistance \u00e0 l'usure et est en outre hydrofuge.<\/li>\n<li>Jambes de pantalons ergonomiques, form\u00e9es selon les mouvements naturels du corps.<\/li>\n<li>A\u00e9ration efficace de la zone des genoux.<\/li>\n<li>Ajustement \u00e9lastique au pied.<\/li>\n<\/ul>","protected":false},"featured_media":544410,"template":"","meta":[],"product_brand":[],"product_cat":[4185],"product_tag":[],"class_list":{"0":"post-544400","1":"product","2":"type-product","3":"status-publish","4":"has-post-thumbnail","6":"product_cat-hosen","7":"pa_brand-mascot","8":"pa_brand-type-workwear","9":"pa_filter-color-blau","10":"pa_filter-color-grau","11":"pa_filter-color-gruen","12":"pa_filter-color-schwarz","14":"first","15":"instock","16":"sale","17":"taxable","18":"shipping-taxable","19":"purchasable","20":"product-type-variable","21":"add-to-wishlist-before_image"},"exclude_global_add_ons":[],"addons":[],"acf":[],"_links":{"self":[{"href":"https:\/\/shop.kustom.ch\/fr\/wp-json\/wp\/v2\/product\/544400"}],"collection":[{"href":"https:\/\/shop.kustom.ch\/fr\/wp-json\/wp\/v2\/product"}],"about":[{"href":"https:\/\/shop.kustom.ch\/fr\/wp-json\/wp\/v2\/types\/product"}],"wp:featuredmedia":[{"embeddable":true,"href":"https:\/\/shop.kustom.ch\/fr\/wp-json\/wp\/v2\/media\/544410"}],"wp:attachment":[{"href":"https:\/\/shop.kustom.ch\/fr\/wp-json\/wp\/v2\/media?parent=544400"}],"wp:term":[{"taxonomy":"product_brand","embeddable":true,"href":"https:\/\/shop.kustom.ch\/fr\/wp-json\/wp\/v2\/product_brand?post=544400"},{"taxonomy":"product_cat","embeddable":true,"href":"https:\/\/shop.kustom.ch\/fr\/wp-json\/wp\/v2\/product_cat?post=544400"},{"taxonomy":"product_tag","embeddable":true,"href":"https:\/\/shop.kustom.ch\/fr\/wp-json\/wp\/v2\/product_tag?post=544400"}],"curies":[{"name":"wp","href":"https:\/\/api.w.org\/{rel}","templated":true}]}}