{"id":544268,"date":"2025-03-04T00:43:17","date_gmt":"2025-03-03T23:43:17","guid":{"rendered":"https:\/\/shop.kustom.ch\/?post_type=product&#038;p=544268"},"modified":"2026-03-30T13:12:50","modified_gmt":"2026-03-30T12:12:50","slug":"sweatshirt-mit-reissverschluss-advanced","status":"publish","type":"product","link":"https:\/\/shop.kustom.ch\/fr\/produit\/sweatshirt-mit-reissverschluss-advanced\/","title":{"rendered":"Sweat-shirt avec fermeture \u00e9clair ADVANCED"},"content":{"rendered":"<p>La premi\u00e8re qualit\u00e9. Coupe moderne, pr\u00e8s du corps, offrant une grande libert\u00e9 de mouvement. La coupe ergonomique des manches permet une grande libert\u00e9 de mouvement. Fermeture \u00e0 glissi\u00e8re avec rabat de protection contre les intemp\u00e9ries \u00e0 l'int\u00e9rieur. Poches avant avec fermeture \u00e9clair. Poche de poitrine avec fermeture \u00e9clair. Poches int\u00e9rieures. Col montant avec cordons \u00e9lastiques r\u00e9glables. Ventilation sous les manches. Tissu stretch sur les c\u00f4t\u00e9s. \u00c9lastique r\u00e9glable \u00e0 l'ourlet inf\u00e9rieur.<\/p>\n<p>OEKO-TEX\u00ae STANDARD 100<br \/>\n69% Coton\/26% Polyester\/5% \u00c9lasthanne<br \/>\nTricot au m\u00e8tre.<br \/>\n380 g\/m<br \/>\nLinge d\u00e9licat, max. 40\u00b0 C ; Ne pas blanchir ; Ne pas s\u00e9cher au s\u00e8che-linge ; Ne pas repasser ; Supporte le nettoyage normal<\/p>\n<p><a href=\"https:\/\/mascotsitecore-1ccb8.kxcdn.com\/pdf\/17484-319-01009-de.pdf\" target=\"_blank\" rel=\"noopener\"><u>Ouvrir la fiche produit<\/u><\/a><\/p>","protected":false},"excerpt":{"rendered":"<ul>\n<li>Coupe moderne, pr\u00e8s du corps, offrant une grande libert\u00e9 de mouvement.<\/li>\n<li>Col extra haut et r\u00e9glable - les arr\u00eats de cordon sont cach\u00e9s dans le col et ne g\u00eanent pas le port du v\u00eatement.<\/li>\n<li>Avec fermeture \u00e9clair et rabat de protection contre les intemp\u00e9ries \u00e0 l'int\u00e9rieur, qui emp\u00eache le vent de passer.<\/li>\n<li>Ouvertures de ventilation sous les bras.<\/li>\n<li>Elastique r\u00e9glable \u00e0 l'ourlet.<\/li>\n<\/ul>","protected":false},"featured_media":544280,"template":"","meta":[],"product_brand":[],"product_cat":[4191],"product_tag":[],"class_list":{"0":"post-544268","1":"product","2":"type-product","3":"status-publish","4":"has-post-thumbnail","6":"product_cat-longsleeves-sweatshirts","7":"pa_brand-mascot","8":"pa_brand-type-workwear","9":"pa_filter-color-schwarz","11":"first","12":"instock","13":"sale","14":"taxable","15":"shipping-taxable","16":"purchasable","17":"product-type-variable","18":"add-to-wishlist-before_image"},"exclude_global_add_ons":[],"addons":[],"acf":[],"_links":{"self":[{"href":"https:\/\/shop.kustom.ch\/fr\/wp-json\/wp\/v2\/product\/544268"}],"collection":[{"href":"https:\/\/shop.kustom.ch\/fr\/wp-json\/wp\/v2\/product"}],"about":[{"href":"https:\/\/shop.kustom.ch\/fr\/wp-json\/wp\/v2\/types\/product"}],"wp:featuredmedia":[{"embeddable":true,"href":"https:\/\/shop.kustom.ch\/fr\/wp-json\/wp\/v2\/media\/544280"}],"wp:attachment":[{"href":"https:\/\/shop.kustom.ch\/fr\/wp-json\/wp\/v2\/media?parent=544268"}],"wp:term":[{"taxonomy":"product_brand","embeddable":true,"href":"https:\/\/shop.kustom.ch\/fr\/wp-json\/wp\/v2\/product_brand?post=544268"},{"taxonomy":"product_cat","embeddable":true,"href":"https:\/\/shop.kustom.ch\/fr\/wp-json\/wp\/v2\/product_cat?post=544268"},{"taxonomy":"product_tag","embeddable":true,"href":"https:\/\/shop.kustom.ch\/fr\/wp-json\/wp\/v2\/product_tag?post=544268"}],"curies":[{"name":"wp","href":"https:\/\/api.w.org\/{rel}","templated":true}]}}