{"id":543436,"date":"2025-03-04T00:37:41","date_gmt":"2025-03-03T23:37:41","guid":{"rendered":"https:\/\/shop.kustom.ch\/?post_type=product&#038;p=543436"},"modified":"2026-03-30T13:11:22","modified_gmt":"2026-03-30T12:11:22","slug":"strickjacke-mit-reissverschluss-advanced","status":"publish","type":"product","link":"https:\/\/shop.kustom.ch\/fr\/produit\/strickjacke-mit-reissverschluss-advanced\/","title":{"rendered":"Veste en tricot avec fermeture \u00e9clair ADVANCED"},"content":{"rendered":"<p>Respirant, coupe-vent et d\u00e9perlant. Coupe moderne, pr\u00e8s du corps, offrant une grande libert\u00e9 de mouvement. La coupe ergonomique des manches permet une grande libert\u00e9 de mouvement. Fermeture \u00e0 glissi\u00e8re avec rabat de protection contre les intemp\u00e9ries \u00e0 l'int\u00e9rieur. Poche de poitrine avec fermeture \u00e9clair. Poches avant avec fermeture \u00e9clair. Poches int\u00e9rieures. Col montant avec cordons \u00e9lastiques r\u00e9glables. Elastique aux poignets. \u00c9lastique r\u00e9glable \u00e0 l'ourlet inf\u00e9rieur. Ventilation sous les manches. Tissu stretch sur les c\u00f4t\u00e9s. Effets r\u00e9fl\u00e9chissants.<\/p>\n<p>OEKO-TEX\u00ae STANDARD 100<br \/>\n78% polyester\/15% polyacrylique\/5% viscose\/2% laine<br \/>\nTricot au m\u00e8tre. Peut r\u00e9tr\u00e9cir au maximum de 3%.<br \/>\n460 g\/m<br \/>\nLavage d\u00e9licat, max. 40\u00b0 C ; Ne pas blanchir ; Ne pas s\u00e9cher au s\u00e8che-linge ; Ne pas repasser ; Supporte le nettoyage normal<\/p>\n<p><a href=\"https:\/\/mascotsitecore-1ccb8.kxcdn.com\/pdf\/17105-309-01009-de.pdf\" target=\"_blank\" rel=\"noopener\"><u>Ouvrir la fiche produit<\/u><\/a><\/p>","protected":false},"excerpt":{"rendered":"<ul>\n<li>Le mat\u00e9riau tricot\u00e9 est compos\u00e9 de trois couches de tissu soud\u00e9es ensemble : le tricot \u00e0 l'ext\u00e9rieur, la polaire douce \u00e0 l'int\u00e9rieur et une membrane coupe-vent et d\u00e9perlante entre les deux.<\/li>\n<li>Respirant, coupe-vent et d\u00e9perlant.<\/li>\n<li>Coupe moderne, pr\u00e8s du corps, offrant une grande libert\u00e9 de mouvement.<\/li>\n<li>Col extra haut et r\u00e9glable - les arr\u00eats de cordon sont cach\u00e9s dans le col et ne g\u00eanent pas le port du v\u00eatement.<\/li>\n<li>Am\u00e9lioration de la visibilit\u00e9 pour l'entourage \u00e0 l'aide d'effets r\u00e9fl\u00e9chissants.<\/li>\n<\/ul>","protected":false},"featured_media":543457,"template":"","meta":[],"product_brand":[],"product_cat":[4186],"product_tag":[],"class_list":{"0":"post-543436","1":"product","2":"type-product","3":"status-publish","4":"has-post-thumbnail","6":"product_cat-jacken","7":"pa_brand-mascot","8":"pa_brand-type-workwear","9":"pa_filter-color-blau","10":"pa_filter-color-gruen","11":"pa_filter-color-schwarz","13":"first","14":"instock","15":"sale","16":"taxable","17":"shipping-taxable","18":"purchasable","19":"product-type-variable","20":"add-to-wishlist-before_image"},"exclude_global_add_ons":[],"addons":[],"acf":[],"_links":{"self":[{"href":"https:\/\/shop.kustom.ch\/fr\/wp-json\/wp\/v2\/product\/543436"}],"collection":[{"href":"https:\/\/shop.kustom.ch\/fr\/wp-json\/wp\/v2\/product"}],"about":[{"href":"https:\/\/shop.kustom.ch\/fr\/wp-json\/wp\/v2\/types\/product"}],"wp:featuredmedia":[{"embeddable":true,"href":"https:\/\/shop.kustom.ch\/fr\/wp-json\/wp\/v2\/media\/543457"}],"wp:attachment":[{"href":"https:\/\/shop.kustom.ch\/fr\/wp-json\/wp\/v2\/media?parent=543436"}],"wp:term":[{"taxonomy":"product_brand","embeddable":true,"href":"https:\/\/shop.kustom.ch\/fr\/wp-json\/wp\/v2\/product_brand?post=543436"},{"taxonomy":"product_cat","embeddable":true,"href":"https:\/\/shop.kustom.ch\/fr\/wp-json\/wp\/v2\/product_cat?post=543436"},{"taxonomy":"product_tag","embeddable":true,"href":"https:\/\/shop.kustom.ch\/fr\/wp-json\/wp\/v2\/product_tag?post=543436"}],"curies":[{"name":"wp","href":"https:\/\/api.w.org\/{rel}","templated":true}]}}