{"id":543054,"date":"2025-03-04T00:35:25","date_gmt":"2025-03-03T23:35:25","guid":{"rendered":"https:\/\/shop.kustom.ch\/?post_type=product&#038;p=543054"},"modified":"2026-03-30T13:11:00","modified_gmt":"2026-03-30T12:11:00","slug":"hose-mit-knietaschen-advanced","status":"publish","type":"product","link":"https:\/\/shop.kustom.ch\/fr\/produit\/hose-mit-knietaschen-advanced\/","title":{"rendered":"Pantalon avec poches genouill\u00e8res ADVANCED"},"content":{"rendered":"<p>Avec une finition hydrofuge. Tissu stretch ultime, l\u00e9ger et tr\u00e8s r\u00e9sistant. Le tissu est presque imperceptible sur la peau, car les poches sont int\u00e9gr\u00e9es au design. Coutures \u00e0 double rabat sur les jambes et \u00e0 l'entrejambe. Taille basse. Les jambes du pantalon ont une forme ergonomique. Passants de ceinture. Braguette avec fermeture \u00e0 glissi\u00e8re. Poches \u00e0 l'avant. Poches arri\u00e8re \u00e0 l'avant et \u00e0 l'arri\u00e8re. Passants pour outils de chaque c\u00f4t\u00e9 de la ceinture. Poche sur la cuisse avec poche pour t\u00e9l\u00e9phone portable, fermeture magn\u00e9tique et porte-carte d'identit\u00e9 int\u00e9gr\u00e9. Porte-carte d'identit\u00e9 amovible. Poche m\u00e8tre en tissu CORDURA\u00ae avec poches suppl\u00e9mentaires. Poches genouill\u00e8res r\u00e9sistantes \u00e0 l'usure et aux perforations en CORDURA\u00ae\/Kevlar\u00ae\/Dyneema\u00ae sont \u00e9lastiques et dot\u00e9es d'une ventilation. R\u00e9gulation par boutons-pression aux chevilles. Effets r\u00e9fl\u00e9chissants. Pour ce mod\u00e8le, nous recommandons les protections de genoux suivantes : 00718-100, 50451-916 ou 20118-915. Certifi\u00e9 avec les genouill\u00e8res de type LONG selon EN 14404.<\/p>\n<p>OEKO-TEX\u00ae STANDARD 100<br \/>\n92% Polyamide\/8% \u00c9lasthanne<br \/>\nSTRETCH ULTIME. Peut r\u00e9tr\u00e9cir au maximum de 2%.<br \/>\n235 g\/m<br \/>\nLinge d\u00e9licat, max. 40\u00b0 C ; Ne pas blanchir ; Ne pas s\u00e9cher au s\u00e8che-linge ; Repasser \u00e0 basse temp\u00e9rature, max. 100\u00b0 C ; Supporte le nettoyage normal<\/p>\n<p><a href=\"https:\/\/mascotsitecore-1ccb8.kxcdn.com\/pdf\/17079-311-010-de.pdf\" target=\"_blank\" rel=\"noopener\"><u>Ouvrir la fiche produit<\/u><\/a><\/p>","protected":false},"excerpt":{"rendered":"<ul>\n<li>Le tissu stretch est \u00e9lastique dans toutes les directions et offre une libert\u00e9 de mouvement in\u00e9gal\u00e9e, o\u00f9 rien ne tire ou ne g\u00eane.<\/li>\n<li>Le tissu stretch multifonctionnel combine un faible poids avec une tr\u00e8s grande r\u00e9sistance \u00e0 l'usure et est en outre hydrofuge.<\/li>\n<li>La taille basse avec une ceinture moul\u00e9e fait en sorte que le pantalon suive tous les mouvements du corps.<\/li>\n<li>Les poches genouill\u00e8res \u00e9lastiques sont compos\u00e9es d'une combinaison de CORDURA\u00ae, de Kevlar\u00ae et de Dyneema\u00ae, une fibre exceptionnellement r\u00e9sistante.<\/li>\n<li>A\u00e9ration efficace de la zone des genoux gr\u00e2ce \u00e0 une ouverture zipp\u00e9e \u00e0 l'int\u00e9rieur de la jambe du pantalon.<\/li>\n<li>Disponible en standard en trois longueurs d'entrejambe diff\u00e9rentes, pour la meilleure coupe individuelle et les d\u00e9tails les mieux plac\u00e9s.<\/li>\n<li>Pour un confort optimal, nous vous recommandons de choisir cette genouill\u00e8re 00718-100.<\/li>\n<li>Certifi\u00e9 pour une utilisation avec les genouill\u00e8res MASCOT de type SHORT ou LONG, car la poche de genouill\u00e8re est r\u00e9glable en hauteur.<\/li>\n<\/ul>","protected":false},"featured_media":543083,"template":"","meta":[],"product_brand":[],"product_cat":[4185],"product_tag":[],"class_list":{"0":"post-543054","1":"product","2":"type-product","3":"status-publish","4":"has-post-thumbnail","6":"product_cat-hosen","7":"pa_brand-mascot","8":"pa_brand-type-workwear","9":"pa_filter-color-beige","10":"pa_filter-color-blau","11":"pa_filter-color-grau","12":"pa_filter-color-gruen","13":"pa_filter-color-schwarz","14":"pa_filter-color-weiss","16":"first","17":"instock","18":"sale","19":"taxable","20":"shipping-taxable","21":"purchasable","22":"product-type-variable","23":"add-to-wishlist-before_image"},"exclude_global_add_ons":[],"addons":[],"acf":[],"_links":{"self":[{"href":"https:\/\/shop.kustom.ch\/fr\/wp-json\/wp\/v2\/product\/543054"}],"collection":[{"href":"https:\/\/shop.kustom.ch\/fr\/wp-json\/wp\/v2\/product"}],"about":[{"href":"https:\/\/shop.kustom.ch\/fr\/wp-json\/wp\/v2\/types\/product"}],"wp:featuredmedia":[{"embeddable":true,"href":"https:\/\/shop.kustom.ch\/fr\/wp-json\/wp\/v2\/media\/543083"}],"wp:attachment":[{"href":"https:\/\/shop.kustom.ch\/fr\/wp-json\/wp\/v2\/media?parent=543054"}],"wp:term":[{"taxonomy":"product_brand","embeddable":true,"href":"https:\/\/shop.kustom.ch\/fr\/wp-json\/wp\/v2\/product_brand?post=543054"},{"taxonomy":"product_cat","embeddable":true,"href":"https:\/\/shop.kustom.ch\/fr\/wp-json\/wp\/v2\/product_cat?post=543054"},{"taxonomy":"product_tag","embeddable":true,"href":"https:\/\/shop.kustom.ch\/fr\/wp-json\/wp\/v2\/product_tag?post=543054"}],"curies":[{"name":"wp","href":"https:\/\/api.w.org\/{rel}","templated":true}]}}