{"id":542915,"date":"2025-03-04T00:34:34","date_gmt":"2025-03-03T23:34:34","guid":{"rendered":"https:\/\/shop.kustom.ch\/?post_type=product&#038;p=542915"},"modified":"2026-03-30T13:10:24","modified_gmt":"2026-03-30T12:10:24","slug":"winterjacke-advanced","status":"publish","type":"product","link":"https:\/\/shop.kustom.ch\/fr\/produit\/winterjacke-advanced\/","title":{"rendered":"Veste d'hiver ADVANCED"},"content":{"rendered":"<p>Tissu stretch ultime, l\u00e9ger et tr\u00e8s r\u00e9sistant. Respirant, imperm\u00e9able au vent et \u00e0 l'eau. Les coutures sont coll\u00e9es. Doublure en matelass\u00e9 avec CLIMASCOT\u00ae Lightweight Insulation. Fermeture par zip \u00e9tanche et rabat de protection contre les intemp\u00e9ries \u00e0 l'int\u00e9rieur. Capuche amovible, doubl\u00e9e et munie de cordons \u00e9lastiques r\u00e9glables. Col montant avec cordons \u00e9lastiques r\u00e9glables. Poche int\u00e9rieure avec fermeture \u00e9clair. Poches poitrine avec fermeture \u00e9clair. Anneau en D. Poches avant avec fermeture \u00e9clair. Les manches ergonomiques permettent une grande libert\u00e9 de mouvement. Poignets c\u00f4tel\u00e9s (cach\u00e9s sous la patte de protection contre les intemp\u00e9ries). Trous pour les pouces aux poignets. \u00c9lastique r\u00e9glable \u00e0 l'ourlet inf\u00e9rieur. Le dos est allong\u00e9. Fermeture \u00e9clair dans la doublure au dos pour apposer un logo\/une broderie. Effets r\u00e9fl\u00e9chissants.<\/p>\n<p>OEKO-TEX\u00ae STANDARD 100 ; EN 343 3\/1 ; EN 342 3\/WP (2.01 clo)<br \/>\n87% Polyamide\/13% \u00c9lasthanne<br \/>\nSTRETCH ULTIME. Twill.<br \/>\n200 g\/m\u00b2 (1,5 lb)<br \/>\nLinge d\u00e9licat, max. 40\u00b0 C ; Ne pas blanchir ; Ne pas s\u00e9cher au s\u00e8che-linge ; Ne pas repasser ; Supporte le nettoyage normal<\/p>\n<p><a href=\"https:\/\/mascotsitecore-1ccb8.kxcdn.com\/pdf\/17035-411-010-de.pdf\" target=\"_blank\" rel=\"noopener\"><u>Ouvrir la fiche produit<\/u><\/a><\/p>","protected":false},"excerpt":{"rendered":"<ul>\n<li>Le tissu stretch est \u00e9lastique dans toutes les directions et offre une libert\u00e9 de mouvement in\u00e9gal\u00e9e, o\u00f9 rien ne tire ou ne g\u00eane.<\/li>\n<li>Le tissu stretch multifonctionnel combine un faible poids avec une tr\u00e8s grande r\u00e9sistance et est en outre imperm\u00e9able.<\/li>\n<li>Respirant, \u00e9tanche au vent et \u00e0 l'eau avec coutures scell\u00e9es.<\/li>\n<li>L'isolation CLIMASCOT\u00ae unique en son genre r\u00e9chauffe efficacement, est l\u00e9g\u00e8re, douce et peut \u00eatre comprim\u00e9e dans un faible volume.<\/li>\n<li>Am\u00e9lioration de la visibilit\u00e9 pour l'entourage \u00e0 l'aide d'effets r\u00e9fl\u00e9chissants.<\/li>\n<\/ul>","protected":false},"featured_media":542955,"template":"","meta":[],"product_brand":[],"product_cat":[4186],"product_tag":[],"class_list":{"0":"post-542915","1":"product","2":"type-product","3":"status-publish","4":"has-post-thumbnail","6":"product_cat-jacken","7":"pa_brand-mascot","8":"pa_brand-type-workwear","9":"pa_filter-color-schwarz","11":"first","12":"instock","13":"sale","14":"taxable","15":"shipping-taxable","16":"purchasable","17":"product-type-variable","18":"add-to-wishlist-before_image"},"exclude_global_add_ons":[],"addons":[],"acf":[],"_links":{"self":[{"href":"https:\/\/shop.kustom.ch\/fr\/wp-json\/wp\/v2\/product\/542915"}],"collection":[{"href":"https:\/\/shop.kustom.ch\/fr\/wp-json\/wp\/v2\/product"}],"about":[{"href":"https:\/\/shop.kustom.ch\/fr\/wp-json\/wp\/v2\/types\/product"}],"wp:featuredmedia":[{"embeddable":true,"href":"https:\/\/shop.kustom.ch\/fr\/wp-json\/wp\/v2\/media\/542955"}],"wp:attachment":[{"href":"https:\/\/shop.kustom.ch\/fr\/wp-json\/wp\/v2\/media?parent=542915"}],"wp:term":[{"taxonomy":"product_brand","embeddable":true,"href":"https:\/\/shop.kustom.ch\/fr\/wp-json\/wp\/v2\/product_brand?post=542915"},{"taxonomy":"product_cat","embeddable":true,"href":"https:\/\/shop.kustom.ch\/fr\/wp-json\/wp\/v2\/product_cat?post=542915"},{"taxonomy":"product_tag","embeddable":true,"href":"https:\/\/shop.kustom.ch\/fr\/wp-json\/wp\/v2\/product_tag?post=542915"}],"curies":[{"name":"wp","href":"https:\/\/api.w.org\/{rel}","templated":true}]}}