{"id":542424,"date":"2025-03-04T00:31:07","date_gmt":"2025-03-03T23:31:07","guid":{"rendered":"https:\/\/shop.kustom.ch\/?post_type=product&#038;p=542424"},"modified":"2026-03-30T13:06:58","modified_gmt":"2026-03-30T12:06:58","slug":"polo-shirt-accelerate-safe-3","status":"publish","type":"product","link":"https:\/\/shop.kustom.ch\/fr\/produit\/polo-shirt-accelerate-safe-3\/","title":{"rendered":"Polo ACCELERATE SAFE"},"content":{"rendered":"<p>Premium. Couleur contrast\u00e9e fluorescente. Bicolore, avec des couleurs diff\u00e9rentes. Coupe moderne. Coton agr\u00e9able \u00e0 l'int\u00e9rieur et polyester r\u00e9sistant avec stretch \u00e0 l'ext\u00e9rieur. Motif jacquard carr\u00e9. Col en tricot. Patte de boutonnage avec boutons cach\u00e9s. Bandeau de cou.<\/p>\n<p>OEKO-TEX\u00ae STANDARD 100 ; EN 17353 (type A) ; EN 13758-2 UPF 40<br \/>\n50% polyester\/50% coton<br \/>\nTricot au m\u00e8tre. Peut r\u00e9tr\u00e9cir au maximum de 5%. Le produit est certifi\u00e9 comme conservant ses propri\u00e9t\u00e9s apr\u00e8s 50 lavages \u00e0 domicile.<br \/>\n150 g\/m<br \/>\nLavage de couleur, max. 60\u00b0 C ; Pas de blanchiment ; Supporte le s\u00e8che-linge - temp\u00e9rature de d\u00e9part max. 60\u00b0 C ; Pas de repassage ; Supporte le nettoyage normal<\/p>\n<p><a href=\"https:\/\/mascotsitecore-1ccb8.kxcdn.com\/pdf\/22083-771-01014-de.pdf\" target=\"_blank\" rel=\"noopener\"><u>Ouvrir la fiche produit<\/u><\/a><\/p>","protected":false},"excerpt":{"rendered":"<ul>\n<li>Ce tissu est compos\u00e9 de polyester \u00e0 l'ext\u00e9rieur pour plus de r\u00e9sistance et de solidit\u00e9 des couleurs et de coton \u00e0 l'int\u00e9rieur pour plus de confort.<\/li>\n<li>Coupe moderne, pr\u00e8s du corps, offrant une grande libert\u00e9 de mouvement.<\/li>\n<li>Les coutures au niveau du cou sont cach\u00e9es par un mat\u00e9riau doux et rembourr\u00e9, de sorte qu'elles ne g\u00eanent pas.<\/li>\n<\/ul>","protected":false},"featured_media":542448,"template":"","meta":[],"product_brand":[],"product_cat":[4193],"product_tag":[],"class_list":{"0":"post-542424","1":"product","2":"type-product","3":"status-publish","4":"has-post-thumbnail","6":"product_cat-polos","7":"pa_brand-mascot","8":"pa_brand-type-workwear","9":"pa_filter-color-gelb","10":"pa_filter-color-orange","11":"pa_filter-color-schwarz","13":"first","14":"instock","15":"sale","16":"taxable","17":"shipping-taxable","18":"purchasable","19":"product-type-variable","20":"add-to-wishlist-before_image"},"exclude_global_add_ons":[],"addons":[],"acf":[],"_links":{"self":[{"href":"https:\/\/shop.kustom.ch\/fr\/wp-json\/wp\/v2\/product\/542424"}],"collection":[{"href":"https:\/\/shop.kustom.ch\/fr\/wp-json\/wp\/v2\/product"}],"about":[{"href":"https:\/\/shop.kustom.ch\/fr\/wp-json\/wp\/v2\/types\/product"}],"wp:featuredmedia":[{"embeddable":true,"href":"https:\/\/shop.kustom.ch\/fr\/wp-json\/wp\/v2\/media\/542448"}],"wp:attachment":[{"href":"https:\/\/shop.kustom.ch\/fr\/wp-json\/wp\/v2\/media?parent=542424"}],"wp:term":[{"taxonomy":"product_brand","embeddable":true,"href":"https:\/\/shop.kustom.ch\/fr\/wp-json\/wp\/v2\/product_brand?post=542424"},{"taxonomy":"product_cat","embeddable":true,"href":"https:\/\/shop.kustom.ch\/fr\/wp-json\/wp\/v2\/product_cat?post=542424"},{"taxonomy":"product_tag","embeddable":true,"href":"https:\/\/shop.kustom.ch\/fr\/wp-json\/wp\/v2\/product_tag?post=542424"}],"curies":[{"name":"wp","href":"https:\/\/api.w.org\/{rel}","templated":true}]}}