{"id":542375,"date":"2025-03-04T00:30:32","date_gmt":"2025-03-03T23:30:32","guid":{"rendered":"https:\/\/shop.kustom.ch\/?post_type=product&#038;p=542375"},"modified":"2026-03-30T13:06:52","modified_gmt":"2026-03-30T12:06:52","slug":"hose-fuer-kinder-accelerate-safe","status":"publish","type":"product","link":"https:\/\/shop.kustom.ch\/fr\/produit\/hose-fuer-kinder-accelerate-safe\/","title":{"rendered":"Pantalon pour enfants ACCELERATE SAFE"},"content":{"rendered":"<p>Bicolore, avec des couleurs vives. Couleur fluorescente contrast\u00e9e et avec des reflets. Avec une finition hydrofuge. Tissu stretch ultime, l\u00e9ger et tr\u00e8s r\u00e9sistant. Coutures \u00e0 double rabattage sur les jambes et \u00e0 l'entrejambe. Taille basse. Passants de ceinture. Les jambes du pantalon ont une forme ergonomique. Braguette avec fermeture \u00e0 glissi\u00e8re. Poches sur le devant. Poches arri\u00e8re avec rabat. Poches avec rabat sur le devant de la cuisse. Renforts en CORDURA\u00ae (500 D) aux genoux. Avec effets d'impression.<\/p>\n<p>OEKO-TEX\u00ae STANDARD 100<br \/>\n92% Polyamide\/8% \u00c9lasthanne<br \/>\nSTRETCH ULTIME. Peut r\u00e9tr\u00e9cir au maximum de 2%.<br \/>\n235 g\/m<br \/>\nLinge d\u00e9licat, max. 40\u00b0 C ; Ne pas blanchir ; Ne pas s\u00e9cher au s\u00e8che-linge ; Repasser \u00e0 basse temp\u00e9rature, max. 100\u00b0 C ; Supporte le nettoyage normal<\/p>\n<p><a href=\"https:\/\/mascotsitecore-1ccb8.kxcdn.com\/pdf\/19979-311-0917-de.pdf\" target=\"_blank\" rel=\"noopener\"><u>Ouvrir la fiche produit<\/u><\/a><\/p>","protected":false},"excerpt":{"rendered":"<ul>\n<li>Le tissu stretch est \u00e9lastique dans toutes les directions et offre une libert\u00e9 de mouvement in\u00e9gal\u00e9e, o\u00f9 rien ne tire ou ne g\u00eane.<\/li>\n<li>Le tissu stretch multifonctionnel combine un faible poids avec une tr\u00e8s grande r\u00e9sistance \u00e0 l'usure et est en outre hydrofuge.<\/li>\n<li>Jambes de pantalons ergonomiques, form\u00e9es selon les mouvements naturels du corps.<\/li>\n<li>Poches avec rabat sur le devant de la cuisse.<\/li>\n<li>Renforts en CORDURA\u00ae (500 D) au niveau des genoux.<\/li>\n<\/ul>","protected":false},"featured_media":542391,"template":"","meta":[],"product_brand":[],"product_cat":[4185],"product_tag":[],"class_list":{"0":"post-542375","1":"product","2":"type-product","3":"status-publish","4":"has-post-thumbnail","6":"product_cat-hosen","7":"pa_brand-mascot","8":"pa_brand-type-workwear","9":"pa_filter-color-gelb","10":"pa_filter-color-rot","11":"pa_filter-color-schwarz","13":"first","14":"instock","15":"sale","16":"taxable","17":"shipping-taxable","18":"purchasable","19":"product-type-variable","20":"add-to-wishlist-before_image"},"exclude_global_add_ons":[],"addons":[],"acf":[],"_links":{"self":[{"href":"https:\/\/shop.kustom.ch\/fr\/wp-json\/wp\/v2\/product\/542375"}],"collection":[{"href":"https:\/\/shop.kustom.ch\/fr\/wp-json\/wp\/v2\/product"}],"about":[{"href":"https:\/\/shop.kustom.ch\/fr\/wp-json\/wp\/v2\/types\/product"}],"wp:featuredmedia":[{"embeddable":true,"href":"https:\/\/shop.kustom.ch\/fr\/wp-json\/wp\/v2\/media\/542391"}],"wp:attachment":[{"href":"https:\/\/shop.kustom.ch\/fr\/wp-json\/wp\/v2\/media?parent=542375"}],"wp:term":[{"taxonomy":"product_brand","embeddable":true,"href":"https:\/\/shop.kustom.ch\/fr\/wp-json\/wp\/v2\/product_brand?post=542375"},{"taxonomy":"product_cat","embeddable":true,"href":"https:\/\/shop.kustom.ch\/fr\/wp-json\/wp\/v2\/product_cat?post=542375"},{"taxonomy":"product_tag","embeddable":true,"href":"https:\/\/shop.kustom.ch\/fr\/wp-json\/wp\/v2\/product_tag?post=542375"}],"curies":[{"name":"wp","href":"https:\/\/api.w.org\/{rel}","templated":true}]}}