{"id":542349,"date":"2025-03-04T00:30:28","date_gmt":"2025-03-03T23:30:28","guid":{"rendered":"https:\/\/shop.kustom.ch\/?post_type=product&#038;p=542349"},"modified":"2026-03-30T13:06:36","modified_gmt":"2026-03-30T12:06:36","slug":"fleecepullover-fuer-kinder-accelerate-safe","status":"publish","type":"product","link":"https:\/\/shop.kustom.ch\/fr\/produit\/fleecepullover-fuer-kinder-accelerate-safe\/","title":{"rendered":"Pull polaire pour enfants ACCELERATE SAFE"},"content":{"rendered":"<p>Bicolore, avec une fermeture \u00e0 glissi\u00e8re. Fermeture \u00e0 glissi\u00e8re au cou, avec rabat de protection contre les intemp\u00e9ries. Poches avant avec fermeture \u00e0 glissi\u00e8re. \u00c9lastique aux poignets et dans le bas. Effets r\u00e9fl\u00e9chissants.<\/p>\n<p>OEKO-TEX\u00ae STANDARD 100<br \/>\n94% Polyester\/6% \u00c9lasthanne<br \/>\nTissu polaire au m\u00e8tre. Peut r\u00e9tr\u00e9cir au maximum 3%.<br \/>\n260 g\/m<br \/>\nLinge d\u00e9licat, max. 40\u00b0 C ; Ne pas blanchir ; Ne pas s\u00e9cher au s\u00e8che-linge ; Ne pas repasser ; Supporte le nettoyage normal<\/p>\n<p><a href=\"https:\/\/mascotsitecore-1ccb8.kxcdn.com\/pdf\/19903-316-1709-de.pdf\" target=\"_blank\" rel=\"noopener\"><u>Ouvrir la fiche produit<\/u><\/a><\/p>","protected":false},"excerpt":{"rendered":"<ul>\n<li>Fermeture \u00e0 glissi\u00e8re au cou avec rabat de protection contre les intemp\u00e9ries.<\/li>\n<li>Poches avant zipp\u00e9es pour un rangement s\u00fbr.<\/li>\n<li>Avec des \u00e9lastiques aux manches et \u00e0 l'ourlet.<\/li>\n<li>Am\u00e9lioration de la visibilit\u00e9 pour l'entourage \u00e0 l'aide d'effets r\u00e9fl\u00e9chissants.<\/li>\n<\/ul>","protected":false},"featured_media":542387,"template":"","meta":[],"product_brand":[],"product_cat":[4184],"product_tag":[],"class_list":{"0":"post-542349","1":"product","2":"type-product","3":"status-publish","4":"has-post-thumbnail","6":"product_cat-hoodies-pullover","7":"pa_brand-mascot","8":"pa_brand-type-workwear","9":"pa_filter-color-gelb","10":"pa_filter-color-rot","11":"pa_filter-color-schwarz","13":"first","14":"instock","15":"sale","16":"taxable","17":"shipping-taxable","18":"purchasable","19":"product-type-variable","20":"add-to-wishlist-before_image"},"exclude_global_add_ons":[],"addons":[],"acf":[],"_links":{"self":[{"href":"https:\/\/shop.kustom.ch\/fr\/wp-json\/wp\/v2\/product\/542349"}],"collection":[{"href":"https:\/\/shop.kustom.ch\/fr\/wp-json\/wp\/v2\/product"}],"about":[{"href":"https:\/\/shop.kustom.ch\/fr\/wp-json\/wp\/v2\/types\/product"}],"wp:featuredmedia":[{"embeddable":true,"href":"https:\/\/shop.kustom.ch\/fr\/wp-json\/wp\/v2\/media\/542387"}],"wp:attachment":[{"href":"https:\/\/shop.kustom.ch\/fr\/wp-json\/wp\/v2\/media?parent=542349"}],"wp:term":[{"taxonomy":"product_brand","embeddable":true,"href":"https:\/\/shop.kustom.ch\/fr\/wp-json\/wp\/v2\/product_brand?post=542349"},{"taxonomy":"product_cat","embeddable":true,"href":"https:\/\/shop.kustom.ch\/fr\/wp-json\/wp\/v2\/product_cat?post=542349"},{"taxonomy":"product_tag","embeddable":true,"href":"https:\/\/shop.kustom.ch\/fr\/wp-json\/wp\/v2\/product_tag?post=542349"}],"curies":[{"name":"wp","href":"https:\/\/api.w.org\/{rel}","templated":true}]}}