{"id":542321,"date":"2025-03-04T00:29:57","date_gmt":"2025-03-03T23:29:57","guid":{"rendered":"https:\/\/shop.kustom.ch\/?post_type=product&#038;p=542321"},"modified":"2026-03-30T13:06:31","modified_gmt":"2026-03-30T12:06:31","slug":"hard-shell-jacke-fuer-kinder-accelerate-safe","status":"publish","type":"product","link":"https:\/\/shop.kustom.ch\/fr\/produit\/hard-shell-jacke-fuer-kinder-accelerate-safe\/","title":{"rendered":"Veste hard shell pour enfants ACCELERATE SAFE"},"content":{"rendered":"<p>Bicolore, il se distingue par sa couleur. Fluorescent et avec des reflets obliques. Excellentes propri\u00e9t\u00e9s respirantes et imperm\u00e9ables au vent et \u00e0 l'eau. Les coutures sont coll\u00e9es. Capuche doubl\u00e9e amovible avec empi\u00e8cement \u00e9lastique. Fermeture par zip et rabat de protection contre les intemp\u00e9ries. Poches avant avec fermeture \u00e9clair. Elastique aux poignets. \u00c9lastique dans le bord inf\u00e9rieur sur les c\u00f4t\u00e9s.<\/p>\n<p>OEKO-TEX\u00ae STANDARD 100<br \/>\n100% Polyester<br \/>\nRipstop (tissu \u00e0 mailles serr\u00e9es). Peut r\u00e9tr\u00e9cir au maximum de 2%.<br \/>\n210 g\/m\u00b2 (1,5 lb)<br \/>\nLinge d\u00e9licat, max. 40\u00b0 C ; Ne pas blanchir ; Ne pas s\u00e9cher au s\u00e8che-linge ; Ne pas repasser ; Supporte le nettoyage normal<\/p>\n<p><a href=\"https:\/\/mascotsitecore-1ccb8.kxcdn.com\/pdf\/19901-449-1709-de.pdf\" target=\"_blank\" rel=\"noopener\"><u>Ouvrir la fiche produit<\/u><\/a><\/p>","protected":false},"excerpt":{"rendered":"<ul>\n<li>Respirant, \u00e9tanche au vent et \u00e0 l'eau avec coutures scell\u00e9es.<\/li>\n<li>Capuche amovible avec doublure.<\/li>\n<li>Avec fermeture \u00e9clair et rabat de protection contre les intemp\u00e9ries qui emp\u00eache le vent de passer.<\/li>\n<li>Poches avant zipp\u00e9es pour un rangement s\u00fbr.<\/li>\n<li>\u00c9lastique aux poignets et dans le bas.<\/li>\n<\/ul>","protected":false},"featured_media":542323,"template":"","meta":[],"product_brand":[],"product_cat":[4186],"product_tag":[],"class_list":{"0":"post-542321","1":"product","2":"type-product","3":"status-publish","4":"has-post-thumbnail","6":"product_cat-jacken","7":"pa_brand-mascot","8":"pa_brand-type-workwear","9":"pa_filter-color-gelb","10":"pa_filter-color-rot","11":"pa_filter-color-schwarz","13":"first","14":"instock","15":"sale","16":"taxable","17":"shipping-taxable","18":"purchasable","19":"product-type-variable","20":"add-to-wishlist-before_image"},"exclude_global_add_ons":[],"addons":[],"acf":[],"_links":{"self":[{"href":"https:\/\/shop.kustom.ch\/fr\/wp-json\/wp\/v2\/product\/542321"}],"collection":[{"href":"https:\/\/shop.kustom.ch\/fr\/wp-json\/wp\/v2\/product"}],"about":[{"href":"https:\/\/shop.kustom.ch\/fr\/wp-json\/wp\/v2\/types\/product"}],"wp:featuredmedia":[{"embeddable":true,"href":"https:\/\/shop.kustom.ch\/fr\/wp-json\/wp\/v2\/media\/542323"}],"wp:attachment":[{"href":"https:\/\/shop.kustom.ch\/fr\/wp-json\/wp\/v2\/media?parent=542321"}],"wp:term":[{"taxonomy":"product_brand","embeddable":true,"href":"https:\/\/shop.kustom.ch\/fr\/wp-json\/wp\/v2\/product_brand?post=542321"},{"taxonomy":"product_cat","embeddable":true,"href":"https:\/\/shop.kustom.ch\/fr\/wp-json\/wp\/v2\/product_cat?post=542321"},{"taxonomy":"product_tag","embeddable":true,"href":"https:\/\/shop.kustom.ch\/fr\/wp-json\/wp\/v2\/product_tag?post=542321"}],"curies":[{"name":"wp","href":"https:\/\/api.w.org\/{rel}","templated":true}]}}