{"id":541979,"date":"2025-03-04T00:27:07","date_gmt":"2025-03-03T23:27:07","guid":{"rendered":"https:\/\/shop.kustom.ch\/?post_type=product&#038;p=541979"},"modified":"2026-03-30T13:05:47","modified_gmt":"2026-03-30T12:05:47","slug":"hose-mit-knietaschen-accelerate-safe-9","status":"publish","type":"product","link":"https:\/\/shop.kustom.ch\/fr\/produit\/hose-mit-knietaschen-accelerate-safe-9\/","title":{"rendered":"Pantalon avec poches genouill\u00e8res ACCELERATE SAFE"},"content":{"rendered":"<p>Forme f\u00e9minine DIAMOND. Couleur contrast\u00e9e fluorescente et avec des reflets. Bicolore, en deux couleurs. Certaines parties du produit sont en tissu stretch. Combinaison de la qualit\u00e9 de tissu l\u00e9ger 236 et de la qualit\u00e9 de tissu ULTIMATE STRETCH 511. Coutures \u00e0 double rabat sur les jambes et \u00e0 l'entrejambe. Fermeture \u00e0 boutons dissimul\u00e9e. Fermeture \u00e0 glissi\u00e8re. Les jambes du pantalon ont une forme ergonomique. Passants de ceinture. Anneau en D. Poches \u00e0 l'avant. Poches arri\u00e8re renforc\u00e9es. Passant pour marteau dissimul\u00e9 sur le c\u00f4t\u00e9 droit. Poche m\u00e8tre renforc\u00e9e. Poches avec rabat sur le devant de la cuisse. Poches genouill\u00e8res en CORDURA\u00ae (500 D) r\u00e9sistant \u00e0 l'usure, r\u00e9glables en hauteur. R\u00e9glage simple et individuel de la hauteur des poches genouill\u00e8res. Poche sur la cuisse avec poche pour t\u00e9l\u00e9phone portable, rabat et boutons-pression cach\u00e9s. Avec effets d'impression. Pr\u00e9par\u00e9 pour les poches suspendues 19450-126, qui se fixent avec des boutons. L'entrejambe peut \u00eatre rallong\u00e9 de 3 cm en coupant la couture rouge \u00e0 l'int\u00e9rieur du bas de jambe. Pour ce mod\u00e8le, nous recommandons les genouill\u00e8res suivantes : 00418-100, 00718-100, 50451-916 ou 20118-915. Certifi\u00e9 avec les genouill\u00e8res de type SHORT ou LONG selon EN 14404.<\/p>\n<p>OEKO-TEX\u00ae STANDARD 100 ; EN ISO 20471 - Classe 1 ; Hi-Vis Groupe Z ; ProWash\u00ae.<br \/>\n70% Polyester\/30% Coton<br \/>\nTwill\/ripstop. Peut r\u00e9tr\u00e9cir au maximum de 2%. Le produit poss\u00e8de une certification selon laquelle il conserve ses propri\u00e9t\u00e9s lors de 50 lavages \u00e0 domicile ou \u2265 25 lavages industriels.<br \/>\n215 g\/m<br \/>\nLavage de couleur, max. 60\u00b0 C ; Pas de blanchiment ; Supporte le s\u00e8che-linge - temp\u00e9rature de d\u00e9part max. 80\u00b0 C ; Pas de repassage ; Supporte le nettoyage normal<\/p>\n<p><a href=\"https:\/\/mascotsitecore-1ccb8.kxcdn.com\/pdf\/19678-236-01014-de.pdf\" target=\"_blank\" rel=\"noopener\"><u>Ouvrir la fiche produit<\/u><\/a><\/p>","protected":false},"excerpt":{"rendered":"<ul>\n<li>Diamond Fit est sp\u00e9cialement con\u00e7u pour les femmes qui ont une diff\u00e9rence de plus de 20 cm entre leur taille et leurs hanches.<\/li>\n<li>Tissu l\u00e9ger et solide avec ripstop. Le ripstop est un tissage particuli\u00e8rement r\u00e9sistant \u00e0 la d\u00e9chirure, qui permet au tissu de durer longtemps.<\/li>\n<li>Le produit est une combinaison de tissu solide et de tissu stretch. Le tissu stretch se trouve l\u00e0 o\u00f9 une libert\u00e9 de mouvement suppl\u00e9mentaire est n\u00e9cessaire.<\/li>\n<li>Jambes de pantalons ergonomiques, form\u00e9es selon les mouvements naturels du corps.<\/li>\n<li>Les poches genouill\u00e8res en tissu CORDURA\u00ae r\u00e9sistant sont r\u00e9glables, de sorte que la protection des genoux soit toujours plac\u00e9e de mani\u00e8re optimale.<\/li>\n<li>Pr\u00e9par\u00e9 pour les sacs suspendus 19450-126, fix\u00e9s par des boutons.<\/li>\n<li>Certifi\u00e9 pour une utilisation avec les genouill\u00e8res MASCOT de type SHORT ou LONG, car la poche de genouill\u00e8re est r\u00e9glable en hauteur.<\/li>\n<li>Le produit est adapt\u00e9 au lavage industriel.<\/li>\n<\/ul>","protected":false},"featured_media":542014,"template":"","meta":[],"product_brand":[],"product_cat":[4185],"product_tag":[],"class_list":{"0":"post-541979","1":"product","2":"type-product","3":"status-publish","4":"has-post-thumbnail","6":"product_cat-hosen","7":"pa_brand-mascot","8":"pa_brand-type-workwear","9":"pa_filter-color-gelb","10":"pa_filter-color-grau","11":"pa_filter-color-orange","12":"pa_filter-color-rot","13":"pa_filter-color-schwarz","15":"first","16":"instock","17":"sale","18":"taxable","19":"shipping-taxable","20":"purchasable","21":"product-type-variable","22":"add-to-wishlist-before_image"},"exclude_global_add_ons":[],"addons":[],"acf":[],"_links":{"self":[{"href":"https:\/\/shop.kustom.ch\/fr\/wp-json\/wp\/v2\/product\/541979"}],"collection":[{"href":"https:\/\/shop.kustom.ch\/fr\/wp-json\/wp\/v2\/product"}],"about":[{"href":"https:\/\/shop.kustom.ch\/fr\/wp-json\/wp\/v2\/types\/product"}],"wp:featuredmedia":[{"embeddable":true,"href":"https:\/\/shop.kustom.ch\/fr\/wp-json\/wp\/v2\/media\/542014"}],"wp:attachment":[{"href":"https:\/\/shop.kustom.ch\/fr\/wp-json\/wp\/v2\/media?parent=541979"}],"wp:term":[{"taxonomy":"product_brand","embeddable":true,"href":"https:\/\/shop.kustom.ch\/fr\/wp-json\/wp\/v2\/product_brand?post=541979"},{"taxonomy":"product_cat","embeddable":true,"href":"https:\/\/shop.kustom.ch\/fr\/wp-json\/wp\/v2\/product_cat?post=541979"},{"taxonomy":"product_tag","embeddable":true,"href":"https:\/\/shop.kustom.ch\/fr\/wp-json\/wp\/v2\/product_tag?post=541979"}],"curies":[{"name":"wp","href":"https:\/\/api.w.org\/{rel}","templated":true}]}}