{"id":541890,"date":"2025-03-04T00:26:35","date_gmt":"2025-03-03T23:26:35","guid":{"rendered":"https:\/\/shop.kustom.ch\/?post_type=product&#038;p=541890"},"modified":"2026-03-30T13:05:29","modified_gmt":"2026-03-30T12:05:29","slug":"ueberziehhose-accelerate-safe","status":"publish","type":"product","link":"https:\/\/shop.kustom.ch\/fr\/produit\/ueberziehhose-accelerate-safe\/","title":{"rendered":"Sur-pantalon ACCELERATE SAFE"},"content":{"rendered":"<p>Fluorescent avec reflets. Tissu tr\u00e8s r\u00e9sistant, respirant, coupe-vent et imperm\u00e9able. Les coutures sont coll\u00e9es. Ouvertures zipp\u00e9es sur le devant des deux c\u00f4t\u00e9s, de sorte que les poches sur les cuisses peuvent \u00eatre pass\u00e9es par les ouvertures du pantalon en dessous. Les jambes du pantalon ont une forme ergonomique. Passants de ceinture. Anneau en D. \u00c9lastique et cordon de serrage \u00e0 la taille. Poche m\u00e8tre renforc\u00e9e avec petite poche \u00e0 l'ext\u00e9rieur. Poches genouill\u00e8res en polyester, r\u00e9glables en hauteur. R\u00e9glage simple et individuel de la hauteur des poches genouill\u00e8res. Fermeture \u00e9clair avec rabat de protection contre les intemp\u00e9ries \u00e0 l'ext\u00e9rieur de la jambe. Ceinture \u00e0 c\u00f4tes \u00e0 l'int\u00e9rieur de la jambe du pantalon. Pour ce mod\u00e8le, nous recommandons les protections de genoux suivantes : 00418-100, 00718-100, 50451-916 ou 20118-915. Certifi\u00e9 avec le type de genouill\u00e8re SHORT ou LONG selon EN 14404.<\/p>\n<p>OEKO-TEX\u00ae STANDARD 100 ; Hi-Vis groupe Y ; EN ISO 20471 - classe 2 ; EN 343 4-4-X<br \/>\n100% Polyester<br \/>\nRipstop (tissu \u00e0 mailles serr\u00e9es). Peut r\u00e9tr\u00e9cir au maximum de 2%. Le produit est certifi\u00e9 selon la norme EN ISO 20471 pour conserver ses propri\u00e9t\u00e9s pendant 50 lavages \u00e0 domicile.<br \/>\n210 g\/m\u00b2 (1,5 lb)<br \/>\nLinge d\u00e9licat, max. 40\u00b0 C ; Ne pas blanchir ; Ne pas s\u00e9cher au s\u00e8che-linge ; Ne pas repasser ; Supporte le nettoyage normal<\/p>\n<p><a href=\"https:\/\/mascotsitecore-1ccb8.kxcdn.com\/pdf\/19590-449-14-de.pdf\" target=\"_blank\" rel=\"noopener\"><u>Ouvrir la fiche produit<\/u><\/a><\/p>","protected":false},"excerpt":{"rendered":"<ul>\n<li>Respirant, \u00e9tanche au vent et \u00e0 l'eau avec coutures scell\u00e9es.<\/li>\n<li>Extr\u00eamement r\u00e9sistant.<\/li>\n<li>Jambes de pantalons ergonomiques, form\u00e9es selon les mouvements naturels du corps.<\/li>\n<li>\u00c9lastique et cordon de serrage \u00e0 la taille.<\/li>\n<li>Fermeture \u00e0 glissi\u00e8re sur l'ext\u00e9rieur de la jambe.<\/li>\n<li>Certifi\u00e9 pour une utilisation avec les genouill\u00e8res MASCOT de type SHORT ou LONG, car la poche de genouill\u00e8re est r\u00e9glable en hauteur.<\/li>\n<\/ul>","protected":false},"featured_media":541949,"template":"","meta":[],"product_brand":[],"product_cat":[4185],"product_tag":[],"class_list":{"0":"post-541890","1":"product","2":"type-product","3":"status-publish","4":"has-post-thumbnail","6":"product_cat-hosen","7":"pa_brand-mascot","8":"pa_brand-type-workwear","9":"pa_filter-color-gelb","10":"pa_filter-color-orange","11":"pa_filter-color-rot","13":"first","14":"instock","15":"sale","16":"taxable","17":"shipping-taxable","18":"purchasable","19":"product-type-variable","20":"add-to-wishlist-before_image"},"exclude_global_add_ons":[],"addons":[],"acf":[],"_links":{"self":[{"href":"https:\/\/shop.kustom.ch\/fr\/wp-json\/wp\/v2\/product\/541890"}],"collection":[{"href":"https:\/\/shop.kustom.ch\/fr\/wp-json\/wp\/v2\/product"}],"about":[{"href":"https:\/\/shop.kustom.ch\/fr\/wp-json\/wp\/v2\/types\/product"}],"wp:featuredmedia":[{"embeddable":true,"href":"https:\/\/shop.kustom.ch\/fr\/wp-json\/wp\/v2\/media\/541949"}],"wp:attachment":[{"href":"https:\/\/shop.kustom.ch\/fr\/wp-json\/wp\/v2\/media?parent=541890"}],"wp:term":[{"taxonomy":"product_brand","embeddable":true,"href":"https:\/\/shop.kustom.ch\/fr\/wp-json\/wp\/v2\/product_brand?post=541890"},{"taxonomy":"product_cat","embeddable":true,"href":"https:\/\/shop.kustom.ch\/fr\/wp-json\/wp\/v2\/product_cat?post=541890"},{"taxonomy":"product_tag","embeddable":true,"href":"https:\/\/shop.kustom.ch\/fr\/wp-json\/wp\/v2\/product_tag?post=541890"}],"curies":[{"name":"wp","href":"https:\/\/api.w.org\/{rel}","templated":true}]}}