{"id":541240,"date":"2025-03-04T00:21:15","date_gmt":"2025-03-03T23:21:15","guid":{"rendered":"https:\/\/shop.kustom.ch\/?post_type=product&#038;p=541240"},"modified":"2026-03-30T13:04:24","modified_gmt":"2026-03-30T12:04:24","slug":"hose-mit-knietaschen-accelerate-safe-6","status":"publish","type":"product","link":"https:\/\/shop.kustom.ch\/fr\/produit\/hose-mit-knietaschen-accelerate-safe-6\/","title":{"rendered":"Pantalon avec poches genouill\u00e8res ACCELERATE SAFE"},"content":{"rendered":"<p>Fluorescent avec des reflets. Avec une finition hydrofuge. En deux couleurs. Tissu stretch ultime, l\u00e9ger et tr\u00e8s r\u00e9sistant. Coutures \u00e0 double rabat sur les jambes et \u00e0 l'entrejambe. Fermeture \u00e0 boutons dissimul\u00e9e. Les jambes du pantalon ont une forme ergonomique. Passants de ceinture. Anneau en D. Braguette avec fermeture \u00e0 glissi\u00e8re. Poches \u00e0 l'avant. Poches arri\u00e8re renforc\u00e9es. Passant pour marteau, r\u00e9glable. Poche m\u00e8tre renforc\u00e9e. Bouton pour attacher un couteau. Poches avec rabat sur le devant de la cuisse. Poches genouill\u00e8res en CORDURA\u00ae (500 D) r\u00e9sistant \u00e0 l'usure, r\u00e9glables en hauteur. Poche sur la cuisse avec compartiment pour t\u00e9l\u00e9phone portable, rabat et fermeture velcro. Avec effets d'impression. Pr\u00e9par\u00e9 pour les poches suspendues 19450-126, qui se fixent avec des boutons. L'entrejambe peut \u00eatre rallong\u00e9 de 3 cm en coupant la couture rouge \u00e0 l'int\u00e9rieur du bas de jambe. Pour ce mod\u00e8le, nous recommandons les genouill\u00e8res suivantes : 00418-100, 00718-100, 50451-916 ou 20118-915. Certifi\u00e9 avec les genouill\u00e8res de type SHORT ou LONG selon EN 14404.<\/p>\n<p>OEKO-TEX\u00ae STANDARD 100 ; EN ISO 20471 - classe 2 ; Hi-Vis groupe Y<br \/>\n92% Polyester\/8% \u00c9lasthanne<br \/>\nSTRETCH ULTIME. Peut r\u00e9tr\u00e9cir au maximum de 2%. Le produit est certifi\u00e9 comme conservant ses propri\u00e9t\u00e9s apr\u00e8s 50 lavages \u00e0 la maison.<br \/>\n265 g\/m<br \/>\nLinge d\u00e9licat, max. 40\u00b0 C ; Ne pas blanchir ; Ne pas s\u00e9cher au s\u00e8che-linge ; Ne pas repasser ; Supporte le nettoyage normal<\/p>\n<p><a href=\"https:\/\/mascotsitecore-1ccb8.kxcdn.com\/pdf\/19479-711-14010-de.pdf\" target=\"_blank\" rel=\"noopener\"><u>Ouvrir la fiche produit<\/u><\/a><\/p>","protected":false},"excerpt":{"rendered":"<ul>\n<li>Le tissu stretch est \u00e9lastique dans toutes les directions et offre une libert\u00e9 de mouvement in\u00e9gal\u00e9e, o\u00f9 rien ne tire ou ne g\u00eane.<\/li>\n<li>Le tissu stretch multifonctionnel combine un faible poids avec une tr\u00e8s grande r\u00e9sistance \u00e0 l'usure et est en outre hydrofuge.<\/li>\n<li>Jambes de pantalons ergonomiques, form\u00e9es selon les mouvements naturels du corps.<\/li>\n<li>Poche m\u00e8tre renforc\u00e9e.<\/li>\n<li>Pr\u00e9par\u00e9 pour les sacs suspendus 19450-126, fix\u00e9s par des boutons.<\/li>\n<li>Les poches genouill\u00e8res en tissu CORDURA\u00ae r\u00e9sistant sont r\u00e9glables, de sorte que la protection des genoux soit toujours plac\u00e9e de mani\u00e8re optimale.<\/li>\n<li>Certifi\u00e9 pour une utilisation avec les genouill\u00e8res MASCOT de type SHORT ou LONG, car la poche de genouill\u00e8re est r\u00e9glable en hauteur.<\/li>\n<\/ul>","protected":false},"featured_media":541262,"template":"","meta":[],"product_brand":[],"product_cat":[4185],"product_tag":[],"class_list":{"0":"post-541240","1":"product","2":"type-product","3":"status-publish","4":"has-post-thumbnail","6":"product_cat-hosen","7":"pa_brand-mascot","8":"pa_brand-type-workwear","9":"pa_filter-color-blau","10":"pa_filter-color-gelb","11":"pa_filter-color-orange","12":"pa_filter-color-schwarz","14":"first","15":"instock","16":"sale","17":"taxable","18":"shipping-taxable","19":"purchasable","20":"product-type-variable","21":"add-to-wishlist-before_image"},"exclude_global_add_ons":[],"addons":[],"acf":[],"_links":{"self":[{"href":"https:\/\/shop.kustom.ch\/fr\/wp-json\/wp\/v2\/product\/541240"}],"collection":[{"href":"https:\/\/shop.kustom.ch\/fr\/wp-json\/wp\/v2\/product"}],"about":[{"href":"https:\/\/shop.kustom.ch\/fr\/wp-json\/wp\/v2\/types\/product"}],"wp:featuredmedia":[{"embeddable":true,"href":"https:\/\/shop.kustom.ch\/fr\/wp-json\/wp\/v2\/media\/541262"}],"wp:attachment":[{"href":"https:\/\/shop.kustom.ch\/fr\/wp-json\/wp\/v2\/media?parent=541240"}],"wp:term":[{"taxonomy":"product_brand","embeddable":true,"href":"https:\/\/shop.kustom.ch\/fr\/wp-json\/wp\/v2\/product_brand?post=541240"},{"taxonomy":"product_cat","embeddable":true,"href":"https:\/\/shop.kustom.ch\/fr\/wp-json\/wp\/v2\/product_cat?post=541240"},{"taxonomy":"product_tag","embeddable":true,"href":"https:\/\/shop.kustom.ch\/fr\/wp-json\/wp\/v2\/product_tag?post=541240"}],"curies":[{"name":"wp","href":"https:\/\/api.w.org\/{rel}","templated":true}]}}