{"id":540897,"date":"2025-03-04T00:18:59","date_gmt":"2025-03-03T23:18:59","guid":{"rendered":"https:\/\/shop.kustom.ch\/?post_type=product&#038;p=540897"},"modified":"2026-03-30T13:02:19","modified_gmt":"2026-03-30T12:02:19","slug":"hose-mit-schenkeltaschen-accelerate-safe","status":"publish","type":"product","link":"https:\/\/shop.kustom.ch\/fr\/produit\/hose-mit-schenkeltaschen-accelerate-safe\/","title":{"rendered":"Pantalon avec poches sur les cuisses ACCELERATE SAFE"},"content":{"rendered":"<p>Couleur contrast\u00e9e fluorescente et avec des reflets. Le polyester est fabriqu\u00e9 \u00e0 partir de mat\u00e9riaux recycl\u00e9s. Avec une finition hydrofuge. En deux couleurs. Faible poids. Tissu stretch ultime, particuli\u00e8rement l\u00e9ger et r\u00e9sistant. Coutures \u00e0 double rabat sur les jambes et \u00e0 l'entrejambe. Fermeture \u00e0 boutons dissimul\u00e9e. Les jambes du pantalon ont une forme ergonomique. Passants de ceinture. Braguette avec fermeture \u00e0 glissi\u00e8re. Poches \u00e0 l'avant. Poches arri\u00e8re renforc\u00e9es. Poches avec rabat sur le devant de la cuisse. Poche sur la cuisse avec poche pour t\u00e9l\u00e9phone portable, rabat et bouton-pression dissimul\u00e9 et porte-carte d'identit\u00e9 int\u00e9gr\u00e9. Porte-carte d'identit\u00e9 amovible. Poche sur la cuisse avec emplacement pour scanner \u00e0 main. Renforts en CORDURA\u00ae (1000 D) au niveau des genoux. Avec des effets d'impression. L'entrejambe peut \u00eatre rallong\u00e9 de 3 cm en coupant la couture rouge \u00e0 l'int\u00e9rieur du bas de la jambe.<\/p>\n<p>OEKO-TEX\u00ae STANDARD 100 ; EN ISO 20471 - Classe 1 ; Hi-Vis Groupe Z ; ProWash\u00ae.<br \/>\n83% Polyester recycl\u00e9\/17% \u00c9lastol\u00e9fine<br \/>\nSTRETCH ULTIME. Peut r\u00e9tr\u00e9cir au maximum de 2%. Le produit est certifi\u00e9 pour conserver ses propri\u00e9t\u00e9s apr\u00e8s 50 lavages \u00e0 domicile ou \u2265 25 lavages industriels.<br \/>\n205 g\/m\u00b2 (1,5 lb)<br \/>\nLavage de couleur, max. 60\u00b0 C ; Pas de blanchiment ; Supporte le s\u00e8che-linge - temp\u00e9rature de d\u00e9part max. 80\u00b0 C ; Pas de repassage ; Ne convient pas au nettoyage \u00e0 sec<\/p>\n<p><a href=\"https:\/\/mascotsitecore-1ccb8.kxcdn.com\/pdf\/19379-510-01014-de.pdf\" target=\"_blank\" rel=\"noopener\"><u>Ouvrir la fiche produit<\/u><\/a><\/p>","protected":false},"excerpt":{"rendered":"<ul>\n<li>Le tissu stretch est \u00e9lastique dans toutes les directions et offre une libert\u00e9 de mouvement in\u00e9gal\u00e9e, o\u00f9 rien ne tire ou ne g\u00eane.<\/li>\n<li>Le tissu stretch multifonctionnel combine un faible poids avec une tr\u00e8s grande r\u00e9sistance \u00e0 l'usure et est en outre hydrofuge.<\/li>\n<li>Jambes de pantalons ergonomiques, form\u00e9es selon les mouvements naturels du corps.<\/li>\n<li>Renforts en CORDURA\u00ae (1000 D) au niveau des genoux.<\/li>\n<li>Disponible en standard en trois longueurs d'entrejambe diff\u00e9rentes, pour la meilleure coupe individuelle et les d\u00e9tails les mieux plac\u00e9s.<\/li>\n<li>Le produit est adapt\u00e9 au lavage industriel.<\/li>\n<\/ul>","protected":false},"featured_media":540939,"template":"","meta":[],"product_brand":[],"product_cat":[4185],"product_tag":[],"class_list":{"0":"post-540897","1":"product","2":"type-product","3":"status-publish","4":"has-post-thumbnail","6":"product_cat-hosen","7":"pa_brand-mascot","8":"pa_brand-type-workwear","9":"pa_filter-color-gelb","10":"pa_filter-color-orange","11":"pa_filter-color-rot","12":"pa_filter-color-schwarz","14":"first","15":"instock","16":"sale","17":"taxable","18":"shipping-taxable","19":"purchasable","20":"product-type-variable","21":"add-to-wishlist-before_image"},"exclude_global_add_ons":[],"addons":[],"acf":[],"_links":{"self":[{"href":"https:\/\/shop.kustom.ch\/fr\/wp-json\/wp\/v2\/product\/540897"}],"collection":[{"href":"https:\/\/shop.kustom.ch\/fr\/wp-json\/wp\/v2\/product"}],"about":[{"href":"https:\/\/shop.kustom.ch\/fr\/wp-json\/wp\/v2\/types\/product"}],"wp:featuredmedia":[{"embeddable":true,"href":"https:\/\/shop.kustom.ch\/fr\/wp-json\/wp\/v2\/media\/540939"}],"wp:attachment":[{"href":"https:\/\/shop.kustom.ch\/fr\/wp-json\/wp\/v2\/media?parent=540897"}],"wp:term":[{"taxonomy":"product_brand","embeddable":true,"href":"https:\/\/shop.kustom.ch\/fr\/wp-json\/wp\/v2\/product_brand?post=540897"},{"taxonomy":"product_cat","embeddable":true,"href":"https:\/\/shop.kustom.ch\/fr\/wp-json\/wp\/v2\/product_cat?post=540897"},{"taxonomy":"product_tag","embeddable":true,"href":"https:\/\/shop.kustom.ch\/fr\/wp-json\/wp\/v2\/product_tag?post=540897"}],"curies":[{"name":"wp","href":"https:\/\/api.w.org\/{rel}","templated":true}]}}