{"id":540314,"date":"2025-03-04T00:14:48","date_gmt":"2025-03-03T23:14:48","guid":{"rendered":"https:\/\/shop.kustom.ch\/?post_type=product&#038;p=540314"},"modified":"2026-03-30T13:01:08","modified_gmt":"2026-03-30T12:01:08","slug":"hose-mit-knietaschen-accelerate-safe-5","status":"publish","type":"product","link":"https:\/\/shop.kustom.ch\/fr\/produit\/hose-mit-knietaschen-accelerate-safe-5\/","title":{"rendered":"Pantalon avec poches genouill\u00e8res ACCELERATE SAFE"},"content":{"rendered":"<p>Fluorescent avec des reflets. Le polyester est fabriqu\u00e9 \u00e0 partir de mat\u00e9riaux recycl\u00e9s. Avec une finition hydrofuge. En deux couleurs. Faible poids. Tissu stretch ultime, particuli\u00e8rement l\u00e9ger et r\u00e9sistant. Coutures \u00e0 double rabat sur les jambes et \u00e0 l'entrejambe. Fermeture \u00e0 boutons dissimul\u00e9e. Les jambes du pantalon ont une forme ergonomique. Passants de ceinture. Braguette avec fermeture \u00e0 glissi\u00e8re. Poches \u00e0 l'avant. Poches arri\u00e8re renforc\u00e9es. Passant pour marteau dissimul\u00e9 sur le c\u00f4t\u00e9 droit. Poche m\u00e8tre avec renforts Kevlar\u00ae. Poches avec rabat sur le devant de la cuisse. Poches genouill\u00e8res en CORDURA\u00ae (1000 D) super r\u00e9sistant, r\u00e9glables en hauteur. Poche sur la cuisse avec poche doubl\u00e9e pour t\u00e9l\u00e9phone portable, fermeture \u00e0 bouton-pression dissimul\u00e9e et porte-carte d'identit\u00e9 int\u00e9gr\u00e9. Porte-carte d'identit\u00e9 amovible. Fermeture \u00e0 glissi\u00e8re verticale pour l'a\u00e9ration \u00e0 l'arri\u00e8re de la cuisse. Avec effets d'impression. Pr\u00e9par\u00e9 pour les poches suspendues 19450-126 qui se fixent avec des boutons. L'entrejambe peut \u00eatre rallong\u00e9 de 3 cm en coupant la couture rouge \u00e0 l'int\u00e9rieur du bas de la jambe. Pour ce mod\u00e8le, nous recommandons les genouill\u00e8res suivantes : 00418-100, 00718-100, 50451-916 ou 20118-915. Certifi\u00e9 avec les genouill\u00e8res de type SHORT ou LONG selon EN 14404.<\/p>\n<p>OEKO-TEX\u00ae STANDARD 100 ; EN ISO 20471 - Classe 2 ; Hi-Vis groupe Y ; ProWash\u00ae.<br \/>\n83% Polyester recycl\u00e9\/17% \u00c9lastol\u00e9fine<br \/>\nSTRETCH ULTIME. Peut r\u00e9tr\u00e9cir au maximum de 2%. Le produit est certifi\u00e9 pour conserver ses propri\u00e9t\u00e9s apr\u00e8s 50 lavages \u00e0 domicile ou \u2265 25 lavages industriels.<br \/>\n205 g\/m\u00b2 (1,5 lb)<br \/>\nLavage de couleur, max. 60\u00b0 C ; Pas de blanchiment ; Supporte le s\u00e8che-linge - temp\u00e9rature de d\u00e9part max. 80\u00b0 C ; Pas de repassage ; Ne convient pas au nettoyage \u00e0 sec<\/p>\n<p><a href=\"https:\/\/mascotsitecore-1ccb8.kxcdn.com\/pdf\/19279-510-14010-de.pdf\" target=\"_blank\" rel=\"noopener\"><u>Ouvrir la fiche produit<\/u><\/a><\/p>","protected":false},"excerpt":{"rendered":"<ul>\n<li>Le tissu stretch est \u00e9lastique dans toutes les directions et offre une libert\u00e9 de mouvement in\u00e9gal\u00e9e, o\u00f9 rien ne tire ou ne g\u00eane.<\/li>\n<li>Le tissu stretch multifonctionnel combine un faible poids avec une tr\u00e8s grande r\u00e9sistance \u00e0 l'usure et est en outre hydrofuge.<\/li>\n<li>Jambes de pantalons ergonomiques, form\u00e9es selon les mouvements naturels du corps.<\/li>\n<li>Poche m\u00e8tre pliant avec renforts Kevlar\u00ae - particuli\u00e8rement r\u00e9sistante aux objets pointus et tranchants.<\/li>\n<li>Pr\u00e9par\u00e9 pour les sacs suspendus 19450-126, fix\u00e9s par des boutons.<\/li>\n<li>A\u00e9ration efficace sur la jambe gr\u00e2ce \u00e0 la fermeture \u00e9clair sur la cuisse.<\/li>\n<li>Les poches genouill\u00e8res en tissu CORDURA\u00ae r\u00e9sistant sont r\u00e9glables, de sorte que la protection des genoux soit toujours plac\u00e9e de mani\u00e8re optimale.<\/li>\n<li>Certifi\u00e9 pour une utilisation avec les genouill\u00e8res MASCOT de type SHORT ou LONG, car la poche de genouill\u00e8re est r\u00e9glable en hauteur.<\/li>\n<li>Le produit est adapt\u00e9 au lavage industriel.<\/li>\n<\/ul>","protected":false},"featured_media":540350,"template":"","meta":[],"product_brand":[],"product_cat":[4185],"product_tag":[],"class_list":{"0":"post-540314","1":"product","2":"type-product","3":"status-publish","4":"has-post-thumbnail","6":"product_cat-hosen","7":"pa_brand-mascot","8":"pa_brand-type-workwear","9":"pa_filter-color-blau","10":"pa_filter-color-gelb","11":"pa_filter-color-grau","12":"pa_filter-color-orange","13":"pa_filter-color-schwarz","15":"first","16":"instock","17":"sale","18":"taxable","19":"shipping-taxable","20":"purchasable","21":"product-type-variable","22":"add-to-wishlist-before_image"},"exclude_global_add_ons":[],"addons":[],"acf":[],"_links":{"self":[{"href":"https:\/\/shop.kustom.ch\/fr\/wp-json\/wp\/v2\/product\/540314"}],"collection":[{"href":"https:\/\/shop.kustom.ch\/fr\/wp-json\/wp\/v2\/product"}],"about":[{"href":"https:\/\/shop.kustom.ch\/fr\/wp-json\/wp\/v2\/types\/product"}],"wp:featuredmedia":[{"embeddable":true,"href":"https:\/\/shop.kustom.ch\/fr\/wp-json\/wp\/v2\/media\/540350"}],"wp:attachment":[{"href":"https:\/\/shop.kustom.ch\/fr\/wp-json\/wp\/v2\/media?parent=540314"}],"wp:term":[{"taxonomy":"product_brand","embeddable":true,"href":"https:\/\/shop.kustom.ch\/fr\/wp-json\/wp\/v2\/product_brand?post=540314"},{"taxonomy":"product_cat","embeddable":true,"href":"https:\/\/shop.kustom.ch\/fr\/wp-json\/wp\/v2\/product_cat?post=540314"},{"taxonomy":"product_tag","embeddable":true,"href":"https:\/\/shop.kustom.ch\/fr\/wp-json\/wp\/v2\/product_tag?post=540314"}],"curies":[{"name":"wp","href":"https:\/\/api.w.org\/{rel}","templated":true}]}}