{"id":540178,"date":"2025-03-04T00:13:51","date_gmt":"2025-03-03T23:13:51","guid":{"rendered":"https:\/\/shop.kustom.ch\/?post_type=product&#038;p=540178"},"modified":"2026-03-30T13:00:42","modified_gmt":"2026-03-30T12:00:42","slug":"rock-accelerate-safe","status":"publish","type":"product","link":"https:\/\/shop.kustom.ch\/fr\/produit\/rock-accelerate-safe\/","title":{"rendered":"Rock ACCELERATE SAFE"},"content":{"rendered":"<p>Forme f\u00e9minine DIAMOND. Fluorescent avec des reflets. Avec une finition hydrofuge. Tissu stretch ultime avec un poids r\u00e9duit et une bonne r\u00e9sistance \u00e0 l'usure. Fermeture \u00e0 boutons cach\u00e9e. Fermeture avec fermeture \u00e9clair. Passants de ceinture. Poches avant avec renforts. Poches arri\u00e8re renforc\u00e9es et avec rabat.  Passants pour marteaux dissimul\u00e9s des deux c\u00f4t\u00e9s. Poche m\u00e8tre avec renforts Kevlar\u00ae. Poches avec rabat sur le devant de la cuisse. Poche sur la cuisse avec poche doubl\u00e9e pour t\u00e9l\u00e9phone portable, fermeture magn\u00e9tique et porte-carte d'identit\u00e9 int\u00e9gr\u00e9. Porte-carte d'identit\u00e9 amovible.<\/p>\n<p>OEKO-TEX\u00ae STANDARD 100 ; EN ISO 20471 - classe 1 ; Hi-Vis groupe X<br \/>\n92% Polyester\/8% \u00c9lasthanne<br \/>\nSTRETCH ULTIME. Peut r\u00e9tr\u00e9cir au maximum de 2%. Le produit est certifi\u00e9 comme conservant ses propri\u00e9t\u00e9s apr\u00e8s 50 lavages \u00e0 la maison.<br \/>\n265 g\/m<br \/>\nLinge d\u00e9licat, max. 40\u00b0 C ; Ne pas blanchir ; Ne pas s\u00e9cher au s\u00e8che-linge ; Ne pas repasser ; Supporte le nettoyage normal<\/p>\n<p><a href=\"https:\/\/mascotsitecore-1ccb8.kxcdn.com\/pdf\/19244-711-14-de.pdf\" target=\"_blank\" rel=\"noopener\"><u>Ouvrir la fiche produit<\/u><\/a><\/p>","protected":false},"excerpt":{"rendered":"<ul>\n<li>Diamond Fit est sp\u00e9cialement con\u00e7u pour les femmes qui ont une diff\u00e9rence de plus de 20 cm entre leur taille et leurs hanches.<\/li>\n<li>Le tissu stretch est \u00e9lastique dans toutes les directions et offre une libert\u00e9 de mouvement in\u00e9gal\u00e9e, o\u00f9 rien ne tire ou ne g\u00eane.<\/li>\n<li>Le tissu stretch multifonctionnel combine un faible poids avec une tr\u00e8s grande r\u00e9sistance \u00e0 l'usure et est en outre hydrofuge.<\/li>\n<li>Poche m\u00e8tre pliant avec renforts Kevlar\u00ae - particuli\u00e8rement r\u00e9sistante aux objets pointus et tranchants.<\/li>\n<\/ul>","protected":false},"featured_media":540221,"template":"","meta":[],"product_brand":[],"product_cat":[4194],"product_tag":[],"class_list":{"0":"post-540178","1":"product","2":"type-product","3":"status-publish","4":"has-post-thumbnail","6":"product_cat-roecke","7":"pa_brand-mascot","8":"pa_brand-type-workwear","9":"pa_filter-color-gelb","10":"pa_filter-color-orange","11":"pa_filter-color-rot","13":"first","14":"instock","15":"sale","16":"taxable","17":"shipping-taxable","18":"purchasable","19":"product-type-variable","20":"add-to-wishlist-before_image"},"exclude_global_add_ons":[],"addons":[],"acf":[],"_links":{"self":[{"href":"https:\/\/shop.kustom.ch\/fr\/wp-json\/wp\/v2\/product\/540178"}],"collection":[{"href":"https:\/\/shop.kustom.ch\/fr\/wp-json\/wp\/v2\/product"}],"about":[{"href":"https:\/\/shop.kustom.ch\/fr\/wp-json\/wp\/v2\/types\/product"}],"wp:featuredmedia":[{"embeddable":true,"href":"https:\/\/shop.kustom.ch\/fr\/wp-json\/wp\/v2\/media\/540221"}],"wp:attachment":[{"href":"https:\/\/shop.kustom.ch\/fr\/wp-json\/wp\/v2\/media?parent=540178"}],"wp:term":[{"taxonomy":"product_brand","embeddable":true,"href":"https:\/\/shop.kustom.ch\/fr\/wp-json\/wp\/v2\/product_brand?post=540178"},{"taxonomy":"product_cat","embeddable":true,"href":"https:\/\/shop.kustom.ch\/fr\/wp-json\/wp\/v2\/product_cat?post=540178"},{"taxonomy":"product_tag","embeddable":true,"href":"https:\/\/shop.kustom.ch\/fr\/wp-json\/wp\/v2\/product_tag?post=540178"}],"curies":[{"name":"wp","href":"https:\/\/api.w.org\/{rel}","templated":true}]}}