{"id":539376,"date":"2025-03-04T00:07:53","date_gmt":"2025-03-03T23:07:53","guid":{"rendered":"https:\/\/shop.kustom.ch\/?post_type=product&#038;p=539376"},"modified":"2026-03-30T12:59:16","modified_gmt":"2026-03-30T11:59:16","slug":"kombihose-accelerate-safe-2","status":"publish","type":"product","link":"https:\/\/shop.kustom.ch\/fr\/produit\/kombihose-accelerate-safe-2\/","title":{"rendered":"Combinaison ACCELERATE SAFE"},"content":{"rendered":"<p>Couleur contrast\u00e9e fluorescente et avec des reflets. Avec finition hydrofuge. En deux couleurs. Tissu stretch ultime, l\u00e9ger et tr\u00e8s r\u00e9sistant. Coutures \u00e0 double rabattage sur les jambes et \u00e0 l'entrejambe. Les jambes du pantalon ont une forme ergonomique. Poches suspendues amovibles. Poche int\u00e9rieure suspendue avec fermeture \u00e0 bouton-pression. Poche suspendue avec poche doubl\u00e9e pour t\u00e9l\u00e9phone portable et fermeture magn\u00e9tique. Poches suspendues avec renforts en Kevlar\u00ae et tissu CORDURA\u00ae. Passants pour la ceinture. Passants pour outils de chaque c\u00f4t\u00e9 de la ceinture. Fermeture avec fermeture \u00e9clair \u00e0 double sens et double rabat de protection contre les intemp\u00e9ries. Poches avant avec renforts. Poches arri\u00e8re renforc\u00e9es et avec rabat.  Passants pour marteaux dissimul\u00e9s des deux c\u00f4t\u00e9s. Bouton (amovible) pour fixer un porte-couteau. Poche pour m\u00e8tre pliant avec renforts Kevlar\u00ae. Poches avec rabat sur le devant de la cuisse. Poches genouill\u00e8res en tissu CORDURA\u00ae stretch \u00e0 deux sens avec a\u00e9ration. R\u00e9glage simple et individuel de la hauteur des poches genouill\u00e8res. Poche sur la cuisse avec poche doubl\u00e9e pour t\u00e9l\u00e9phone portable, fermeture magn\u00e9tique et porte-carte d'identit\u00e9 int\u00e9gr\u00e9. Porte-carte d'identit\u00e9 amovible. Fermeture \u00e0 glissi\u00e8re verticale pour l'a\u00e9ration \u00e0 l'arri\u00e8re de la cuisse. Poche de poitrine avec poche pour stylo. Poche poitrine pour t\u00e9l\u00e9phone portable avec rabat. Bretelles r\u00e9glables par velcro. Ventilation dans le dos. Avec effets d'impression. L'entrejambe peut \u00eatre rallong\u00e9 de 3 cm en coupant la couture rouge \u00e0 l'int\u00e9rieur de la jambe. Pour ce mod\u00e8le, nous recommandons les genouill\u00e8res suivantes : 00418-100, 00718-100, 50451-916 ou 20118-915. Certifi\u00e9 avec les genouill\u00e8res de type SHORT ou LONG selon EN 14404.<\/p>\n<p>OEKO-TEX\u00ae STANDARD 100 ; EN ISO 20471 - classe 1 ; Hi-Vis groupe Z<br \/>\n92% Polyester\/8% \u00c9lasthanne<br \/>\nSTRETCH ULTIME. Peut r\u00e9tr\u00e9cir au maximum de 2%. Le produit est certifi\u00e9 comme conservant ses propri\u00e9t\u00e9s apr\u00e8s 50 lavages \u00e0 la maison.<br \/>\n265 g\/m<br \/>\nLinge d\u00e9licat, max. 40\u00b0 C ; Pas de blanchiment ; Pas de s\u00e9chage en tambour ; Pas de repassage ; Ne convient pas au nettoyage \u00e0 sec<\/p>\n<p><a href=\"https:\/\/mascotsitecore-1ccb8.kxcdn.com\/pdf\/19169-711-0917-de.pdf\" target=\"_blank\" rel=\"noopener\"><u>Ouvrir la fiche produit<\/u><\/a><\/p>","protected":false},"excerpt":{"rendered":"<ul>\n<li>Le tissu stretch est \u00e9lastique dans toutes les directions et offre une libert\u00e9 de mouvement in\u00e9gal\u00e9e, o\u00f9 rien ne tire ou ne g\u00eane.<\/li>\n<li>Le tissu stretch multifonctionnel combine un faible poids avec une tr\u00e8s grande r\u00e9sistance \u00e0 l'usure et est en outre hydrofuge.<\/li>\n<li>Poches suspendues avec renforts en tissu Kevlar\u00ae et CORDURA\u00ae.<\/li>\n<li>Poches suspendues amovibles.<\/li>\n<li>Poche m\u00e8tre pliant avec renforts Kevlar\u00ae - particuli\u00e8rement r\u00e9sistante aux objets pointus et tranchants.<\/li>\n<li>A\u00e9ration efficace sur la jambe gr\u00e2ce \u00e0 la fermeture \u00e9clair sur la cuisse.<\/li>\n<li>Poches genouill\u00e8res en CORDURA\u00ae extensible dans deux directions, offrant une libert\u00e9 de mouvement suppl\u00e9mentaire lors de l'agenouillement.<\/li>\n<li>Les poches pour les genoux sont r\u00e9glables en hauteur, de sorte que la protection des genoux est plac\u00e9e de mani\u00e8re optimale sur les genoux.<\/li>\n<li>Certifi\u00e9 pour une utilisation avec les genouill\u00e8res MASCOT de type SHORT ou LONG, car la poche de genouill\u00e8re est r\u00e9glable en hauteur.<\/li>\n<\/ul>","protected":false},"featured_media":539397,"template":"","meta":[],"product_brand":[],"product_cat":[4185],"product_tag":[],"class_list":{"0":"post-539376","1":"product","2":"type-product","3":"status-publish","4":"has-post-thumbnail","6":"product_cat-hosen","7":"pa_brand-mascot","8":"pa_brand-type-workwear","9":"pa_filter-color-gelb","10":"pa_filter-color-schwarz","12":"first","13":"instock","14":"sale","15":"taxable","16":"shipping-taxable","17":"purchasable","18":"product-type-variable","19":"add-to-wishlist-before_image"},"exclude_global_add_ons":[],"addons":[],"acf":[],"_links":{"self":[{"href":"https:\/\/shop.kustom.ch\/fr\/wp-json\/wp\/v2\/product\/539376"}],"collection":[{"href":"https:\/\/shop.kustom.ch\/fr\/wp-json\/wp\/v2\/product"}],"about":[{"href":"https:\/\/shop.kustom.ch\/fr\/wp-json\/wp\/v2\/types\/product"}],"wp:featuredmedia":[{"embeddable":true,"href":"https:\/\/shop.kustom.ch\/fr\/wp-json\/wp\/v2\/media\/539397"}],"wp:attachment":[{"href":"https:\/\/shop.kustom.ch\/fr\/wp-json\/wp\/v2\/media?parent=539376"}],"wp:term":[{"taxonomy":"product_brand","embeddable":true,"href":"https:\/\/shop.kustom.ch\/fr\/wp-json\/wp\/v2\/product_brand?post=539376"},{"taxonomy":"product_cat","embeddable":true,"href":"https:\/\/shop.kustom.ch\/fr\/wp-json\/wp\/v2\/product_cat?post=539376"},{"taxonomy":"product_tag","embeddable":true,"href":"https:\/\/shop.kustom.ch\/fr\/wp-json\/wp\/v2\/product_tag?post=539376"}],"curies":[{"name":"wp","href":"https:\/\/api.w.org\/{rel}","templated":true}]}}