{"id":539308,"date":"2025-03-04T00:07:22","date_gmt":"2025-03-03T23:07:22","guid":{"rendered":"https:\/\/shop.kustom.ch\/?post_type=product&#038;p=539308"},"modified":"2026-03-30T12:59:14","modified_gmt":"2026-03-30T11:59:14","slug":"fleecepullover-mit-reissverschluss-accelerate-safe-2","status":"publish","type":"product","link":"https:\/\/shop.kustom.ch\/fr\/produit\/fleecepullover-mit-reissverschluss-accelerate-safe-2\/","title":{"rendered":"Pull polaire avec fermeture \u00e9clair ACCELERATE SAFE"},"content":{"rendered":"<p>Forme adapt\u00e9e aux femmes. Fluorescent et avec des reflets obliques. Coupe moderne, pr\u00e8s du corps, avec une grande libert\u00e9 de mouvement. Col montant. Bicolore, avec un logo. Fermeture avec fermeture \u00e9clair et rabat de protection contre les intemp\u00e9ries \u00e0 l'int\u00e9rieur. Poches avant avec fermeture \u00e9clair. Poches int\u00e9rieures. \u00c9lastique aux poignets et dans le bas. Porte-carte d'identit\u00e9 amovible.<\/p>\n<p>OEKO-TEX\u00ae STANDARD 100 ; EN ISO 20471 - classe 2 ; EN ISO 20471 - classe 1 (XS) ; Hi-Vis groupe B<br \/>\n94% Polyester\/6% \u00c9lasthanne<br \/>\nTissu polaire au m\u00e8tre. Peut r\u00e9tr\u00e9cir au maximum de 3%. Le produit est certifi\u00e9 comme conservant ses propri\u00e9t\u00e9s apr\u00e8s 50 lavages \u00e0 domicile.<br \/>\n260 g\/m<br \/>\nLinge d\u00e9licat, max. 40\u00b0 C ; Ne pas blanchir ; Ne pas s\u00e9cher au s\u00e8che-linge ; Ne pas repasser ; Supporte le nettoyage normal<\/p>\n<p><a href=\"https:\/\/mascotsitecore-1ccb8.kxcdn.com\/pdf\/19153-315-14010-de.pdf\" target=\"_blank\" rel=\"noopener\"><u>Ouvrir la fiche produit<\/u><\/a><\/p>","protected":false},"excerpt":{"rendered":"<ul>\n<li>Sp\u00e9cialement con\u00e7u pour les femmes, avec une coupe cintr\u00e9e.<\/li>\n<li>Avec fermeture \u00e9clair et rabat de protection contre les intemp\u00e9ries \u00e0 l'int\u00e9rieur, qui emp\u00eache le vent de passer.<\/li>\n<li>Poches avant zipp\u00e9es pour un rangement s\u00fbr.<\/li>\n<li>Poches int\u00e9rieures.<\/li>\n<li>Le porte-carte d'identit\u00e9 est amovible.<\/li>\n<\/ul>","protected":false},"featured_media":539330,"template":"","meta":[],"product_brand":[],"product_cat":[4184],"product_tag":[],"class_list":{"0":"post-539308","1":"product","2":"type-product","3":"status-publish","4":"has-post-thumbnail","6":"product_cat-hoodies-pullover","7":"pa_brand-mascot","8":"pa_brand-type-workwear","9":"pa_filter-color-blau","10":"pa_filter-color-gelb","11":"pa_filter-color-grau","12":"pa_filter-color-gruen","13":"pa_filter-color-orange","14":"pa_filter-color-rot","15":"pa_filter-color-schwarz","17":"first","18":"instock","19":"sale","20":"taxable","21":"shipping-taxable","22":"purchasable","23":"product-type-variable","24":"add-to-wishlist-before_image"},"exclude_global_add_ons":[],"addons":[],"acf":[],"_links":{"self":[{"href":"https:\/\/shop.kustom.ch\/fr\/wp-json\/wp\/v2\/product\/539308"}],"collection":[{"href":"https:\/\/shop.kustom.ch\/fr\/wp-json\/wp\/v2\/product"}],"about":[{"href":"https:\/\/shop.kustom.ch\/fr\/wp-json\/wp\/v2\/types\/product"}],"wp:featuredmedia":[{"embeddable":true,"href":"https:\/\/shop.kustom.ch\/fr\/wp-json\/wp\/v2\/media\/539330"}],"wp:attachment":[{"href":"https:\/\/shop.kustom.ch\/fr\/wp-json\/wp\/v2\/media?parent=539308"}],"wp:term":[{"taxonomy":"product_brand","embeddable":true,"href":"https:\/\/shop.kustom.ch\/fr\/wp-json\/wp\/v2\/product_brand?post=539308"},{"taxonomy":"product_cat","embeddable":true,"href":"https:\/\/shop.kustom.ch\/fr\/wp-json\/wp\/v2\/product_cat?post=539308"},{"taxonomy":"product_tag","embeddable":true,"href":"https:\/\/shop.kustom.ch\/fr\/wp-json\/wp\/v2\/product_tag?post=539308"}],"curies":[{"name":"wp","href":"https:\/\/api.w.org\/{rel}","templated":true}]}}