{"id":538792,"date":"2025-03-04T00:03:57","date_gmt":"2025-03-03T23:03:57","guid":{"rendered":"https:\/\/shop.kustom.ch\/?post_type=product&#038;p=538792"},"modified":"2026-03-30T12:58:22","modified_gmt":"2026-03-30T11:58:22","slug":"polo-shirt-accelerate-safe-2","status":"publish","type":"product","link":"https:\/\/shop.kustom.ch\/fr\/produit\/polo-shirt-accelerate-safe-2\/","title":{"rendered":"Polo ACCELERATE SAFE"},"content":{"rendered":"<p>Premium. Forme adapt\u00e9e aux femmes. Fluorescent et avec des reflets obliques. Bicolore, avec des couleurs vives. Coupe moderne. Coton agr\u00e9able \u00e0 l'int\u00e9rieur et polyester r\u00e9sistant avec stretch \u00e0 l'ext\u00e9rieur. Motif jacquard carr\u00e9. Les reflets sont \u00e9lastiques. Col en tricot. Patte de boutonnage avec boutons cach\u00e9s. Bandeau de cou.<\/p>\n<p>OEKO-TEX\u00ae STANDARD 100 ; EN ISO 20471 - Classe 2 ; EN ISO 20471 - Classe 1 (XS) ; Hi-Vis groupe B (XS) ; EN 13758-2 UPF 40+<br \/>\n50% polyester\/50% coton<br \/>\nTricot au m\u00e8tre. Peut r\u00e9tr\u00e9cir jusqu'\u00e0 5%. Le produit est certifi\u00e9 selon la norme EN ISO 20471 pour conserver ses propri\u00e9t\u00e9s pendant 50 lavages \u00e0 domicile.<br \/>\n150 g\/m<br \/>\nLavage de couleur, max. 60\u00b0 C ; Pas de blanchiment ; Supporte le s\u00e8che-linge - temp\u00e9rature de d\u00e9part max. 60\u00b0 C ; Pas de repassage ; Supporte le nettoyage normal<\/p>\n<p><a href=\"https:\/\/mascotsitecore-1ccb8.kxcdn.com\/pdf\/19093-771-14010-de.pdf\" target=\"_blank\" rel=\"noopener\"><u>Ouvrir la fiche produit<\/u><\/a><\/p>","protected":false},"excerpt":{"rendered":"<ul>\n<li>Sp\u00e9cialement con\u00e7u pour les femmes, avec une coupe cintr\u00e9e.<\/li>\n<li>Ce tissu est compos\u00e9 de polyester \u00e0 l'ext\u00e9rieur pour plus de r\u00e9sistance et de solidit\u00e9 des couleurs et de coton \u00e0 l'int\u00e9rieur pour plus de confort.<\/li>\n<li>Plus de libert\u00e9 de mouvement gr\u00e2ce \u00e0 des r\u00e9flexes \u00e9lastiques.<\/li>\n<li>Les coutures au niveau du cou sont cach\u00e9es par un mat\u00e9riau doux et rembourr\u00e9, de sorte qu'elles ne g\u00eanent pas.<\/li>\n<\/ul>","protected":false},"featured_media":538825,"template":"","meta":[],"product_brand":[],"product_cat":[4193],"product_tag":[],"class_list":{"0":"post-538792","1":"product","2":"type-product","3":"status-publish","4":"has-post-thumbnail","6":"product_cat-polos","7":"pa_brand-mascot","8":"pa_brand-type-workwear","9":"pa_filter-color-blau","10":"pa_filter-color-gelb","11":"pa_filter-color-grau","12":"pa_filter-color-gruen","13":"pa_filter-color-orange","14":"pa_filter-color-rot","15":"pa_filter-color-schwarz","17":"first","18":"instock","19":"sale","20":"taxable","21":"shipping-taxable","22":"purchasable","23":"product-type-variable","24":"add-to-wishlist-before_image"},"exclude_global_add_ons":[],"addons":[],"acf":[],"_links":{"self":[{"href":"https:\/\/shop.kustom.ch\/fr\/wp-json\/wp\/v2\/product\/538792"}],"collection":[{"href":"https:\/\/shop.kustom.ch\/fr\/wp-json\/wp\/v2\/product"}],"about":[{"href":"https:\/\/shop.kustom.ch\/fr\/wp-json\/wp\/v2\/types\/product"}],"wp:featuredmedia":[{"embeddable":true,"href":"https:\/\/shop.kustom.ch\/fr\/wp-json\/wp\/v2\/media\/538825"}],"wp:attachment":[{"href":"https:\/\/shop.kustom.ch\/fr\/wp-json\/wp\/v2\/media?parent=538792"}],"wp:term":[{"taxonomy":"product_brand","embeddable":true,"href":"https:\/\/shop.kustom.ch\/fr\/wp-json\/wp\/v2\/product_brand?post=538792"},{"taxonomy":"product_cat","embeddable":true,"href":"https:\/\/shop.kustom.ch\/fr\/wp-json\/wp\/v2\/product_cat?post=538792"},{"taxonomy":"product_tag","embeddable":true,"href":"https:\/\/shop.kustom.ch\/fr\/wp-json\/wp\/v2\/product_tag?post=538792"}],"curies":[{"name":"wp","href":"https:\/\/api.w.org\/{rel}","templated":true}]}}