{"id":538611,"date":"2025-03-04T00:02:36","date_gmt":"2025-03-03T23:02:36","guid":{"rendered":"https:\/\/shop.kustom.ch\/?post_type=product&#038;p=538611"},"modified":"2026-03-30T12:57:56","modified_gmt":"2026-03-30T11:57:56","slug":"winterhose-accelerate-safe","status":"publish","type":"product","link":"https:\/\/shop.kustom.ch\/fr\/produit\/winterhose-accelerate-safe\/","title":{"rendered":"Pantalon d'hiver ACCELERATE SAFE"},"content":{"rendered":"<p>Fluorescent avec reflets. Tissu tr\u00e8s r\u00e9sistant, respirant, coupe-vent et imperm\u00e9able. Avec CLIMASCOT\u00ae Lightweight Insulation. Bicolore, avec des coutures en tissu. Les coutures sont coll\u00e9es. Les jambes du pantalon ont une forme ergonomique. Passants de ceinture. Braguette avec fermeture \u00e9clair. Poches sur le devant. Poches arri\u00e8re renforc\u00e9es et avec rabat.  Passants pour marteaux cach\u00e9s des deux c\u00f4t\u00e9s. Poche m\u00e8tre avec renforts Kevlar\u00ae. Poches avec rabat sur le devant de la cuisse. Poche sur la cuisse avec poche doubl\u00e9e pour t\u00e9l\u00e9phone portable, fermeture magn\u00e9tique et porte-carte d'identit\u00e9 int\u00e9gr\u00e9. Porte-carte d'identit\u00e9 amovible. Bretelles en \u00e9lastique solide, r\u00e9glables et amovibles. Ceinture sur\u00e9lev\u00e9e \u00e0 l'arri\u00e8re pour une meilleure protection contre le froid. Ceinture avec insert \u00e9lastique sur le c\u00f4t\u00e9. Poches genouill\u00e8res en CORDURA\u00ae (500 D) r\u00e9sistant \u00e0 l'usure, r\u00e9glables en hauteur. Jupe pare-neige \u00e0 l'int\u00e9rieur des jambes. Fermeture \u00e9clair avec rabat de protection contre les intemp\u00e9ries \u00e0 l'int\u00e9rieur des jambes. Pour ce mod\u00e8le, nous recommandons les protections de genoux suivantes : 00418-100, 00718-100, 50451-916 ou 20118-915. Certifi\u00e9 avec le type de genouill\u00e8re SHORT ou LONG selon EN 14404.<\/p>\n<p>OEKO-TEX\u00ae STANDARD 100 ; EN ISO 20471 - classe 2 ; Hi-Vis groupe Y ; EN 342 3\/WP (1.7 clo) ; EN 343 4-1-X<br \/>\n100% Polyester<br \/>\nRipstop (tissu \u00e0 mailles serr\u00e9es). Peut r\u00e9tr\u00e9cir au maximum de 2%. Le produit est certifi\u00e9 selon la norme EN ISO 20471 pour conserver ses propri\u00e9t\u00e9s pendant 50 lavages \u00e0 domicile.<br \/>\n210 g\/m\u00b2 (1,5 lb)<br \/>\nLinge d\u00e9licat, max. 40\u00b0 C ; Ne pas blanchir ; Ne pas s\u00e9cher au s\u00e8che-linge ; Ne pas repasser ; Supporte le nettoyage normal<\/p>\n<p><a href=\"https:\/\/mascotsitecore-1ccb8.kxcdn.com\/pdf\/19090-449-14010-de.pdf\" target=\"_blank\" rel=\"noopener\"><u>Ouvrir la fiche produit<\/u><\/a><\/p>","protected":false},"excerpt":{"rendered":"<ul>\n<li>Respirant, \u00e9tanche au vent et \u00e0 l'eau avec coutures scell\u00e9es.<\/li>\n<li>Extr\u00eamement r\u00e9sistant.<\/li>\n<li>L'isolation CLIMASCOT\u00ae unique en son genre r\u00e9chauffe efficacement, est l\u00e9g\u00e8re, douce et peut \u00eatre comprim\u00e9e dans un faible volume.<\/li>\n<li>Jambes de pantalons ergonomiques, form\u00e9es selon les mouvements naturels du corps.<\/li>\n<li>Poche m\u00e8tre pliant avec renforts Kevlar\u00ae - particuli\u00e8rement r\u00e9sistante aux objets pointus et tranchants.<\/li>\n<li>Les poches genouill\u00e8res en tissu CORDURA\u00ae r\u00e9sistant sont r\u00e9glables, de sorte que la protection des genoux soit toujours plac\u00e9e de mani\u00e8re optimale.<\/li>\n<li>La partie dorsale relev\u00e9e soutient et offre une protection suppl\u00e9mentaire contre le vent et le froid dans le bas du dos.<\/li>\n<li>La jupe pare-neige \u00e0 l'int\u00e9rieur de la jambe maintient la neige et la salet\u00e9 \u00e0 l'ext\u00e9rieur.<\/li>\n<li>Certifi\u00e9 pour une utilisation avec les genouill\u00e8res MASCOT de type SHORT ou LONG, car la poche de genouill\u00e8re est r\u00e9glable en hauteur.<\/li>\n<\/ul>","protected":false},"featured_media":538627,"template":"","meta":[],"product_brand":[],"product_cat":[4185],"product_tag":[],"class_list":{"0":"post-538611","1":"product","2":"type-product","3":"status-publish","4":"has-post-thumbnail","6":"product_cat-hosen","7":"pa_brand-mascot","8":"pa_brand-type-workwear","9":"pa_filter-color-blau","10":"pa_filter-color-gelb","11":"pa_filter-color-orange","12":"pa_filter-color-rot","13":"pa_filter-color-schwarz","15":"first","16":"instock","17":"sale","18":"taxable","19":"shipping-taxable","20":"purchasable","21":"product-type-variable","22":"add-to-wishlist-before_image"},"exclude_global_add_ons":[],"addons":[],"acf":[],"_links":{"self":[{"href":"https:\/\/shop.kustom.ch\/fr\/wp-json\/wp\/v2\/product\/538611"}],"collection":[{"href":"https:\/\/shop.kustom.ch\/fr\/wp-json\/wp\/v2\/product"}],"about":[{"href":"https:\/\/shop.kustom.ch\/fr\/wp-json\/wp\/v2\/types\/product"}],"wp:featuredmedia":[{"embeddable":true,"href":"https:\/\/shop.kustom.ch\/fr\/wp-json\/wp\/v2\/media\/538627"}],"wp:attachment":[{"href":"https:\/\/shop.kustom.ch\/fr\/wp-json\/wp\/v2\/media?parent=538611"}],"wp:term":[{"taxonomy":"product_brand","embeddable":true,"href":"https:\/\/shop.kustom.ch\/fr\/wp-json\/wp\/v2\/product_brand?post=538611"},{"taxonomy":"product_cat","embeddable":true,"href":"https:\/\/shop.kustom.ch\/fr\/wp-json\/wp\/v2\/product_cat?post=538611"},{"taxonomy":"product_tag","embeddable":true,"href":"https:\/\/shop.kustom.ch\/fr\/wp-json\/wp\/v2\/product_tag?post=538611"}],"curies":[{"name":"wp","href":"https:\/\/api.w.org\/{rel}","templated":true}]}}