{"id":537635,"date":"2025-03-03T23:56:37","date_gmt":"2025-03-03T22:56:37","guid":{"rendered":"https:\/\/shop.kustom.ch\/?post_type=product&#038;p=537635"},"modified":"2026-03-30T12:55:54","modified_gmt":"2026-03-30T11:55:54","slug":"dreiviertel-hose-mit-haengetaschen-accelerate-safe","status":"publish","type":"product","link":"https:\/\/shop.kustom.ch\/fr\/produit\/dreiviertel-hose-mit-haengetaschen-accelerate-safe\/","title":{"rendered":"Pantalon trois-quarts avec poches suspendues ACCELERATE SAFE"},"content":{"rendered":"<p>Fluorescent avec des reflets. Avec une finition hydrofuge. En deux couleurs. Tissu stretch ultime, l\u00e9ger et tr\u00e8s r\u00e9sistant. Coutures \u00e0 double rabat sur les jambes et \u00e0 l'entrejambe. Fermeture \u00e0 boutons dissimul\u00e9e. Les jambes du pantalon ont une forme ergonomique. Poches suspendues amovibles. Poche int\u00e9rieure suspendue avec fermeture \u00e0 bouton-pression. Poche suspendue avec poche doubl\u00e9e pour t\u00e9l\u00e9phone portable et fermeture magn\u00e9tique. Poches suspendues avec renforts en Kevlar\u00ae et tissu CORDURA\u00ae. Passants pour la ceinture. Passants pour outils de chaque c\u00f4t\u00e9 de la ceinture. Braguette avec fermeture \u00e0 glissi\u00e8re. Poches avant renforc\u00e9es. Poches arri\u00e8re renforc\u00e9es et \u00e0 rabat.  Passants pour marteaux dissimul\u00e9s des deux c\u00f4t\u00e9s. Bouton (amovible) pour fixer un porte-couteau. Poche pour m\u00e8tre pliant avec renforts Kevlar\u00ae. Poches avec rabat sur le devant de la cuisse. Poches genouill\u00e8res en tissu CORDURA\u00ae stretch \u00e0 deux sens avec a\u00e9ration. Poche sur la cuisse avec poche doubl\u00e9e pour t\u00e9l\u00e9phone portable, fermeture magn\u00e9tique et porte-carte d'identit\u00e9 int\u00e9gr\u00e9. Porte-carte d'identit\u00e9 amovible. Avec effets d'impression. Pour ce mod\u00e8le, nous recommandons la protection des genoux suivante : 00418-100. Certifi\u00e9e avec le type de genouill\u00e8re SHORT selon EN 14404.<\/p>\n<p>OEKO-TEX\u00ae STANDARD 100 ; EN ISO 20471 - classe 1 ; Hi-Vis groupe X<br \/>\n92% Polyester\/8% \u00c9lasthanne<br \/>\nSTRETCH ULTIME. Peut r\u00e9tr\u00e9cir au maximum de 2%. Le produit est certifi\u00e9 comme conservant ses propri\u00e9t\u00e9s apr\u00e8s 50 lavages \u00e0 la maison.<br \/>\n265 g\/m<br \/>\nLinge d\u00e9licat, max. 40\u00b0 C ; Pas de blanchiment ; Pas de s\u00e9chage en tambour ; Pas de repassage ; Ne convient pas au nettoyage \u00e0 sec<\/p>\n<p><a href=\"https:\/\/mascotsitecore-1ccb8.kxcdn.com\/pdf\/19049-711-14010-de.pdf\" target=\"_blank\" rel=\"noopener\"><u>Ouvrir la fiche produit<\/u><\/a><\/p>","protected":false},"excerpt":{"rendered":"<ul>\n<li>Le tissu stretch est \u00e9lastique dans toutes les directions et offre une libert\u00e9 de mouvement in\u00e9gal\u00e9e, o\u00f9 rien ne tire ou ne g\u00eane.<\/li>\n<li>Le tissu stretch multifonctionnel combine un faible poids avec une tr\u00e8s grande r\u00e9sistance \u00e0 l'usure et est en outre hydrofuge.<\/li>\n<li>Poches suspendues avec renforts en tissu Kevlar\u00ae et CORDURA\u00ae.<\/li>\n<li>Poches suspendues amovibles.<\/li>\n<li>Poche m\u00e8tre pliant avec renforts Kevlar\u00ae - particuli\u00e8rement r\u00e9sistante aux objets pointus et tranchants.<\/li>\n<li>Poches genouill\u00e8res en CORDURA\u00ae extensible dans deux directions, offrant une libert\u00e9 de mouvement suppl\u00e9mentaire lors de l'agenouillement.<\/li>\n<li>L'ouverture de la poche genouill\u00e8re permet \u00e9galement une ventilation au niveau du genou.<\/li>\n<li>Certifi\u00e9 pour une utilisation avec le type de genouill\u00e8re MASCOT, SHORT.<\/li>\n<\/ul>","protected":false},"featured_media":537670,"template":"","meta":[],"product_brand":[],"product_cat":[4185],"product_tag":[],"class_list":{"0":"post-537635","1":"product","2":"type-product","3":"status-publish","4":"has-post-thumbnail","6":"product_cat-hosen","7":"pa_brand-mascot","8":"pa_brand-type-workwear","9":"pa_filter-color-blau","10":"pa_filter-color-gelb","11":"pa_filter-color-orange","12":"pa_filter-color-rot","13":"pa_filter-color-schwarz","15":"first","16":"instock","17":"sale","18":"taxable","19":"shipping-taxable","20":"purchasable","21":"product-type-variable","22":"add-to-wishlist-before_image"},"exclude_global_add_ons":[],"addons":[],"acf":[],"_links":{"self":[{"href":"https:\/\/shop.kustom.ch\/fr\/wp-json\/wp\/v2\/product\/537635"}],"collection":[{"href":"https:\/\/shop.kustom.ch\/fr\/wp-json\/wp\/v2\/product"}],"about":[{"href":"https:\/\/shop.kustom.ch\/fr\/wp-json\/wp\/v2\/types\/product"}],"wp:featuredmedia":[{"embeddable":true,"href":"https:\/\/shop.kustom.ch\/fr\/wp-json\/wp\/v2\/media\/537670"}],"wp:attachment":[{"href":"https:\/\/shop.kustom.ch\/fr\/wp-json\/wp\/v2\/media?parent=537635"}],"wp:term":[{"taxonomy":"product_brand","embeddable":true,"href":"https:\/\/shop.kustom.ch\/fr\/wp-json\/wp\/v2\/product_brand?post=537635"},{"taxonomy":"product_cat","embeddable":true,"href":"https:\/\/shop.kustom.ch\/fr\/wp-json\/wp\/v2\/product_cat?post=537635"},{"taxonomy":"product_tag","embeddable":true,"href":"https:\/\/shop.kustom.ch\/fr\/wp-json\/wp\/v2\/product_tag?post=537635"}],"curies":[{"name":"wp","href":"https:\/\/api.w.org\/{rel}","templated":true}]}}