{"id":537485,"date":"2025-03-03T23:55:39","date_gmt":"2025-03-03T22:55:39","guid":{"rendered":"https:\/\/shop.kustom.ch\/?post_type=product&#038;p=537485"},"modified":"2026-03-30T12:55:33","modified_gmt":"2026-03-30T11:55:33","slug":"winterjacke-accelerate-safe","status":"publish","type":"product","link":"https:\/\/shop.kustom.ch\/fr\/produit\/winterjacke-accelerate-safe\/","title":{"rendered":"Veste d'hiver ACCELERATE SAFE"},"content":{"rendered":"<p>Fluorescent et avec des bandes r\u00e9fl\u00e9chissantes sur les \u00e9paules et des reflets obliques. Excellentes propri\u00e9t\u00e9s respirantes et imperm\u00e9ables au vent et \u00e0 l'eau. Avec CLIMASCOT\u00ae Lightweight Insulation. Bicolore, avec des couleurs diff\u00e9rentes. Les coutures sont coll\u00e9es. Capuche amovible, doubl\u00e9e et munie de cordons \u00e9lastiques r\u00e9glables. Fermeture par zip et rabat de protection contre les intemp\u00e9ries. Poches int\u00e9rieures - deux avec fermeture \u00e9clair et une ouverte en filet. Porte-carte d'identit\u00e9 amovible. Poche de poitrine avec fermeture \u00e9clair \u00e9tanche. Poches avant avec fermetures \u00e0 glissi\u00e8re \u00e9tanches. Col montant. C\u00f4tes \u00e0 l'int\u00e9rieur de l'ourlet inf\u00e9rieur avant. Dos extensible par boutonnage pour une meilleure protection contre le vent et les intemp\u00e9ries. \u00c9lastique aux poignets. Fermeture \u00e0 glissi\u00e8re dans la doublure au dos pour y apposer un logo\/une broderie. Avec effets d'impression.<\/p>\n<p>OEKO-TEX\u00ae STANDARD 100 ; EN ISO 20471 - classe 3 ; Hi-Vis groupe A ; EN 342 3\/WP (2.01 clo) ; EN 343 4-1-X<br \/>\n100% Polyester<br \/>\nRipstop (tissu \u00e0 mailles serr\u00e9es). Peut r\u00e9tr\u00e9cir au maximum de 2%. Le produit est certifi\u00e9 selon la norme EN ISO 20471 pour conserver ses propri\u00e9t\u00e9s pendant 50 lavages \u00e0 domicile.<br \/>\n210 g\/m\u00b2 (1,5 lb)<br \/>\nLinge d\u00e9licat, max. 40\u00b0 C ; Ne pas blanchir ; Ne pas s\u00e9cher au s\u00e8che-linge ; Ne pas repasser ; Supporte le nettoyage normal<\/p>\n<p><a href=\"https:\/\/mascotsitecore-1ccb8.kxcdn.com\/pdf\/19035-449-14010-de.pdf\" target=\"_blank\" rel=\"noopener\"><u>Ouvrir la fiche produit<\/u><\/a><\/p>","protected":false},"excerpt":{"rendered":"<ul>\n<li>Respirant, \u00e9tanche au vent et \u00e0 l'eau avec coutures scell\u00e9es.<\/li>\n<li>L'isolation CLIMASCOT\u00ae unique en son genre r\u00e9chauffe efficacement, est l\u00e9g\u00e8re, douce et peut \u00eatre comprim\u00e9e dans un faible volume.<\/li>\n<li>Poche de poitrine avec fermeture \u00e0 glissi\u00e8re \u00e9tanche.<\/li>\n<li>Poches avant avec fermetures \u00e0 glissi\u00e8re \u00e9tanches.<\/li>\n<li>Dos rallong\u00e9 gr\u00e2ce \u00e0 un tissu qui se boutonne vers le bas pour une meilleure protection contre le vent et les intemp\u00e9ries.<\/li>\n<li>Fermeture \u00e0 glissi\u00e8re dans la doublure du dos pour l'application d'une impression\/broderie.<\/li>\n<\/ul>","protected":false},"featured_media":537534,"template":"","meta":[],"product_brand":[],"product_cat":[4186],"product_tag":[],"class_list":{"0":"post-537485","1":"product","2":"type-product","3":"status-publish","4":"has-post-thumbnail","6":"product_cat-jacken","7":"pa_brand-mascot","8":"pa_brand-type-workwear","9":"pa_filter-color-blau","10":"pa_filter-color-gelb","11":"pa_filter-color-grau","12":"pa_filter-color-gruen","13":"pa_filter-color-orange","14":"pa_filter-color-rot","15":"pa_filter-color-schwarz","17":"first","18":"instock","19":"sale","20":"taxable","21":"shipping-taxable","22":"purchasable","23":"product-type-variable","24":"add-to-wishlist-before_image"},"exclude_global_add_ons":[],"addons":[],"acf":[],"_links":{"self":[{"href":"https:\/\/shop.kustom.ch\/fr\/wp-json\/wp\/v2\/product\/537485"}],"collection":[{"href":"https:\/\/shop.kustom.ch\/fr\/wp-json\/wp\/v2\/product"}],"about":[{"href":"https:\/\/shop.kustom.ch\/fr\/wp-json\/wp\/v2\/types\/product"}],"wp:featuredmedia":[{"embeddable":true,"href":"https:\/\/shop.kustom.ch\/fr\/wp-json\/wp\/v2\/media\/537534"}],"wp:attachment":[{"href":"https:\/\/shop.kustom.ch\/fr\/wp-json\/wp\/v2\/media?parent=537485"}],"wp:term":[{"taxonomy":"product_brand","embeddable":true,"href":"https:\/\/shop.kustom.ch\/fr\/wp-json\/wp\/v2\/product_brand?post=537485"},{"taxonomy":"product_cat","embeddable":true,"href":"https:\/\/shop.kustom.ch\/fr\/wp-json\/wp\/v2\/product_cat?post=537485"},{"taxonomy":"product_tag","embeddable":true,"href":"https:\/\/shop.kustom.ch\/fr\/wp-json\/wp\/v2\/product_tag?post=537485"}],"curies":[{"name":"wp","href":"https:\/\/api.w.org\/{rel}","templated":true}]}}