{"id":537017,"date":"2025-03-03T23:52:46","date_gmt":"2025-03-03T22:52:46","guid":{"rendered":"https:\/\/shop.kustom.ch\/?post_type=product&#038;p=537017"},"modified":"2026-03-30T12:54:38","modified_gmt":"2026-03-30T11:54:38","slug":"softshell-jacke-accelerate-safe-2","status":"publish","type":"product","link":"https:\/\/shop.kustom.ch\/fr\/produit\/softshell-jacke-accelerate-safe-2\/","title":{"rendered":"Veste softshell ACCELERATE SAFE"},"content":{"rendered":"<p>Forme adapt\u00e9e aux femmes. Fluorescent et avec des reflets obliques. Respirant, coupe-vent et d\u00e9perlant. Coupe moderne, pr\u00e8s du corps, avec une grande libert\u00e9 de mouvement. Col montant. Bicolore, avec des couleurs vives. Fermeture avec fermeture \u00e9clair \u00e9tanche et rabat de protection contre les intemp\u00e9ries \u00e0 l'int\u00e9rieur. Poches avant avec fermetures \u00e0 glissi\u00e8re \u00e9tanches. Poches int\u00e9rieures. Elastique aux poignets. \u00c9lastique r\u00e9glable \u00e0 l'ourlet inf\u00e9rieur. Porte-carte d'identit\u00e9 amovible.<\/p>\n<p>OEKO-TEX\u00ae STANDARD 100 ; EN ISO 20471 - classe 2 ; Hi-Vis groupe A<br \/>\n100% Polyester<br \/>\nSoftshell \u00e0 3 couches. Peut r\u00e9tr\u00e9cir au maximum de 1%. Le produit est certifi\u00e9 comme conservant ses propri\u00e9t\u00e9s apr\u00e8s 50 lavages \u00e0 la maison.<br \/>\n330 g\/m<br \/>\nLinge d\u00e9licat, max. 40\u00b0 C ; Ne pas blanchir ; Ne pas s\u00e9cher au s\u00e8che-linge ; Ne pas repasser ; Supporte le nettoyage normal<\/p>\n<p><a href=\"https:\/\/mascotsitecore-1ccb8.kxcdn.com\/pdf\/19012-143-14010-de.pdf\" target=\"_blank\" rel=\"noopener\"><u>Ouvrir la fiche produit<\/u><\/a><\/p>","protected":false},"excerpt":{"rendered":"<ul>\n<li>Sp\u00e9cialement con\u00e7u pour les femmes, avec une coupe cintr\u00e9e.<\/li>\n<li>Respirant, coupe-vent et d\u00e9perlant.<\/li>\n<li>Coupe moderne, pr\u00e8s du corps, offrant une grande libert\u00e9 de mouvement.<\/li>\n<li>Fermeture avec une fermeture \u00e9clair \u00e9tanche et une bande de protection contre les intemp\u00e9ries \u00e0 l'int\u00e9rieur.<\/li>\n<li>Poches avant avec fermetures \u00e0 glissi\u00e8re \u00e9tanches.<\/li>\n<li>Elastique r\u00e9glable \u00e0 l'ourlet.<\/li>\n<\/ul>","protected":false},"featured_media":537035,"template":"","meta":[],"product_brand":[],"product_cat":[4186],"product_tag":[],"class_list":{"0":"post-537017","1":"product","2":"type-product","3":"status-publish","4":"has-post-thumbnail","6":"product_cat-jacken","7":"pa_brand-mascot","8":"pa_brand-type-workwear","9":"pa_filter-color-blau","10":"pa_filter-color-gelb","11":"pa_filter-color-grau","12":"pa_filter-color-gruen","13":"pa_filter-color-orange","14":"pa_filter-color-rot","15":"pa_filter-color-schwarz","17":"first","18":"instock","19":"sale","20":"taxable","21":"shipping-taxable","22":"purchasable","23":"product-type-variable","24":"add-to-wishlist-before_image"},"exclude_global_add_ons":[],"addons":[],"acf":[],"_links":{"self":[{"href":"https:\/\/shop.kustom.ch\/fr\/wp-json\/wp\/v2\/product\/537017"}],"collection":[{"href":"https:\/\/shop.kustom.ch\/fr\/wp-json\/wp\/v2\/product"}],"about":[{"href":"https:\/\/shop.kustom.ch\/fr\/wp-json\/wp\/v2\/types\/product"}],"wp:featuredmedia":[{"embeddable":true,"href":"https:\/\/shop.kustom.ch\/fr\/wp-json\/wp\/v2\/media\/537035"}],"wp:attachment":[{"href":"https:\/\/shop.kustom.ch\/fr\/wp-json\/wp\/v2\/media?parent=537017"}],"wp:term":[{"taxonomy":"product_brand","embeddable":true,"href":"https:\/\/shop.kustom.ch\/fr\/wp-json\/wp\/v2\/product_brand?post=537017"},{"taxonomy":"product_cat","embeddable":true,"href":"https:\/\/shop.kustom.ch\/fr\/wp-json\/wp\/v2\/product_cat?post=537017"},{"taxonomy":"product_tag","embeddable":true,"href":"https:\/\/shop.kustom.ch\/fr\/wp-json\/wp\/v2\/product_tag?post=537017"}],"curies":[{"name":"wp","href":"https:\/\/api.w.org\/{rel}","templated":true}]}}