{"id":536508,"date":"2025-03-03T23:48:46","date_gmt":"2025-03-03T22:48:46","guid":{"rendered":"https:\/\/shop.kustom.ch\/?post_type=product&#038;p=536508"},"modified":"2026-03-30T12:52:25","modified_gmt":"2026-03-30T11:52:25","slug":"t-shirt-accelerate-multisafe","status":"publish","type":"product","link":"https:\/\/shop.kustom.ch\/fr\/produit\/t-shirt-accelerate-multisafe\/","title":{"rendered":"T-shirt ACCELERATE MULTISAFE"},"content":{"rendered":"<p>Premium. Bicolore, il se distingue par sa couleur. Fluorescent et avec des reflets obliques. Antistatique et ignifuge. Coupe moderne. Encolure ronde. Bords c\u00f4tes au cou. Bandeau sur la nuque. Garniture de cou.<\/p>\n<p>OEKO-TEX\u00ae STANDARD 100 ; EN 1149-5 ; EN ISO 14116 : indice 3 ; EN ISO 20471 - Classe 2 ; EN 13758-2 UPF 40<br \/>\n44% Modacrylique\/28% Coton\/26% Polyester\/2% Fibres de carbone<br \/>\nTricot au m\u00e8tre. Le produit est certifi\u00e9 selon la norme EN ISO 20471 pour conserver ses propri\u00e9t\u00e9s pendant 50 lavages \u00e0 domicile.<br \/>\n220 g\/m<br \/>\nLavage de couleur, max. 60\u00b0 C ; Pas de blanchiment ; Supporte le s\u00e8che-linge - temp\u00e9rature de d\u00e9part max. 60\u00b0 C ; Repassage \u00e0 basse temp\u00e9rature, max. 100\u00b0 C ; Ne convient pas au nettoyage \u00e0 sec<\/p>\n<p><a href=\"https:\/\/mascotsitecore-1ccb8.kxcdn.com\/pdf\/21382-327-17010-de.pdf\" target=\"_blank\" rel=\"noopener\"><u>Ouvrir la fiche produit<\/u><\/a><\/p>","protected":false},"excerpt":{"rendered":"<ul>\n<li>Antistatique et ignifuge.<\/li>\n<li>Coupe moderne et ajust\u00e9e offrant une bonne libert\u00e9 de mouvement.<\/li>\n<li>Les coutures au niveau du cou sont cach\u00e9es par un mat\u00e9riau doux et rembourr\u00e9, de sorte qu'elles ne g\u00eanent pas.<\/li>\n<li>Plus de libert\u00e9 de mouvement gr\u00e2ce \u00e0 des r\u00e9flexes \u00e9lastiques.<\/li>\n<\/ul>","protected":false},"featured_media":536513,"template":"","meta":[],"product_brand":[],"product_cat":[4201],"product_tag":[],"class_list":{"0":"post-536508","1":"product","2":"type-product","3":"status-publish","4":"has-post-thumbnail","6":"product_cat-t-shirts","7":"pa_brand-mascot","8":"pa_brand-type-workwear","9":"pa_filter-color-blau","10":"pa_filter-color-gelb","11":"pa_filter-color-schwarz","13":"first","14":"instock","15":"sale","16":"taxable","17":"shipping-taxable","18":"purchasable","19":"product-type-variable","20":"add-to-wishlist-before_image"},"exclude_global_add_ons":[],"addons":[],"acf":[],"_links":{"self":[{"href":"https:\/\/shop.kustom.ch\/fr\/wp-json\/wp\/v2\/product\/536508"}],"collection":[{"href":"https:\/\/shop.kustom.ch\/fr\/wp-json\/wp\/v2\/product"}],"about":[{"href":"https:\/\/shop.kustom.ch\/fr\/wp-json\/wp\/v2\/types\/product"}],"wp:featuredmedia":[{"embeddable":true,"href":"https:\/\/shop.kustom.ch\/fr\/wp-json\/wp\/v2\/media\/536513"}],"wp:attachment":[{"href":"https:\/\/shop.kustom.ch\/fr\/wp-json\/wp\/v2\/media?parent=536508"}],"wp:term":[{"taxonomy":"product_brand","embeddable":true,"href":"https:\/\/shop.kustom.ch\/fr\/wp-json\/wp\/v2\/product_brand?post=536508"},{"taxonomy":"product_cat","embeddable":true,"href":"https:\/\/shop.kustom.ch\/fr\/wp-json\/wp\/v2\/product_cat?post=536508"},{"taxonomy":"product_tag","embeddable":true,"href":"https:\/\/shop.kustom.ch\/fr\/wp-json\/wp\/v2\/product_tag?post=536508"}],"curies":[{"name":"wp","href":"https:\/\/api.w.org\/{rel}","templated":true}]}}