{"id":535952,"date":"2025-03-03T23:44:36","date_gmt":"2025-03-03T22:44:36","guid":{"rendered":"https:\/\/shop.kustom.ch\/?post_type=product&#038;p=535952"},"modified":"2026-03-30T12:50:16","modified_gmt":"2026-03-30T11:50:16","slug":"hose-mit-knietaschen-accelerate-9","status":"publish","type":"product","link":"https:\/\/shop.kustom.ch\/fr\/produit\/hose-mit-knietaschen-accelerate-9\/","title":{"rendered":"Pantalon avec poches genouill\u00e8res ACCELERATE"},"content":{"rendered":"<p>Double couture rabattue sur les jambes et \u00e0 l'entrejambe. Taille basse. Passants de ceinture. Pr\u00e9par\u00e9 pour les poches suspendues 19450-126, fix\u00e9es par des boutons. Fermeture \u00e0 boutons dissimul\u00e9e. Braguette avec fermeture \u00e0 glissi\u00e8re. Les jambes du pantalon sont ergonomiques. Poches sur le devant. Poches arri\u00e8re. Poche sur la cuisse avec poche pour t\u00e9l\u00e9phone portable, rabat et boutons-pression cach\u00e9s. Poche m\u00e8tre renforc\u00e9e par du tissu CORDURA\u00ae. Poches genouill\u00e8res en CORDURA\u00ae (500 D) r\u00e9sistant \u00e0 l'usure. R\u00e9glage simple et individuel de la hauteur des poches genouill\u00e8res. Effets r\u00e9fl\u00e9chissants. Pour ce mod\u00e8le, nous recommandons les protections de genoux suivantes : 00418-100, 00718-100, 50451-916 ou 20118-915. Certifi\u00e9 avec les genouill\u00e8res de type SHORT ou LONG selon EN 14404. La longueur d'entrejambe peut \u00eatre rallong\u00e9e de 3 cm en coupant la couture rouge \u00e0 l'int\u00e9rieur de la jambe.<\/p>\n<p>OEKO-TEX\u00ae STANDARD 100 ; ProWash\u00ae - EN ISO 15797<br \/>\n97% Coton biologique\/3% \u00c9lastol\u00e9fine<br \/>\nTissu en serg\u00e9. Peut r\u00e9tr\u00e9cir 3-5%.<br \/>\n350 g\/m<br \/>\nLavage couleur, max. 60\u00b0 C ; Pas de blanchiment ; Supporte le s\u00e8che-linge - temp\u00e9rature de d\u00e9part max. 80\u00b0 C ; Repassage \u00e0 basse temp\u00e9rature, max. 100\u00b0 C ; Supporte le nettoyage normal<\/p>\n<p><a href=\"https:\/\/mascotsitecore-1ccb8.kxcdn.com\/pdf\/20779-563-010-de.pdf\" target=\"_blank\" rel=\"noopener\"><u>Ouvrir la fiche produit<\/u><\/a><\/p>","protected":false},"excerpt":{"rendered":"<ul>\n<li>Le produit est adapt\u00e9 au lavage industriel.<\/li>\n<li>Le coton biologique est produit sans utilisation de pesticides ou de produits chimiques.<\/li>\n<li>La taille basse avec une ceinture moul\u00e9e fait en sorte que le pantalon suive tous les mouvements du corps.<\/li>\n<li>Jambes de pantalons ergonomiques, form\u00e9es selon les mouvements naturels du corps.<\/li>\n<li>Les poches genouill\u00e8res en tissu CORDURA\u00ae r\u00e9sistant sont r\u00e9glables, de sorte que la protection des genoux soit toujours plac\u00e9e de mani\u00e8re optimale.<\/li>\n<li>Disponible en standard en trois longueurs d'entrejambe diff\u00e9rentes, pour la meilleure coupe individuelle et les d\u00e9tails les mieux plac\u00e9s.<\/li>\n<li>Certifi\u00e9 pour une utilisation avec les genouill\u00e8res MASCOT de type SHORT ou LONG, car la poche de genouill\u00e8re est r\u00e9glable en hauteur.<\/li>\n<li>Am\u00e9lioration de la visibilit\u00e9 pour l'entourage \u00e0 l'aide d'effets r\u00e9fl\u00e9chissants.<\/li>\n<\/ul>","protected":false},"featured_media":535955,"template":"","meta":[],"product_brand":[],"product_cat":[4185],"product_tag":[],"class_list":{"0":"post-535952","1":"product","2":"type-product","3":"status-publish","4":"has-post-thumbnail","6":"product_cat-hosen","7":"pa_brand-mascot","8":"pa_brand-type-workwear","9":"pa_filter-color-schwarz","11":"first","12":"instock","13":"sale","14":"taxable","15":"shipping-taxable","16":"purchasable","17":"product-type-variable","18":"add-to-wishlist-before_image"},"exclude_global_add_ons":[],"addons":[],"acf":[],"_links":{"self":[{"href":"https:\/\/shop.kustom.ch\/fr\/wp-json\/wp\/v2\/product\/535952"}],"collection":[{"href":"https:\/\/shop.kustom.ch\/fr\/wp-json\/wp\/v2\/product"}],"about":[{"href":"https:\/\/shop.kustom.ch\/fr\/wp-json\/wp\/v2\/types\/product"}],"wp:featuredmedia":[{"embeddable":true,"href":"https:\/\/shop.kustom.ch\/fr\/wp-json\/wp\/v2\/media\/535955"}],"wp:attachment":[{"href":"https:\/\/shop.kustom.ch\/fr\/wp-json\/wp\/v2\/media?parent=535952"}],"wp:term":[{"taxonomy":"product_brand","embeddable":true,"href":"https:\/\/shop.kustom.ch\/fr\/wp-json\/wp\/v2\/product_brand?post=535952"},{"taxonomy":"product_cat","embeddable":true,"href":"https:\/\/shop.kustom.ch\/fr\/wp-json\/wp\/v2\/product_cat?post=535952"},{"taxonomy":"product_tag","embeddable":true,"href":"https:\/\/shop.kustom.ch\/fr\/wp-json\/wp\/v2\/product_tag?post=535952"}],"curies":[{"name":"wp","href":"https:\/\/api.w.org\/{rel}","templated":true}]}}