{"id":535854,"date":"2025-03-03T23:43:58","date_gmt":"2025-03-03T22:43:58","guid":{"rendered":"https:\/\/shop.kustom.ch\/?post_type=product&#038;p=535854"},"modified":"2026-03-30T12:49:57","modified_gmt":"2026-03-30T11:49:57","slug":"jacke-accelerate-4","status":"publish","type":"product","link":"https:\/\/shop.kustom.ch\/fr\/produit\/jacke-accelerate-4\/","title":{"rendered":"Veste ACCELERATE"},"content":{"rendered":"<p>Fermeture avec boutons-pression. Col montant. Poche de poitrine avec rabat et fermeture \u00e0 glissi\u00e8re. Poches avant avec boutons-pression. \u00c9lastique dans le bord inf\u00e9rieur sur les c\u00f4t\u00e9s. \u00c9lastique aux poignets. Effets r\u00e9fl\u00e9chissants.<\/p>\n<p>OEKO-TEX\u00ae STANDARD 100 ; ProWash\u00ae - EN ISO 15797<br \/>\n97% Coton biologique\/3% \u00c9lastol\u00e9fine<br \/>\nTissu en serg\u00e9. Peut r\u00e9tr\u00e9cir 3-5%.<br \/>\n350 g\/m<br \/>\nLavage couleur, max. 60\u00b0 C ; Pas de blanchiment ; Supporte le s\u00e8che-linge - temp\u00e9rature de d\u00e9part max. 80\u00b0 C ; Repassage \u00e0 basse temp\u00e9rature, max. 100\u00b0 C ; Supporte le nettoyage normal<\/p>\n<p><a href=\"https:\/\/mascotsitecore-1ccb8.kxcdn.com\/pdf\/20709-563-010-de.pdf\" target=\"_blank\" rel=\"noopener\"><u>Ouvrir la fiche produit<\/u><\/a><\/p>","protected":false},"excerpt":{"rendered":"<ul>\n<li>Le produit est adapt\u00e9 au lavage industriel.<\/li>\n<li>Le coton biologique est produit sans utilisation de pesticides ou de produits chimiques.<\/li>\n<li>Fermeture \u00e0 glissi\u00e8re sur toute la longueur.<\/li>\n<li>Poches avec fermeture \u00e0 glissi\u00e8re.<\/li>\n<li>\u00c9lastique aux poignets et dans le bas.<\/li>\n<li>Am\u00e9lioration de la visibilit\u00e9 pour l'entourage \u00e0 l'aide d'effets r\u00e9fl\u00e9chissants.<\/li>\n<\/ul>","protected":false},"featured_media":535894,"template":"","meta":[],"product_brand":[],"product_cat":[4186],"product_tag":[],"class_list":{"0":"post-535854","1":"product","2":"type-product","3":"status-publish","4":"has-post-thumbnail","6":"product_cat-jacken","7":"pa_brand-mascot","8":"pa_brand-type-workwear","9":"pa_filter-color-schwarz","11":"first","12":"instock","13":"sale","14":"taxable","15":"shipping-taxable","16":"purchasable","17":"product-type-variable","18":"add-to-wishlist-before_image"},"exclude_global_add_ons":[],"addons":[],"acf":[],"_links":{"self":[{"href":"https:\/\/shop.kustom.ch\/fr\/wp-json\/wp\/v2\/product\/535854"}],"collection":[{"href":"https:\/\/shop.kustom.ch\/fr\/wp-json\/wp\/v2\/product"}],"about":[{"href":"https:\/\/shop.kustom.ch\/fr\/wp-json\/wp\/v2\/types\/product"}],"wp:featuredmedia":[{"embeddable":true,"href":"https:\/\/shop.kustom.ch\/fr\/wp-json\/wp\/v2\/media\/535894"}],"wp:attachment":[{"href":"https:\/\/shop.kustom.ch\/fr\/wp-json\/wp\/v2\/media?parent=535854"}],"wp:term":[{"taxonomy":"product_brand","embeddable":true,"href":"https:\/\/shop.kustom.ch\/fr\/wp-json\/wp\/v2\/product_brand?post=535854"},{"taxonomy":"product_cat","embeddable":true,"href":"https:\/\/shop.kustom.ch\/fr\/wp-json\/wp\/v2\/product_cat?post=535854"},{"taxonomy":"product_tag","embeddable":true,"href":"https:\/\/shop.kustom.ch\/fr\/wp-json\/wp\/v2\/product_tag?post=535854"}],"curies":[{"name":"wp","href":"https:\/\/api.w.org\/{rel}","templated":true}]}}