{"id":535499,"date":"2025-03-03T23:41:05","date_gmt":"2025-03-03T22:41:05","guid":{"rendered":"https:\/\/shop.kustom.ch\/?post_type=product&#038;p=535499"},"modified":"2026-03-30T12:49:10","modified_gmt":"2026-03-30T11:49:10","slug":"latzhose-fuer-kinder-accelerate","status":"publish","type":"product","link":"https:\/\/shop.kustom.ch\/fr\/produit\/latzhose-fuer-kinder-accelerate\/","title":{"rendered":"Salopette pour enfants ACCELERATE"},"content":{"rendered":"<p>Avec une finition hydrofuge. Tissu stretch ultime, l\u00e9ger et tr\u00e8s r\u00e9sistant. Le tissu est presque imperceptible sur la peau, car les poches sont int\u00e9gr\u00e9es dans le design. Sangles avec insert \u00e9lastique court et solide et boucles en plastique. Coutures \u00e0 double rabat sur les jambes et \u00e0 l'entrejambe. Les jambes du pantalon ont une forme ergonomique. Braguette avec fermeture \u00e0 glissi\u00e8re. Taille r\u00e9glable. Poches \u00e0 l'avant. Poches arri\u00e8re. Renforts en CORDURA\u00ae (500 D) aux genoux. Avec impressions et r\u00e9flexions.<\/p>\n<p>OEKO-TEX\u00ae STANDARD 100<br \/>\n92% Polyamide\/8% \u00c9lasthanne<br \/>\nSTRETCH ULTIME. Peut r\u00e9tr\u00e9cir au maximum de 2%.<br \/>\n235 g\/m<br \/>\nLinge d\u00e9licat, max. 40\u00b0 C ; Ne pas blanchir ; Ne pas s\u00e9cher au s\u00e8che-linge ; Repasser \u00e0 basse temp\u00e9rature, max. 100\u00b0 C ; Supporte le nettoyage normal<\/p>\n<p><a href=\"https:\/\/mascotsitecore-1ccb8.kxcdn.com\/pdf\/18969-311-010-de.pdf\" target=\"_blank\" rel=\"noopener\"><u>Ouvrir la fiche produit<\/u><\/a><\/p>","protected":false},"excerpt":{"rendered":"<ul>\n<li>Le tissu stretch est \u00e9lastique dans toutes les directions et offre une libert\u00e9 de mouvement in\u00e9gal\u00e9e, o\u00f9 rien ne tire ou ne g\u00eane.<\/li>\n<li>Le tissu stretch multifonctionnel combine un faible poids avec une tr\u00e8s grande r\u00e9sistance \u00e0 l'usure et est en outre hydrofuge.<\/li>\n<li>Jambes de pantalons ergonomiques, form\u00e9es selon les mouvements naturels du corps.<\/li>\n<li>Ajustement individuel gr\u00e2ce \u00e0 la taille r\u00e9glable.<\/li>\n<li>Les renforts en tissu CORDURA\u00ae aux endroits les plus sollicit\u00e9s assurent une grande r\u00e9sistance et une longue dur\u00e9e de vie.<\/li>\n<li>Am\u00e9lioration de la visibilit\u00e9 pour l'entourage \u00e0 l'aide d'effets r\u00e9fl\u00e9chissants.<\/li>\n<\/ul>","protected":false},"featured_media":535514,"template":"","meta":[],"product_brand":[],"product_cat":[10448],"product_tag":[],"class_list":{"0":"post-535499","1":"product","2":"type-product","3":"status-publish","4":"has-post-thumbnail","6":"product_cat-latzhose","7":"pa_brand-mascot","8":"pa_brand-type-workwear","9":"pa_filter-color-gruen","10":"pa_filter-color-schwarz","12":"first","13":"instock","14":"sale","15":"taxable","16":"shipping-taxable","17":"purchasable","18":"product-type-variable","19":"add-to-wishlist-before_image"},"exclude_global_add_ons":[],"addons":[],"acf":[],"_links":{"self":[{"href":"https:\/\/shop.kustom.ch\/fr\/wp-json\/wp\/v2\/product\/535499"}],"collection":[{"href":"https:\/\/shop.kustom.ch\/fr\/wp-json\/wp\/v2\/product"}],"about":[{"href":"https:\/\/shop.kustom.ch\/fr\/wp-json\/wp\/v2\/types\/product"}],"wp:featuredmedia":[{"embeddable":true,"href":"https:\/\/shop.kustom.ch\/fr\/wp-json\/wp\/v2\/media\/535514"}],"wp:attachment":[{"href":"https:\/\/shop.kustom.ch\/fr\/wp-json\/wp\/v2\/media?parent=535499"}],"wp:term":[{"taxonomy":"product_brand","embeddable":true,"href":"https:\/\/shop.kustom.ch\/fr\/wp-json\/wp\/v2\/product_brand?post=535499"},{"taxonomy":"product_cat","embeddable":true,"href":"https:\/\/shop.kustom.ch\/fr\/wp-json\/wp\/v2\/product_cat?post=535499"},{"taxonomy":"product_tag","embeddable":true,"href":"https:\/\/shop.kustom.ch\/fr\/wp-json\/wp\/v2\/product_tag?post=535499"}],"curies":[{"name":"wp","href":"https:\/\/api.w.org\/{rel}","templated":true}]}}