{"id":535461,"date":"2025-03-03T23:41:00","date_gmt":"2025-03-03T22:41:00","guid":{"rendered":"https:\/\/shop.kustom.ch\/?post_type=product&#038;p=535461"},"modified":"2026-03-30T12:49:06","modified_gmt":"2026-03-30T11:49:06","slug":"schneeanzug-fuer-kinder-accelerate","status":"publish","type":"product","link":"https:\/\/shop.kustom.ch\/fr\/produit\/schneeanzug-fuer-kinder-accelerate\/","title":{"rendered":"Combinaison de neige pour enfants ACCELERATE"},"content":{"rendered":"<p>Respirant, imperm\u00e9able au vent et \u00e0 l'eau. Les coutures sont coll\u00e9es. Avec CLIMASCOT\u00ae Lightweight Insulation. Capuche doubl\u00e9e amovible avec empi\u00e8cement \u00e9lastique. Fermeture par zip et rabat de protection contre les intemp\u00e9ries \u00e0 l'int\u00e9rieur. Elastique \u00e0 la taille. Poches avant avec fermeture \u00e9clair. Poignets c\u00f4tel\u00e9s (cach\u00e9s sous la bande de protection contre les intemp\u00e9ries). Renforts en tissu CORDURA\u00ae sur diff\u00e9rentes parties du produit. Fermeture \u00e0 glissi\u00e8re sur l'ext\u00e9rieur de la jambe. Passants pour les bottes. Avec impression et reflets.<\/p>\n<p>OEKO-TEX\u00ae STANDARD 100<br \/>\n100% Polyester<br \/>\nTissu ripstop. Colonne d'eau &gt; 10.000 mm selon EN ISO 811. Peut r\u00e9tr\u00e9cir au maximum 2%.<br \/>\n210 g\/m\u00b2 (1,5 lb)<br \/>\nLavage de couleur, max. 60\u00b0 C ; Ne pas blanchir ; Ne pas s\u00e9cher au s\u00e8che-linge ; Ne pas repasser ; Supporte le nettoyage normal<\/p>\n<p><a href=\"https:\/\/mascotsitecore-1ccb8.kxcdn.com\/pdf\/18919-231-09-de.pdf\" target=\"_blank\" rel=\"noopener\"><u>Ouvrir la fiche produit<\/u><\/a><\/p>","protected":false},"excerpt":{"rendered":"<ul>\n<li>Respirant, \u00e9tanche au vent et \u00e0 l'eau avec coutures scell\u00e9es.<\/li>\n<li>L'isolation CLIMASCOT\u00ae unique en son genre r\u00e9chauffe efficacement, est l\u00e9g\u00e8re, douce et peut \u00eatre comprim\u00e9e dans un faible volume.<\/li>\n<li>Capuche amovible avec doublure.<\/li>\n<li>Les renforts en tissu CORDURA\u00ae aux endroits les plus sollicit\u00e9s assurent une grande r\u00e9sistance et une longue dur\u00e9e de vie.<\/li>\n<li>Fermeture \u00e9clair extra-longue avec bande de protection contre les intemp\u00e9ries \u00e0 l'ext\u00e9rieur de la jambe, pour une utilisation facile avec des bottes.<\/li>\n<li>Passants de bottes.<\/li>\n<li>Am\u00e9lioration de la visibilit\u00e9 pour l'entourage \u00e0 l'aide d'effets r\u00e9fl\u00e9chissants.<\/li>\n<\/ul>","protected":false},"featured_media":535506,"template":"","meta":[],"product_brand":[],"product_cat":[4186],"product_tag":[],"class_list":{"0":"post-535461","1":"product","2":"type-product","3":"status-publish","4":"has-post-thumbnail","6":"product_cat-jacken","7":"pa_brand-mascot","8":"pa_brand-type-workwear","9":"pa_filter-color-blau","10":"pa_filter-color-gruen","11":"pa_filter-color-rot","12":"pa_filter-color-schwarz","14":"first","15":"instock","16":"sale","17":"taxable","18":"shipping-taxable","19":"purchasable","20":"product-type-variable","21":"add-to-wishlist-before_image"},"exclude_global_add_ons":[],"addons":[],"acf":[],"_links":{"self":[{"href":"https:\/\/shop.kustom.ch\/fr\/wp-json\/wp\/v2\/product\/535461"}],"collection":[{"href":"https:\/\/shop.kustom.ch\/fr\/wp-json\/wp\/v2\/product"}],"about":[{"href":"https:\/\/shop.kustom.ch\/fr\/wp-json\/wp\/v2\/types\/product"}],"wp:featuredmedia":[{"embeddable":true,"href":"https:\/\/shop.kustom.ch\/fr\/wp-json\/wp\/v2\/media\/535506"}],"wp:attachment":[{"href":"https:\/\/shop.kustom.ch\/fr\/wp-json\/wp\/v2\/media?parent=535461"}],"wp:term":[{"taxonomy":"product_brand","embeddable":true,"href":"https:\/\/shop.kustom.ch\/fr\/wp-json\/wp\/v2\/product_brand?post=535461"},{"taxonomy":"product_cat","embeddable":true,"href":"https:\/\/shop.kustom.ch\/fr\/wp-json\/wp\/v2\/product_cat?post=535461"},{"taxonomy":"product_tag","embeddable":true,"href":"https:\/\/shop.kustom.ch\/fr\/wp-json\/wp\/v2\/product_tag?post=535461"}],"curies":[{"name":"wp","href":"https:\/\/api.w.org\/{rel}","templated":true}]}}