{"id":535278,"date":"2025-03-03T23:39:36","date_gmt":"2025-03-03T22:39:36","guid":{"rendered":"https:\/\/shop.kustom.ch\/?post_type=product&#038;p=535278"},"modified":"2026-03-30T12:48:41","modified_gmt":"2026-03-30T11:48:41","slug":"hose-accelerate-3","status":"publish","type":"product","link":"https:\/\/shop.kustom.ch\/fr\/produit\/hose-accelerate-3\/","title":{"rendered":"Pantalon ACCELERATE"},"content":{"rendered":"<p>De couleur unie. Qualit\u00e9 l\u00e9g\u00e8re. Double couture rabattue sur les jambes et \u00e0 l'entrejambe. Taille basse et ceinture moul\u00e9e. Les jambes du pantalon ont une forme ergonomique. Passants de ceinture. Braguette avec fermeture \u00e0 glissi\u00e8re. Poches \u00e0 l'avant. Poches arri\u00e8re. Poche sur la cuisse avec poche pour t\u00e9l\u00e9phone portable, rabat et bouton-pression dissimul\u00e9 et porte-carte d'identit\u00e9 int\u00e9gr\u00e9. Porte-carte d'identit\u00e9 amovible. Poche m\u00e8tre, renforc\u00e9e par du tissu CORDURA\u00ae. Avec impression et r\u00e9flecteurs.<\/p>\n<p>OEKO-TEX\u00ae STANDARD 100 ; ProWash\u00ae - EN ISO 15797<br \/>\n50% Coton\/50% Polyester<br \/>\nTissu en serg\u00e9. Peut r\u00e9tr\u00e9cir 1-2%.<br \/>\n205 g\/m\u00b2 (1,5 lb)<br \/>\nLavage couleur, max. 60\u00b0 C ; Pas de blanchiment ; Supporte le s\u00e8che-linge - temp\u00e9rature de d\u00e9part max. 80\u00b0 C ; Repassage \u00e0 basse temp\u00e9rature, max. 100\u00b0 C ; Supporte le nettoyage normal<\/p>\n<p><a href=\"https:\/\/mascotsitecore-1ccb8.kxcdn.com\/pdf\/18779-230-010-de.pdf\" target=\"_blank\" rel=\"noopener\"><u>Ouvrir la fiche produit<\/u><\/a><\/p>","protected":false},"excerpt":{"rendered":"<ul>\n<li>Particuli\u00e8rement adapt\u00e9 aux environnements chauds, car particuli\u00e8rement l\u00e9ger et avec une forte teneur en coton.<\/li>\n<li>La taille basse avec une ceinture moul\u00e9e fait en sorte que le pantalon suive tous les mouvements du corps.<\/li>\n<li>Jambes de pantalons ergonomiques, form\u00e9es selon les mouvements naturels du corps.<\/li>\n<li>Poche m\u00e8tre pliant en tissu CORDURA\u00ae avec poches suppl\u00e9mentaires.<\/li>\n<li>Am\u00e9lioration de la visibilit\u00e9 pour l'entourage \u00e0 l'aide d'effets r\u00e9fl\u00e9chissants.<\/li>\n<li>Le produit est adapt\u00e9 au lavage industriel.<\/li>\n<\/ul>","protected":false},"featured_media":535311,"template":"","meta":[],"product_brand":[],"product_cat":[4185],"product_tag":[],"class_list":{"0":"post-535278","1":"product","2":"type-product","3":"status-publish","4":"has-post-thumbnail","6":"product_cat-hosen","7":"pa_brand-mascot","8":"pa_brand-type-workwear","9":"pa_filter-color-grau","10":"pa_filter-color-schwarz","12":"first","13":"instock","14":"sale","15":"taxable","16":"shipping-taxable","17":"purchasable","18":"product-type-variable","19":"add-to-wishlist-before_image"},"exclude_global_add_ons":[],"addons":[],"acf":[],"_links":{"self":[{"href":"https:\/\/shop.kustom.ch\/fr\/wp-json\/wp\/v2\/product\/535278"}],"collection":[{"href":"https:\/\/shop.kustom.ch\/fr\/wp-json\/wp\/v2\/product"}],"about":[{"href":"https:\/\/shop.kustom.ch\/fr\/wp-json\/wp\/v2\/types\/product"}],"wp:featuredmedia":[{"embeddable":true,"href":"https:\/\/shop.kustom.ch\/fr\/wp-json\/wp\/v2\/media\/535311"}],"wp:attachment":[{"href":"https:\/\/shop.kustom.ch\/fr\/wp-json\/wp\/v2\/media?parent=535278"}],"wp:term":[{"taxonomy":"product_brand","embeddable":true,"href":"https:\/\/shop.kustom.ch\/fr\/wp-json\/wp\/v2\/product_brand?post=535278"},{"taxonomy":"product_cat","embeddable":true,"href":"https:\/\/shop.kustom.ch\/fr\/wp-json\/wp\/v2\/product_cat?post=535278"},{"taxonomy":"product_tag","embeddable":true,"href":"https:\/\/shop.kustom.ch\/fr\/wp-json\/wp\/v2\/product_tag?post=535278"}],"curies":[{"name":"wp","href":"https:\/\/api.w.org\/{rel}","templated":true}]}}