{"id":535261,"date":"2025-03-03T23:39:34","date_gmt":"2025-03-03T22:39:34","guid":{"rendered":"https:\/\/shop.kustom.ch\/?post_type=product&#038;p=535261"},"modified":"2026-03-30T12:48:34","modified_gmt":"2026-03-30T11:48:34","slug":"ueberziehhose-accelerate","status":"publish","type":"product","link":"https:\/\/shop.kustom.ch\/fr\/produit\/ueberziehhose-accelerate\/","title":{"rendered":"Sur-pantalon ACCELERATE"},"content":{"rendered":"<p>Tissu tr\u00e8s r\u00e9sistant, respirant, coupe-vent et imperm\u00e9able. Les coutures sont coll\u00e9es. Les jambes du pantalon ont une forme ergonomique. Passants de ceinture. Anneau en D. \u00c9lastique et cordon de serrage \u00e0 la taille. Ouvertures de fermeture \u00e0 glissi\u00e8re sur le devant des deux c\u00f4t\u00e9s, de sorte que les poches de cuisse du pantalon en dessous peuvent \u00eatre pass\u00e9es par les ouvertures. Poche pour m\u00e8tre pliant et petite poche ext\u00e9rieure renforc\u00e9es par du tissu CORDURA\u00ae. Poches genouill\u00e8res en polyester, r\u00e9glables en hauteur. R\u00e9glage simple et individuel de la hauteur des poches genouill\u00e8res. Fermeture \u00e0 glissi\u00e8re avec rabat de protection contre les intemp\u00e9ries \u00e0 l'ext\u00e9rieur de la jambe. Ceinture \u00e0 c\u00f4tes \u00e0 l'int\u00e9rieur de la jambe du pantalon. Pour ce mod\u00e8le, nous recommandons les protections de genoux suivantes : 00418-100, 00718-100, 50451-916 ou 20118-915. Certifi\u00e9 avec le type de genouill\u00e8re SHORT ou LONG selon EN 14404.<\/p>\n<p>OEKO-TEX\u00ae STANDARD 100 ; EN 343 4-2-X<br \/>\n100% Polyester<br \/>\nRipstop.<br \/>\n185 g\/m<br \/>\nLinge d\u00e9licat, max. 40\u00b0 C ; Ne pas blanchir ; Ne pas s\u00e9cher au s\u00e8che-linge ; Ne pas repasser ; Supporte le nettoyage normal<\/p>\n<p><a href=\"https:\/\/mascotsitecore-1ccb8.kxcdn.com\/pdf\/18690-349-010-de.pdf\" target=\"_blank\" rel=\"noopener\"><u>Ouvrir la fiche produit<\/u><\/a><\/p>","protected":false},"excerpt":{"rendered":"<ul>\n<li>Respirant, \u00e9tanche au vent et \u00e0 l'eau avec coutures scell\u00e9es.<\/li>\n<li>Jambes de pantalons ergonomiques, form\u00e9es selon les mouvements naturels du corps.<\/li>\n<li>Anneau en D pour les cl\u00e9s ou les cartes d'identit\u00e9.<\/li>\n<li>Ouvertures zipp\u00e9es sur le devant des deux c\u00f4t\u00e9s, de sorte que les poches sur les cuisses du pantalon en dessous peuvent \u00eatre pass\u00e9es par les ouvertures.<\/li>\n<li>Les poches pour les genoux sont r\u00e9glables en hauteur, de sorte que la protection des genoux est plac\u00e9e de mani\u00e8re optimale sur les genoux.<\/li>\n<li>Certifi\u00e9 pour une utilisation avec les genouill\u00e8res MASCOT de type SHORT ou LONG, car la poche de genouill\u00e8re est r\u00e9glable en hauteur.<\/li>\n<li>Fermeture \u00e9clair extra-longue avec bande de protection contre les intemp\u00e9ries \u00e0 l'ext\u00e9rieur de la jambe, pour une utilisation facile avec des bottes.<\/li>\n<\/ul>","protected":false},"featured_media":535309,"template":"","meta":[],"product_brand":[],"product_cat":[4185],"product_tag":[],"class_list":{"0":"post-535261","1":"product","2":"type-product","3":"status-publish","4":"has-post-thumbnail","6":"product_cat-hosen","7":"pa_brand-mascot","8":"pa_brand-type-workwear","9":"pa_filter-color-schwarz","11":"first","12":"instock","13":"sale","14":"taxable","15":"shipping-taxable","16":"purchasable","17":"product-type-variable","18":"add-to-wishlist-before_image"},"exclude_global_add_ons":[],"addons":[],"acf":[],"_links":{"self":[{"href":"https:\/\/shop.kustom.ch\/fr\/wp-json\/wp\/v2\/product\/535261"}],"collection":[{"href":"https:\/\/shop.kustom.ch\/fr\/wp-json\/wp\/v2\/product"}],"about":[{"href":"https:\/\/shop.kustom.ch\/fr\/wp-json\/wp\/v2\/types\/product"}],"wp:featuredmedia":[{"embeddable":true,"href":"https:\/\/shop.kustom.ch\/fr\/wp-json\/wp\/v2\/media\/535309"}],"wp:attachment":[{"href":"https:\/\/shop.kustom.ch\/fr\/wp-json\/wp\/v2\/media?parent=535261"}],"wp:term":[{"taxonomy":"product_brand","embeddable":true,"href":"https:\/\/shop.kustom.ch\/fr\/wp-json\/wp\/v2\/product_brand?post=535261"},{"taxonomy":"product_cat","embeddable":true,"href":"https:\/\/shop.kustom.ch\/fr\/wp-json\/wp\/v2\/product_cat?post=535261"},{"taxonomy":"product_tag","embeddable":true,"href":"https:\/\/shop.kustom.ch\/fr\/wp-json\/wp\/v2\/product_tag?post=535261"}],"curies":[{"name":"wp","href":"https:\/\/api.w.org\/{rel}","templated":true}]}}