{"id":535070,"date":"2025-03-03T23:38:29","date_gmt":"2025-03-03T22:38:29","guid":{"rendered":"https:\/\/shop.kustom.ch\/?post_type=product&#038;p=535070"},"modified":"2026-03-30T12:48:27","modified_gmt":"2026-03-30T11:48:27","slug":"hose-mit-schenkeltaschen-accelerate-4","status":"publish","type":"product","link":"https:\/\/shop.kustom.ch\/fr\/produit\/hose-mit-schenkeltaschen-accelerate-4\/","title":{"rendered":"Pantalon avec poches sur les cuisses ACCELERATE"},"content":{"rendered":"<p>Certaines parties du produit sont en tissu stretch. Combinaison de la qualit\u00e9 de tissu l\u00e9ger 442 et de la qualit\u00e9 de tissu ULTIMATE STRETCH 511. Les poches sont int\u00e9gr\u00e9es dans le design. Coutures rabattues doubles sur les jambes et \u00e0 l'entrejambe. Taille basse. Les jambes du pantalon ont une forme ergonomique. Passants de ceinture. Braguette avec fermeture \u00e0 glissi\u00e8re. Poches \u00e0 l'avant. Poches arri\u00e8re avec fermeture \u00e0 glissi\u00e8re. Poche sur la cuisse avec poche pour t\u00e9l\u00e9phone portable, rabat et bouton-pression dissimul\u00e9 et porte-carte d'identit\u00e9 int\u00e9gr\u00e9. Porte-carte d'identit\u00e9 amovible. Poche sur la cuisse avec poche m\u00e8tre. Avec impression et r\u00e9flexions.<\/p>\n<p>OEKO-TEX\u00ae STANDARD 100 ; ProWash\u00ae - EN ISO 15797<br \/>\n65% polyester\/35% coton<br \/>\nSerg\u00e9.<br \/>\n270 g\/m<br \/>\nLavage de couleur, max. 60\u00b0 C ; Pas de blanchiment ; Supporte le s\u00e8che-linge - temp\u00e9rature de d\u00e9part max. 80\u00b0 C ; Pas de repassage ; Supporte le nettoyage normal<\/p>\n<p><a href=\"https:\/\/mascotsitecore-1ccb8.kxcdn.com\/pdf\/18679-442-010-de.pdf\" target=\"_blank\" rel=\"noopener\"><u>Ouvrir la fiche produit<\/u><\/a><\/p>","protected":false},"excerpt":{"rendered":"<ul>\n<li>Nombreux empi\u00e8cements en mati\u00e8re \u00e9lastique offrant une libert\u00e9 de mouvement unique.<\/li>\n<li>La taille basse avec une ceinture moul\u00e9e fait en sorte que le pantalon suive tous les mouvements du corps.<\/li>\n<li>Jambes de pantalons ergonomiques, form\u00e9es selon les mouvements naturels du corps.<\/li>\n<li>Am\u00e9lioration de la visibilit\u00e9 pour l'entourage \u00e0 l'aide d'effets r\u00e9fl\u00e9chissants.<\/li>\n<li>Le produit est adapt\u00e9 au lavage industriel.<\/li>\n<\/ul>","protected":false},"featured_media":535124,"template":"","meta":[],"product_brand":[],"product_cat":[4185],"product_tag":[],"class_list":{"0":"post-535070","1":"product","2":"type-product","3":"status-publish","4":"has-post-thumbnail","6":"product_cat-hosen","7":"pa_brand-mascot","8":"pa_brand-type-workwear","9":"pa_filter-color-blau","10":"pa_filter-color-grau","11":"pa_filter-color-gruen","12":"pa_filter-color-schwarz","14":"first","15":"instock","16":"sale","17":"taxable","18":"shipping-taxable","19":"purchasable","20":"product-type-variable","21":"add-to-wishlist-before_image"},"exclude_global_add_ons":[],"addons":[],"acf":[],"_links":{"self":[{"href":"https:\/\/shop.kustom.ch\/fr\/wp-json\/wp\/v2\/product\/535070"}],"collection":[{"href":"https:\/\/shop.kustom.ch\/fr\/wp-json\/wp\/v2\/product"}],"about":[{"href":"https:\/\/shop.kustom.ch\/fr\/wp-json\/wp\/v2\/types\/product"}],"wp:featuredmedia":[{"embeddable":true,"href":"https:\/\/shop.kustom.ch\/fr\/wp-json\/wp\/v2\/media\/535124"}],"wp:attachment":[{"href":"https:\/\/shop.kustom.ch\/fr\/wp-json\/wp\/v2\/media?parent=535070"}],"wp:term":[{"taxonomy":"product_brand","embeddable":true,"href":"https:\/\/shop.kustom.ch\/fr\/wp-json\/wp\/v2\/product_brand?post=535070"},{"taxonomy":"product_cat","embeddable":true,"href":"https:\/\/shop.kustom.ch\/fr\/wp-json\/wp\/v2\/product_cat?post=535070"},{"taxonomy":"product_tag","embeddable":true,"href":"https:\/\/shop.kustom.ch\/fr\/wp-json\/wp\/v2\/product_tag?post=535070"}],"curies":[{"name":"wp","href":"https:\/\/api.w.org\/{rel}","templated":true}]}}