{"id":534675,"date":"2025-03-03T23:35:51","date_gmt":"2025-03-03T22:35:51","guid":{"rendered":"https:\/\/shop.kustom.ch\/?post_type=product&#038;p=534675"},"modified":"2026-03-30T12:47:51","modified_gmt":"2026-03-30T11:47:51","slug":"latzhose-mit-knietaschen-accelerate","status":"publish","type":"product","link":"https:\/\/shop.kustom.ch\/fr\/produit\/latzhose-mit-knietaschen-accelerate\/","title":{"rendered":"Salopette avec poches genouill\u00e8res ACCELERATE"},"content":{"rendered":"<p>Certaines parties du produit sont en tissu stretch. Combinaison de la qualit\u00e9 de tissu l\u00e9ger 442 et de la qualit\u00e9 de tissu ULTIMATE STRETCH 511. Double couture rabattue sur les jambes et \u00e0 l'entrejambe. Les poches sont int\u00e9gr\u00e9es dans le design. Les jambes du pantalon ont une forme ergonomique. Bretelles en tissu, r\u00e9glables, avec un \u00e9lastique court et solide et des boucles en plastique. Poche bavette avec poche pour t\u00e9l\u00e9phone portable et rabat avec bouton-pression dissimul\u00e9. La taille est r\u00e9glable. Passants de ceinture. Braguette avec fermeture \u00e0 glissi\u00e8re. Poches sur le devant. Poches arri\u00e8re. Poche sur la cuisse avec poche pour t\u00e9l\u00e9phone portable, rabat et bouton pression dissimul\u00e9 et porte-carte d'identit\u00e9 int\u00e9gr\u00e9. Porte-carte d'identit\u00e9 amovible. Poche m\u00e8tre en tissu CORDURA\u00ae avec poches suppl\u00e9mentaires. Poches genouill\u00e8res en tissu CORDURA\u00ae (1000 D) super r\u00e9sistant. R\u00e9glage facile et individuel de la hauteur des poches genouill\u00e8res. Avec impression et reflets. Pour ce mod\u00e8le, nous recommandons les protections de genoux suivantes : 00418-100, 00718-100, 50451-916 ou 20118-915. Certifi\u00e9 avec le type de genouill\u00e8re SHORT ou LONG selon EN 14404.<\/p>\n<p>OEKO-TEX\u00ae STANDARD 100 ; ProWash\u00ae - EN ISO 15797<br \/>\n65% polyester\/35% coton<br \/>\nSerg\u00e9.<br \/>\n270 g\/m<br \/>\nLavage de couleur, max. 60\u00b0 C ; Pas de blanchiment ; Supporte le s\u00e8che-linge - temp\u00e9rature de d\u00e9part max. 80\u00b0 C ; Pas de repassage ; Supporte le nettoyage normal<\/p>\n<p><a href=\"https:\/\/mascotsitecore-1ccb8.kxcdn.com\/pdf\/18569-442-010-de.pdf\" target=\"_blank\" rel=\"noopener\"><u>Ouvrir la fiche produit<\/u><\/a><\/p>","protected":false},"excerpt":{"rendered":"<ul>\n<li>Nombreux empi\u00e8cements en mati\u00e8re \u00e9lastique offrant une libert\u00e9 de mouvement unique.<\/li>\n<li>Jambes de pantalons ergonomiques, form\u00e9es selon les mouvements naturels du corps.<\/li>\n<li>Les poches genouill\u00e8res en tissu CORDURA\u00ae r\u00e9sistant sont r\u00e9glables, de sorte que la protection des genoux soit toujours plac\u00e9e de mani\u00e8re optimale.<\/li>\n<li>Le produit est adapt\u00e9 au lavage industriel.<\/li>\n<li>Disponible en standard en trois longueurs d'entrejambe diff\u00e9rentes, pour la meilleure coupe individuelle et les d\u00e9tails les mieux plac\u00e9s.<\/li>\n<li>Certifi\u00e9 pour une utilisation avec les genouill\u00e8res MASCOT de type SHORT ou LONG, car la poche de genouill\u00e8re est r\u00e9glable en hauteur.<\/li>\n<\/ul>","protected":false},"featured_media":534689,"template":"","meta":[],"product_brand":[],"product_cat":[10448],"product_tag":[],"class_list":{"0":"post-534675","1":"product","2":"type-product","3":"status-publish","4":"has-post-thumbnail","6":"product_cat-latzhose","7":"pa_brand-mascot","8":"pa_brand-type-workwear","9":"pa_filter-color-blau","10":"pa_filter-color-grau","11":"pa_filter-color-gruen","12":"pa_filter-color-schwarz","14":"first","15":"instock","16":"sale","17":"taxable","18":"shipping-taxable","19":"purchasable","20":"product-type-variable","21":"add-to-wishlist-before_image"},"exclude_global_add_ons":[],"addons":[],"acf":[],"_links":{"self":[{"href":"https:\/\/shop.kustom.ch\/fr\/wp-json\/wp\/v2\/product\/534675"}],"collection":[{"href":"https:\/\/shop.kustom.ch\/fr\/wp-json\/wp\/v2\/product"}],"about":[{"href":"https:\/\/shop.kustom.ch\/fr\/wp-json\/wp\/v2\/types\/product"}],"wp:featuredmedia":[{"embeddable":true,"href":"https:\/\/shop.kustom.ch\/fr\/wp-json\/wp\/v2\/media\/534689"}],"wp:attachment":[{"href":"https:\/\/shop.kustom.ch\/fr\/wp-json\/wp\/v2\/media?parent=534675"}],"wp:term":[{"taxonomy":"product_brand","embeddable":true,"href":"https:\/\/shop.kustom.ch\/fr\/wp-json\/wp\/v2\/product_brand?post=534675"},{"taxonomy":"product_cat","embeddable":true,"href":"https:\/\/shop.kustom.ch\/fr\/wp-json\/wp\/v2\/product_cat?post=534675"},{"taxonomy":"product_tag","embeddable":true,"href":"https:\/\/shop.kustom.ch\/fr\/wp-json\/wp\/v2\/product_tag?post=534675"}],"curies":[{"name":"wp","href":"https:\/\/api.w.org\/{rel}","templated":true}]}}