{"id":533448,"date":"2025-03-03T23:27:38","date_gmt":"2025-03-03T22:27:38","guid":{"rendered":"https:\/\/shop.kustom.ch\/?post_type=product&#038;p=533448"},"modified":"2026-03-30T12:44:50","modified_gmt":"2026-03-30T11:44:50","slug":"winterjacke-accelerate-4","status":"publish","type":"product","link":"https:\/\/shop.kustom.ch\/fr\/produit\/winterjacke-accelerate-4\/","title":{"rendered":"Veste d'hiver ACCELERATE"},"content":{"rendered":"<p>Forme adapt\u00e9e aux femmes. Respirant, imperm\u00e9able au vent et \u00e0 l'eau. Les coutures sont coll\u00e9es. Avec CLIMASCOT\u00ae Lightweight Insulation. Capuche amovible, doubl\u00e9e et munie de cordons \u00e9lastiques r\u00e9glables. Fermeture par zip et rabat de protection contre les intemp\u00e9ries. Poche int\u00e9rieure avec fermeture \u00e9clair. Porte-carte d'identit\u00e9 amovible. Poches avant avec fermeture \u00e0 glissi\u00e8re. \u00c9lastique r\u00e9glable \u00e0 l'ourlet inf\u00e9rieur. Fermeture \u00e0 glissi\u00e8re dans la doublure au dos pour l'application d'un logo\/d'une broderie. Manches avec renforts en CORDURA\u00ae. Poignets c\u00f4tel\u00e9s (cach\u00e9s sous la bande de protection contre les intemp\u00e9ries). Avec impression et reflets.<\/p>\n<p>OEKO-TEX\u00ae STANDARD 100 ; EN 342 3\/WP (2.103 clo) ; EN 343 3\/1 (2.103 clo)<br \/>\n100% Polyester<br \/>\nTissu ripstop. Colonne d'eau &gt; 10.000 mm selon EN ISO 811. Peut r\u00e9tr\u00e9cir au maximum 2%.<br \/>\n210 g\/m\u00b2 (1,5 lb)<br \/>\nLavage de couleur, max. 60\u00b0 C ; Ne pas blanchir ; Ne pas s\u00e9cher au s\u00e8che-linge ; Ne pas repasser ; Supporte le nettoyage normal<\/p>\n<p><a href=\"https:\/\/mascotsitecore-1ccb8.kxcdn.com\/pdf\/18345-231-010-de.pdf\" target=\"_blank\" rel=\"noopener\"><u>Ouvrir la fiche produit<\/u><\/a><\/p>","protected":false},"excerpt":{"rendered":"<ul>\n<li>Sp\u00e9cialement con\u00e7u pour les femmes, avec une coupe cintr\u00e9e.<\/li>\n<li>Respirant, \u00e9tanche au vent et \u00e0 l'eau avec coutures scell\u00e9es.<\/li>\n<li>L'isolation CLIMASCOT\u00ae unique en son genre r\u00e9chauffe efficacement, est l\u00e9g\u00e8re, douce et peut \u00eatre comprim\u00e9e dans un faible volume.<\/li>\n<li>Capuche doubl\u00e9e amovible, avec cordons \u00e9lastiques r\u00e9glables.<\/li>\n<li>Manches avec renforts en CORDURA\u00ae.<\/li>\n<li>Fermeture \u00e0 glissi\u00e8re dans la doublure du dos pour l'application d'une impression\/broderie.<\/li>\n<li>Am\u00e9lioration de la visibilit\u00e9 pour l'entourage \u00e0 l'aide d'effets r\u00e9fl\u00e9chissants.<\/li>\n<\/ul>","protected":false},"featured_media":533463,"template":"","meta":[],"product_brand":[],"product_cat":[4186],"product_tag":[],"class_list":{"0":"post-533448","1":"product","2":"type-product","3":"status-publish","4":"has-post-thumbnail","6":"product_cat-jacken","7":"pa_brand-mascot","8":"pa_brand-type-workwear","9":"pa_filter-color-blau","10":"pa_filter-color-grau","11":"pa_filter-color-gruen","12":"pa_filter-color-rot","13":"pa_filter-color-schwarz","15":"first","16":"instock","17":"sale","18":"taxable","19":"shipping-taxable","20":"purchasable","21":"product-type-variable","22":"add-to-wishlist-before_image"},"exclude_global_add_ons":[],"addons":[],"acf":[],"_links":{"self":[{"href":"https:\/\/shop.kustom.ch\/fr\/wp-json\/wp\/v2\/product\/533448"}],"collection":[{"href":"https:\/\/shop.kustom.ch\/fr\/wp-json\/wp\/v2\/product"}],"about":[{"href":"https:\/\/shop.kustom.ch\/fr\/wp-json\/wp\/v2\/types\/product"}],"wp:featuredmedia":[{"embeddable":true,"href":"https:\/\/shop.kustom.ch\/fr\/wp-json\/wp\/v2\/media\/533463"}],"wp:attachment":[{"href":"https:\/\/shop.kustom.ch\/fr\/wp-json\/wp\/v2\/media?parent=533448"}],"wp:term":[{"taxonomy":"product_brand","embeddable":true,"href":"https:\/\/shop.kustom.ch\/fr\/wp-json\/wp\/v2\/product_brand?post=533448"},{"taxonomy":"product_cat","embeddable":true,"href":"https:\/\/shop.kustom.ch\/fr\/wp-json\/wp\/v2\/product_cat?post=533448"},{"taxonomy":"product_tag","embeddable":true,"href":"https:\/\/shop.kustom.ch\/fr\/wp-json\/wp\/v2\/product_tag?post=533448"}],"curies":[{"name":"wp","href":"https:\/\/api.w.org\/{rel}","templated":true}]}}