{"id":533001,"date":"2025-03-03T23:24:49","date_gmt":"2025-03-03T22:24:49","guid":{"rendered":"https:\/\/shop.kustom.ch\/?post_type=product&#038;p=533001"},"modified":"2026-03-30T12:44:01","modified_gmt":"2026-03-30T11:44:01","slug":"rock-accelerate-3","status":"publish","type":"product","link":"https:\/\/shop.kustom.ch\/fr\/produit\/rock-accelerate-3\/","title":{"rendered":"Rock ACCELERATE"},"content":{"rendered":"<p>Forme adapt\u00e9e aux femmes PEARL. Avec une finition hydrofuge. Tissu stretch ultime, l\u00e9ger et tr\u00e8s r\u00e9sistant. Le tissu est presque imperceptible sur la peau, car les poches sont int\u00e9gr\u00e9es au design. Passants de ceinture. Fermeture avec une fermeture \u00e9clair. Poches \u00e0 l'avant. Poches arri\u00e8re. Poche sur la cuisse avec poche pour t\u00e9l\u00e9phone portable, rabat et bouton pression dissimul\u00e9 et porte-carte d'identit\u00e9 int\u00e9gr\u00e9. Poche m\u00e8tre en tissu CORDURA\u00ae avec poches suppl\u00e9mentaires.<\/p>\n<p>OEKO-TEX\u00ae STANDARD 100 ; ProWash\u00ae - EN ISO 15797<br \/>\n88% polyester\/12% \u00e9lastol\u00e9fine<br \/>\nULTIMATE STRETCH.<br \/>\n275 g\/m<br \/>\nLavage de couleur, max. 60\u00b0 C ; Pas de blanchiment ; Supporte le s\u00e8che-linge - temp\u00e9rature de d\u00e9part max. 80\u00b0 C ; Pas de repassage ; Ne convient pas au nettoyage \u00e0 sec<\/p>\n<p><a href=\"https:\/\/mascotsitecore-1ccb8.kxcdn.com\/pdf\/18247-511-010-de.pdf\" target=\"_blank\" rel=\"noopener\"><u>Ouvrir la fiche produit<\/u><\/a><\/p>","protected":false},"excerpt":{"rendered":"<ul>\n<li>Pearl Fit est sp\u00e9cialement con\u00e7u pour les femmes dont la diff\u00e9rence entre la taille et les hanches est inf\u00e9rieure \u00e0 20 cm.<\/li>\n<li>Le tissu stretch multifonctionnel combine un faible poids avec une tr\u00e8s grande r\u00e9sistance \u00e0 l'usure et est en outre hydrofuge.<\/li>\n<li>Le tissu stretch est \u00e9lastique dans toutes les directions et offre une libert\u00e9 de mouvement in\u00e9gal\u00e9e, o\u00f9 rien ne tire ou ne g\u00eane.<\/li>\n<li>Poche m\u00e8tre pliant en tissu CORDURA\u00ae avec poches suppl\u00e9mentaires.<\/li>\n<li>Le produit est adapt\u00e9 au lavage industriel.<\/li>\n<\/ul>","protected":false},"featured_media":533010,"template":"","meta":[],"product_brand":[],"product_cat":[4194],"product_tag":[],"class_list":{"0":"post-533001","1":"product","2":"type-product","3":"status-publish","4":"has-post-thumbnail","6":"product_cat-roecke","7":"pa_brand-mascot","8":"pa_brand-type-workwear","9":"pa_filter-color-gruen","10":"pa_filter-color-schwarz","12":"first","13":"instock","14":"sale","15":"taxable","16":"shipping-taxable","17":"purchasable","18":"product-type-variable","19":"add-to-wishlist-before_image"},"exclude_global_add_ons":[],"addons":[],"acf":[],"_links":{"self":[{"href":"https:\/\/shop.kustom.ch\/fr\/wp-json\/wp\/v2\/product\/533001"}],"collection":[{"href":"https:\/\/shop.kustom.ch\/fr\/wp-json\/wp\/v2\/product"}],"about":[{"href":"https:\/\/shop.kustom.ch\/fr\/wp-json\/wp\/v2\/types\/product"}],"wp:featuredmedia":[{"embeddable":true,"href":"https:\/\/shop.kustom.ch\/fr\/wp-json\/wp\/v2\/media\/533010"}],"wp:attachment":[{"href":"https:\/\/shop.kustom.ch\/fr\/wp-json\/wp\/v2\/media?parent=533001"}],"wp:term":[{"taxonomy":"product_brand","embeddable":true,"href":"https:\/\/shop.kustom.ch\/fr\/wp-json\/wp\/v2\/product_brand?post=533001"},{"taxonomy":"product_cat","embeddable":true,"href":"https:\/\/shop.kustom.ch\/fr\/wp-json\/wp\/v2\/product_cat?post=533001"},{"taxonomy":"product_tag","embeddable":true,"href":"https:\/\/shop.kustom.ch\/fr\/wp-json\/wp\/v2\/product_tag?post=533001"}],"curies":[{"name":"wp","href":"https:\/\/api.w.org\/{rel}","templated":true}]}}