{"id":531502,"date":"2025-03-03T23:02:21","date_gmt":"2025-03-03T22:02:21","guid":{"rendered":"https:\/\/shop.kustom.ch\/?post_type=product&#038;p=531502"},"modified":"2026-03-30T12:41:19","modified_gmt":"2026-03-30T11:41:19","slug":"fleecepullover-mit-kurzem-reissverschluss-accelerate-2","status":"publish","type":"product","link":"https:\/\/shop.kustom.ch\/fr\/produit\/fleecepullover-mit-kurzem-reissverschluss-accelerate-2\/","title":{"rendered":"Pull polaire avec fermeture \u00e9clair courte ACCELERATE"},"content":{"rendered":"<p>Forme adapt\u00e9e aux femmes. Coupe moderne, pr\u00e8s du corps, avec une grande libert\u00e9 de mouvement. Fermeture \u00e9clair au cou, avec rabat de protection contre les intemp\u00e9ries. Poches avant avec fermeture \u00e9clair. Bande \u00e9lastique aux poignets et \u00e0 l'ourlet inf\u00e9rieur. Effets r\u00e9fl\u00e9chissants.<\/p>\n<p>OEKO-TEX\u00ae STANDARD 100<br \/>\n94% Polyester\/6% \u00c9lasthanne<br \/>\nTissu polaire au m\u00e8tre. Peut r\u00e9tr\u00e9cir au maximum 3%.<br \/>\n260 g\/m<br \/>\nLinge d\u00e9licat, max. 40\u00b0 C ; Ne pas blanchir ; Ne pas s\u00e9cher au s\u00e8che-linge ; Ne pas repasser ; Supporte le nettoyage normal<\/p>\n<p><a href=\"https:\/\/mascotsitecore-1ccb8.kxcdn.com\/pdf\/18053-316-010-de.pdf\" target=\"_blank\" rel=\"noopener\"><u>Ouvrir la fiche produit<\/u><\/a><\/p>","protected":false},"excerpt":{"rendered":"<ul>\n<li>La surface lisse du mat\u00e9riau polaire fait que la salet\u00e9 et la poussi\u00e8re ne s'accrochent pas.<\/li>\n<li>Sp\u00e9cialement con\u00e7u pour les femmes, avec une coupe cintr\u00e9e.<\/li>\n<li>Col haut flexible et souple.<\/li>\n<li>Fermeture \u00e0 glissi\u00e8re au cou avec rabat de protection contre les intemp\u00e9ries.<\/li>\n<li>Avec des \u00e9lastiques aux manches et \u00e0 l'ourlet.<\/li>\n<\/ul>","protected":false},"featured_media":531528,"template":"","meta":[],"product_brand":[],"product_cat":[4184],"product_tag":[],"class_list":{"0":"post-531502","1":"product","2":"type-product","3":"status-publish","4":"has-post-thumbnail","6":"product_cat-hoodies-pullover","7":"pa_brand-mascot","8":"pa_brand-type-workwear","9":"pa_filter-color-blau","10":"pa_filter-color-grau","11":"pa_filter-color-gruen","12":"pa_filter-color-rot","13":"pa_filter-color-schwarz","15":"first","16":"instock","17":"sale","18":"taxable","19":"shipping-taxable","20":"purchasable","21":"product-type-variable","22":"add-to-wishlist-before_image"},"exclude_global_add_ons":[],"addons":[],"acf":[],"_links":{"self":[{"href":"https:\/\/shop.kustom.ch\/fr\/wp-json\/wp\/v2\/product\/531502"}],"collection":[{"href":"https:\/\/shop.kustom.ch\/fr\/wp-json\/wp\/v2\/product"}],"about":[{"href":"https:\/\/shop.kustom.ch\/fr\/wp-json\/wp\/v2\/types\/product"}],"wp:featuredmedia":[{"embeddable":true,"href":"https:\/\/shop.kustom.ch\/fr\/wp-json\/wp\/v2\/media\/531528"}],"wp:attachment":[{"href":"https:\/\/shop.kustom.ch\/fr\/wp-json\/wp\/v2\/media?parent=531502"}],"wp:term":[{"taxonomy":"product_brand","embeddable":true,"href":"https:\/\/shop.kustom.ch\/fr\/wp-json\/wp\/v2\/product_brand?post=531502"},{"taxonomy":"product_cat","embeddable":true,"href":"https:\/\/shop.kustom.ch\/fr\/wp-json\/wp\/v2\/product_cat?post=531502"},{"taxonomy":"product_tag","embeddable":true,"href":"https:\/\/shop.kustom.ch\/fr\/wp-json\/wp\/v2\/product_tag?post=531502"}],"curies":[{"name":"wp","href":"https:\/\/api.w.org\/{rel}","templated":true}]}}