{"id":531057,"date":"2025-03-03T22:59:29","date_gmt":"2025-03-03T21:59:29","guid":{"rendered":"https:\/\/shop.kustom.ch\/?post_type=product&#038;p=531057"},"modified":"2026-03-30T12:40:24","modified_gmt":"2026-03-30T11:40:24","slug":"thermojacke-accelerate","status":"publish","type":"product","link":"https:\/\/shop.kustom.ch\/fr\/produit\/thermojacke-accelerate\/","title":{"rendered":"Veste thermique ACCELERATE"},"content":{"rendered":"<p>R\u00e9sistant \u00e0 l'eau. Avec CLIMASCOT\u00ae Lightweight Insulation. Fermeture avec fermeture \u00e9clair et rabat de protection contre les intemp\u00e9ries \u00e0 l'int\u00e9rieur. Porte-carte d'identit\u00e9 amovible. Poche de poitrine avec fermeture \u00e9clair. Poches int\u00e9rieures. Poches avant avec fermeture \u00e9clair. Bande \u00e9lastique aux poignets. Tissu stretch sur les c\u00f4t\u00e9s et la poitrine. \u00c9lastique r\u00e9glable \u00e0 l'ourlet inf\u00e9rieur. Effets r\u00e9fl\u00e9chissants.<\/p>\n<p>OEKO-TEX\u00ae STANDARD 100<br \/>\n100% Polyester<br \/>\nTissu piqu\u00e9 au m\u00e8tre. Peut r\u00e9tr\u00e9cir au maximum de 3%.<br \/>\n260 g\/m<br \/>\nLinge d\u00e9licat, max. 40\u00b0 C ; Ne pas blanchir ; Ne pas s\u00e9cher au s\u00e8che-linge ; Ne pas repasser ; Supporte le nettoyage normal<\/p>\n<p><a href=\"https:\/\/mascotsitecore-1ccb8.kxcdn.com\/pdf\/18015-318-010-de.pdf\" target=\"_blank\" rel=\"noopener\"><u>Ouvrir la fiche produit<\/u><\/a><\/p>","protected":false},"excerpt":{"rendered":"<ul>\n<li>L'isolation CLIMASCOT\u00ae unique en son genre r\u00e9chauffe efficacement, est l\u00e9g\u00e8re, douce et peut \u00eatre comprim\u00e9e dans un faible volume.<\/li>\n<li>Gr\u00e2ce \u00e0 la faible masse de remplissage et \u00e0 la composition sp\u00e9ciale de la doublure, le produit peut \u00eatre port\u00e9 de mani\u00e8re optimale comme couche de v\u00eatement interm\u00e9diaire isolante.<\/li>\n<li>R\u00e9sistant \u00e0 l'eau.<\/li>\n<li>Le mat\u00e9riau \u00e9lastique sur les c\u00f4t\u00e9s offre une plus grande libert\u00e9 de mouvement.<\/li>\n<li>Am\u00e9lioration de la visibilit\u00e9 pour l'entourage \u00e0 l'aide d'effets r\u00e9fl\u00e9chissants.<\/li>\n<\/ul>","protected":false},"featured_media":531071,"template":"","meta":[],"product_brand":[],"product_cat":[4186],"product_tag":[],"class_list":{"0":"post-531057","1":"product","2":"type-product","3":"status-publish","4":"has-post-thumbnail","6":"product_cat-jacken","7":"pa_brand-mascot","8":"pa_brand-type-workwear","9":"pa_filter-color-blau","10":"pa_filter-color-grau","11":"pa_filter-color-gruen","12":"pa_filter-color-rot","13":"pa_filter-color-schwarz","15":"first","16":"instock","17":"sale","18":"taxable","19":"shipping-taxable","20":"purchasable","21":"product-type-variable","22":"add-to-wishlist-before_image"},"exclude_global_add_ons":[],"addons":[],"acf":[],"_links":{"self":[{"href":"https:\/\/shop.kustom.ch\/fr\/wp-json\/wp\/v2\/product\/531057"}],"collection":[{"href":"https:\/\/shop.kustom.ch\/fr\/wp-json\/wp\/v2\/product"}],"about":[{"href":"https:\/\/shop.kustom.ch\/fr\/wp-json\/wp\/v2\/types\/product"}],"wp:featuredmedia":[{"embeddable":true,"href":"https:\/\/shop.kustom.ch\/fr\/wp-json\/wp\/v2\/media\/531071"}],"wp:attachment":[{"href":"https:\/\/shop.kustom.ch\/fr\/wp-json\/wp\/v2\/media?parent=531057"}],"wp:term":[{"taxonomy":"product_brand","embeddable":true,"href":"https:\/\/shop.kustom.ch\/fr\/wp-json\/wp\/v2\/product_brand?post=531057"},{"taxonomy":"product_cat","embeddable":true,"href":"https:\/\/shop.kustom.ch\/fr\/wp-json\/wp\/v2\/product_cat?post=531057"},{"taxonomy":"product_tag","embeddable":true,"href":"https:\/\/shop.kustom.ch\/fr\/wp-json\/wp\/v2\/product_tag?post=531057"}],"curies":[{"name":"wp","href":"https:\/\/api.w.org\/{rel}","templated":true}]}}