{"id":530995,"date":"2025-03-03T22:59:02","date_gmt":"2025-03-03T21:59:02","guid":{"rendered":"https:\/\/shop.kustom.ch\/?post_type=product&#038;p=530995"},"modified":"2026-03-30T12:40:22","modified_gmt":"2026-03-30T11:40:22","slug":"hard-shell-jacke-accelerate-2","status":"publish","type":"product","link":"https:\/\/shop.kustom.ch\/fr\/produit\/hard-shell-jacke-accelerate-2\/","title":{"rendered":"Veste hard shell ACCELERATE"},"content":{"rendered":"<p>Forme adapt\u00e9e aux femmes. Tissu l\u00e9ger au m\u00e8tre. Respirant, imperm\u00e9able au vent et \u00e0 l'eau. Les coutures sont coll\u00e9es. Capuche amovible, doubl\u00e9e et munie de cordons \u00e9lastiques r\u00e9glables. Fermeture par zip et rabat de protection contre les intemp\u00e9ries. Poche int\u00e9rieure avec fermeture \u00e9clair. Porte-carte d'identit\u00e9 amovible. Poches avant avec fermeture \u00e0 glissi\u00e8re. \u00c9lastique r\u00e9glable \u00e0 l'ourlet inf\u00e9rieur. Poignets c\u00f4tel\u00e9s (cach\u00e9s sous la bande de protection contre les intemp\u00e9ries). Avec impression et reflets.<\/p>\n<p>OEKO-TEX\u00ae STANDARD 100 ; EN 343 3-3-X<br \/>\n100% Polyester<br \/>\nRipstop.<br \/>\n185 g\/m<br \/>\nLinge d\u00e9licat, max. 40\u00b0 C ; Ne pas blanchir ; Ne pas s\u00e9cher au s\u00e8che-linge ; Ne pas repasser ; Supporte le nettoyage normal<\/p>\n<p><a href=\"https:\/\/mascotsitecore-1ccb8.kxcdn.com\/pdf\/18011-249-010-de.pdf\" target=\"_blank\" rel=\"noopener\"><u>Ouvrir la fiche produit<\/u><\/a><\/p>","protected":false},"excerpt":{"rendered":"<ul>\n<li>Sp\u00e9cialement con\u00e7u pour les femmes, avec une coupe cintr\u00e9e.<\/li>\n<li>Respirant, \u00e9tanche au vent et \u00e0 l'eau avec coutures scell\u00e9es.<\/li>\n<li>Capuche doubl\u00e9e amovible, avec cordons \u00e9lastiques r\u00e9glables.<\/li>\n<li>Avec fermeture \u00e9clair et rabat de protection contre les intemp\u00e9ries qui emp\u00eache le vent de passer.<\/li>\n<li>Ourlet r\u00e9glable par \u00e9lastique.<\/li>\n<li>Les poignets c\u00f4tel\u00e9s ferment bien et gardent le froid \u00e0 l'ext\u00e9rieur.<\/li>\n<li>Am\u00e9lioration de la visibilit\u00e9 pour l'entourage \u00e0 l'aide d'effets r\u00e9fl\u00e9chissants.<\/li>\n<\/ul>","protected":false},"featured_media":531005,"template":"","meta":[],"product_brand":[],"product_cat":[4186],"product_tag":[],"class_list":{"0":"post-530995","1":"product","2":"type-product","3":"status-publish","4":"has-post-thumbnail","6":"product_cat-jacken","7":"pa_brand-mascot","8":"pa_brand-type-workwear","9":"pa_filter-color-blau","10":"pa_filter-color-grau","11":"pa_filter-color-gruen","12":"pa_filter-color-rot","13":"pa_filter-color-schwarz","15":"first","16":"instock","17":"sale","18":"taxable","19":"shipping-taxable","20":"purchasable","21":"product-type-variable","22":"add-to-wishlist-before_image"},"exclude_global_add_ons":[],"addons":[],"acf":[],"_links":{"self":[{"href":"https:\/\/shop.kustom.ch\/fr\/wp-json\/wp\/v2\/product\/530995"}],"collection":[{"href":"https:\/\/shop.kustom.ch\/fr\/wp-json\/wp\/v2\/product"}],"about":[{"href":"https:\/\/shop.kustom.ch\/fr\/wp-json\/wp\/v2\/types\/product"}],"wp:featuredmedia":[{"embeddable":true,"href":"https:\/\/shop.kustom.ch\/fr\/wp-json\/wp\/v2\/media\/531005"}],"wp:attachment":[{"href":"https:\/\/shop.kustom.ch\/fr\/wp-json\/wp\/v2\/media?parent=530995"}],"wp:term":[{"taxonomy":"product_brand","embeddable":true,"href":"https:\/\/shop.kustom.ch\/fr\/wp-json\/wp\/v2\/product_brand?post=530995"},{"taxonomy":"product_cat","embeddable":true,"href":"https:\/\/shop.kustom.ch\/fr\/wp-json\/wp\/v2\/product_cat?post=530995"},{"taxonomy":"product_tag","embeddable":true,"href":"https:\/\/shop.kustom.ch\/fr\/wp-json\/wp\/v2\/product_tag?post=530995"}],"curies":[{"name":"wp","href":"https:\/\/api.w.org\/{rel}","templated":true}]}}