{"id":530102,"date":"2025-03-03T22:49:51","date_gmt":"2025-03-03T21:49:51","guid":{"rendered":"https:\/\/shop.kustom.ch\/?post_type=product&#038;p=530102"},"modified":"2026-03-30T07:32:19","modified_gmt":"2026-03-30T06:32:19","slug":"hakro-ultralight-jacke-eco","status":"publish","type":"product","link":"https:\/\/shop.kustom.ch\/fr\/produit\/hakro-ultralight-jacke-eco\/","title":{"rendered":"Veste ultral\u00e9g\u00e8re HAKRO ECO"},"content":{"rendered":"<p>Veste super l\u00e9g\u00e8re, respirante, d\u00e9perlante et coupe-vent avec capuche r\u00e9glable en largeur, bande \u00e9lastique aux poignets et \u00e0 l'ourlet, poches lat\u00e9rales \u00e0 fermeture \u00e9clair, fermeture \u00e9clair frontale de haute qualit\u00e9 avec rabat coupe-vent et bande de suspension. Toutes les fermetures \u00e0 glissi\u00e8re sont ton sur ton et de marque YKK\u00ae. La veste Ultralight Eco de HAKRO peut \u00eatre pli\u00e9e de mani\u00e8re compacte et rang\u00e9e dans le sac de transport et de rangement fourni. Fabriqu\u00e9e en micro ripstop l\u00e9ger et respirant \u00e0 partir de 100 fibres synth\u00e9tiques recycl\u00e9es %. \u00c9tiquette HAKRO imprim\u00e9e sur le cou pour un confort maximal et \u00e9tiquette plate tiss\u00e9e HAKRO sur la couture lat\u00e9rale gauche.<\/p>\n<p>Votre avantage particulier : le sac de transport et de rangement fourni peut \u00eatre personnalis\u00e9.<\/p>\n<p>- Mati\u00e8re : Micro-Ripstop en polyester 100 % (recycl\u00e9)<br \/>\n- Poids : 55 g\/m<br \/>\n- Propri\u00e9t\u00e9 : respirant, d\u00e9perlant, produit climatiquement neutre<br \/>\n- Coupe : Regular Fit<br \/>\n- Certificats : Fair Wear, Climate Partner, OEKO-TEX\u00ae STANDARD 100<br \/>\n- Temp\u00e9rature de lavage : 30 \u00b0C<br \/>\n- tailles : XS-3XL<\/p>\n<p><a href=\"https:\/\/media.hakro.com\/productsheets\/productsheet_0867_de.pdf\" target=\"_blank\" rel=\"noopener\"><u>Ouvrir la fiche produit<\/u><\/a><\/p>","protected":false},"excerpt":{"rendered":"<p><span><\/span><\/p>","protected":false},"featured_media":530127,"template":"","meta":[],"product_brand":[],"product_cat":[4186],"product_tag":[],"class_list":{"0":"post-530102","1":"product","2":"type-product","3":"status-publish","4":"has-post-thumbnail","6":"product_cat-jacken","7":"pa_brand-hakro","8":"pa_brand-type-workwear","9":"pa_filter-color-blau","10":"pa_filter-color-gruen","11":"pa_filter-color-schwarz","13":"first","14":"instock","15":"sale","16":"taxable","17":"shipping-taxable","18":"purchasable","19":"product-type-variable","20":"add-to-wishlist-before_image"},"exclude_global_add_ons":[],"addons":[],"acf":[],"_links":{"self":[{"href":"https:\/\/shop.kustom.ch\/fr\/wp-json\/wp\/v2\/product\/530102"}],"collection":[{"href":"https:\/\/shop.kustom.ch\/fr\/wp-json\/wp\/v2\/product"}],"about":[{"href":"https:\/\/shop.kustom.ch\/fr\/wp-json\/wp\/v2\/types\/product"}],"wp:featuredmedia":[{"embeddable":true,"href":"https:\/\/shop.kustom.ch\/fr\/wp-json\/wp\/v2\/media\/530127"}],"wp:attachment":[{"href":"https:\/\/shop.kustom.ch\/fr\/wp-json\/wp\/v2\/media?parent=530102"}],"wp:term":[{"taxonomy":"product_brand","embeddable":true,"href":"https:\/\/shop.kustom.ch\/fr\/wp-json\/wp\/v2\/product_brand?post=530102"},{"taxonomy":"product_cat","embeddable":true,"href":"https:\/\/shop.kustom.ch\/fr\/wp-json\/wp\/v2\/product_cat?post=530102"},{"taxonomy":"product_tag","embeddable":true,"href":"https:\/\/shop.kustom.ch\/fr\/wp-json\/wp\/v2\/product_tag?post=530102"}],"curies":[{"name":"wp","href":"https:\/\/api.w.org\/{rel}","templated":true}]}}