{"id":529967,"date":"2025-03-03T22:48:53","date_gmt":"2025-03-03T21:48:53","guid":{"rendered":"https:\/\/shop.kustom.ch\/?post_type=product&#038;p=529967"},"modified":"2026-03-30T07:32:01","modified_gmt":"2026-03-30T06:32:01","slug":"hakro-regenjacke-connecticut","status":"publish","type":"product","link":"https:\/\/shop.kustom.ch\/fr\/produit\/hakro-regenjacke-connecticut\/","title":{"rendered":"Veste de pluie HAKRO Connecticut"},"content":{"rendered":"<p>Veste de pluie l\u00e9g\u00e8re et fonctionnelle avec un tissu ext\u00e9rieur imperm\u00e9able et coupe-vent ainsi que des coutures trait\u00e9es, une doublure en filet r\u00e9gulant la temp\u00e9rature, une polaire agr\u00e9ablement douce \u00e0 l'int\u00e9rieur du col, une capuche int\u00e9grable et r\u00e9glable en largeur dans le col, une poche int\u00e9rieure de poitrine fermable, une fermeture \u00e9clair frontale de haute qualit\u00e9 avec double rabat coupe-vent et des poches lat\u00e9rales avec fermeture \u00e9clair. Toutes les fermetures \u00e0 glissi\u00e8re sont de marque YKK\u00ae. L'ourlet avec partie arri\u00e8re arrondie et prolong\u00e9e est r\u00e9glable en largeur gr\u00e2ce \u00e0 un cordon de serrage sous tunnel avec stoppeurs, les poignets sont r\u00e9glables en largeur avec bande velcro pour un r\u00e9glage en continu et des applications r\u00e9fl\u00e9chissantes pour une meilleure visibilit\u00e9. Fabriqu\u00e9 dans un tissu ext\u00e9rieur r\u00e9sistant, imperm\u00e9able et coupe-vent, respirant, en lamin\u00e9 2 couches avec technologie TRIACTIVE PRO pour une imperm\u00e9abilit\u00e9 maximale et fiable. \u00c9tiquette de cou tiss\u00e9e HAKRO en satin de cha\u00eene de haute qualit\u00e9 avec bords de bande souples et coup\u00e9s aux ultrasons pour un confort maximal et \u00e9tiquette plate tiss\u00e9e HAKRO sur la couture lat\u00e9rale gauche.<\/p>\n<p>Son avantage particulier : une fermeture \u00e9clair dissimul\u00e9e dans la partie int\u00e9rieure du dos (ouverture de r\u00e9vision) permet de personnaliser facilement la veste.<\/p>\n<p>- Mati\u00e8re : TRIACTIVE PRO, lamin\u00e9 2 couches de tissu fin en 100 % polyester et doublure en filet en 100 % polyester<br \/>\n- poids : 110 g\/m<br \/>\n- Propri\u00e9t\u00e9s : imperm\u00e9able (mat\u00e9riau ext\u00e9rieur avec colonne d'eau : 3.000 mm), respirant (respirabilit\u00e9 3.000 g\/m\u00b2\/24 h), produit climatiquement neutre<br \/>\n- Coupe : Regular Fit<br \/>\n- Certificats : Fair Wear, Climate Partner, OEKO-TEX\u00ae STANDARD 100<br \/>\n- Temp\u00e9rature de lavage : 30 \u00b0C<br \/>\n- tailles : XS-3XL<\/p>\n<p><a href=\"https:\/\/media.hakro.com\/productsheets\/productsheet_0862_de.pdf\" target=\"_blank\" rel=\"noopener\"><u>Ouvrir la fiche produit<\/u><\/a><\/p>","protected":false},"excerpt":{"rendered":"<p><span><\/span><\/p>","protected":false},"featured_media":529986,"template":"","meta":[],"product_brand":[],"product_cat":[4186],"product_tag":[],"class_list":{"0":"post-529967","1":"product","2":"type-product","3":"status-publish","4":"has-post-thumbnail","6":"product_cat-jacken","7":"pa_brand-hakro","8":"pa_brand-type-workwear","9":"pa_filter-color-blau","10":"pa_filter-color-grau","11":"pa_filter-color-gruen","12":"pa_filter-color-rot","13":"pa_filter-color-schwarz","14":"pa_filter-color-weiss","16":"first","17":"instock","18":"sale","19":"taxable","20":"shipping-taxable","21":"purchasable","22":"product-type-variable","23":"add-to-wishlist-before_image"},"exclude_global_add_ons":[],"addons":[],"acf":[],"_links":{"self":[{"href":"https:\/\/shop.kustom.ch\/fr\/wp-json\/wp\/v2\/product\/529967"}],"collection":[{"href":"https:\/\/shop.kustom.ch\/fr\/wp-json\/wp\/v2\/product"}],"about":[{"href":"https:\/\/shop.kustom.ch\/fr\/wp-json\/wp\/v2\/types\/product"}],"wp:featuredmedia":[{"embeddable":true,"href":"https:\/\/shop.kustom.ch\/fr\/wp-json\/wp\/v2\/media\/529986"}],"wp:attachment":[{"href":"https:\/\/shop.kustom.ch\/fr\/wp-json\/wp\/v2\/media?parent=529967"}],"wp:term":[{"taxonomy":"product_brand","embeddable":true,"href":"https:\/\/shop.kustom.ch\/fr\/wp-json\/wp\/v2\/product_brand?post=529967"},{"taxonomy":"product_cat","embeddable":true,"href":"https:\/\/shop.kustom.ch\/fr\/wp-json\/wp\/v2\/product_cat?post=529967"},{"taxonomy":"product_tag","embeddable":true,"href":"https:\/\/shop.kustom.ch\/fr\/wp-json\/wp\/v2\/product_tag?post=529967"}],"curies":[{"name":"wp","href":"https:\/\/api.w.org\/{rel}","templated":true}]}}