{"id":529522,"date":"2025-03-03T22:46:04","date_gmt":"2025-03-03T21:46:04","guid":{"rendered":"https:\/\/shop.kustom.ch\/?post_type=product&#038;p=529522"},"modified":"2026-03-30T07:31:13","modified_gmt":"2026-03-30T06:31:13","slug":"hakro-fleeceweste-eco-grs","status":"publish","type":"product","link":"https:\/\/shop.kustom.ch\/fr\/produit\/hakro-fleeceweste-eco-grs\/","title":{"rendered":"Gilet polaire HAKRO ECO GRS"},"content":{"rendered":"<p>Gilet polaire l\u00e9ger et agr\u00e9ablement doux avec fermeture \u00e9clair frontale \u00e0 double sens de haute qualit\u00e9, poches lat\u00e9rales \u00e0 fermeture \u00e9clair, bande d'encolure, bandes de bordure de couleur contrast\u00e9e, bande de suspension dans la nuque, ceinture r\u00e9glable en largeur avec cordon de serrage sous tunnel et stoppeurs. Toutes les fermetures \u00e0 glissi\u00e8re sont de marque YKK\u00ae. Fabriqu\u00e9 en micropolaire 200 de qualit\u00e9 sup\u00e9rieure et particuli\u00e8rement fin, en polyester recycl\u00e9 certifi\u00e9 GRS. \u00c9tiquette de cou HAKRO tiss\u00e9e en satin de cha\u00eene de haute qualit\u00e9 avec bords de bande doux et coup\u00e9s aux ultrasons pour un confort maximal et \u00e9tiquette de boucle HAKRO tiss\u00e9e \u00e0 l'ourlet.<\/p>\n<p>- Mati\u00e8re : micro-polaire en 100 % polyester (recycl\u00e9)<br \/>\n- poids : 230 g\/m<br \/>\n- Finition : pr\u00e9-r\u00e9tr\u00e9ci, anti-boulochage<br \/>\n- Propri\u00e9t\u00e9 : facile d'entretien, respirant, produit climatiquement neutre<br \/>\n- Coupe : Regular Fit<br \/>\n- Certificats : Fair Wear, Climate Partner, OEKO-TEX\u00ae STANDARD 100, Global Recycled Standard (GRS), bouton vert<br \/>\n- Temp\u00e9rature de lavage : 30 \u00b0C<br \/>\n- tailles : XS-3XL<\/p>\n<p><a href=\"https:\/\/media.hakro.com\/productsheets\/productsheet_0847_de.pdf\" target=\"_blank\" rel=\"noopener\"><u>Ouvrir la fiche produit<\/u><\/a><\/p>","protected":false},"excerpt":{"rendered":"<p><span><\/span><\/p>","protected":false},"featured_media":529574,"template":"","meta":[],"product_brand":[],"product_cat":[4186],"product_tag":[],"class_list":{"0":"post-529522","1":"product","2":"type-product","3":"status-publish","4":"has-post-thumbnail","6":"product_cat-jacken","7":"pa_brand-hakro","8":"pa_brand-type-workwear","9":"pa_filter-color-blau","10":"pa_filter-color-gruen","11":"pa_filter-color-rot","12":"pa_filter-color-schwarz","13":"pa_filter-color-weiss","15":"first","16":"instock","17":"sale","18":"taxable","19":"shipping-taxable","20":"purchasable","21":"product-type-variable","22":"add-to-wishlist-before_image"},"exclude_global_add_ons":[],"addons":[],"acf":[],"_links":{"self":[{"href":"https:\/\/shop.kustom.ch\/fr\/wp-json\/wp\/v2\/product\/529522"}],"collection":[{"href":"https:\/\/shop.kustom.ch\/fr\/wp-json\/wp\/v2\/product"}],"about":[{"href":"https:\/\/shop.kustom.ch\/fr\/wp-json\/wp\/v2\/types\/product"}],"wp:featuredmedia":[{"embeddable":true,"href":"https:\/\/shop.kustom.ch\/fr\/wp-json\/wp\/v2\/media\/529574"}],"wp:attachment":[{"href":"https:\/\/shop.kustom.ch\/fr\/wp-json\/wp\/v2\/media?parent=529522"}],"wp:term":[{"taxonomy":"product_brand","embeddable":true,"href":"https:\/\/shop.kustom.ch\/fr\/wp-json\/wp\/v2\/product_brand?post=529522"},{"taxonomy":"product_cat","embeddable":true,"href":"https:\/\/shop.kustom.ch\/fr\/wp-json\/wp\/v2\/product_cat?post=529522"},{"taxonomy":"product_tag","embeddable":true,"href":"https:\/\/shop.kustom.ch\/fr\/wp-json\/wp\/v2\/product_tag?post=529522"}],"curies":[{"name":"wp","href":"https:\/\/api.w.org\/{rel}","templated":true}]}}