{"id":529421,"date":"2025-03-03T22:45:13","date_gmt":"2025-03-03T21:45:13","guid":{"rendered":"https:\/\/shop.kustom.ch\/?post_type=product&#038;p=529421"},"modified":"2026-03-30T07:30:59","modified_gmt":"2026-03-30T06:30:59","slug":"hakro-bodywarmer-hamilton","status":"publish","type":"product","link":"https:\/\/shop.kustom.ch\/fr\/produit\/hakro-bodywarmer-hamilton\/","title":{"rendered":"Veste de corps HAKRO Hamilton"},"content":{"rendered":"<p>Bodywarmer avec fermeture \u00e9clair frontale \u00e0 double sens de haute qualit\u00e9 avec rabat coupe-vent int\u00e9rieur, garage \u00e0 fermeture \u00e9clair et pendentif r\u00e9fl\u00e9chissant pour la fermeture \u00e9clair, bas de l'ourlet r\u00e9glable en largeur avec cordon de serrage sous tunnel et stoppeurs, partie dorsale arrondie et prolong\u00e9e, int\u00e9rieur du col et emmanchures avec bordures en tricot doux et \u00e9lastiques, poche int\u00e9rieure et poches lat\u00e9rales pour les mains avec fermeture \u00e9clair. Toutes les fermetures \u00e0 glissi\u00e8re sont de marque YKK\u00ae. Fabriqu\u00e9 en tissu respirant et r\u00e9sistant avec rembourrage en fibres synth\u00e9tiques chaudes et faciles d'entretien. \u00c9tiquette de cou tiss\u00e9e HAKRO en satin de cha\u00eene de haute qualit\u00e9 avec bords de bande souples et coup\u00e9s aux ultrasons pour un confort maximal et \u00e9tiquette plate tiss\u00e9e HAKRO sur la couture lat\u00e9rale gauche.<\/p>\n<p>Son avantage particulier : une fermeture \u00e9clair cach\u00e9e dans la partie int\u00e9rieure du dos (ouverture de r\u00e9vision) permet de personnaliser facilement le bodywarmer.<\/p>\n<p>- Mat\u00e9riau : Tissu et rembourrage en polyester 100 %<br \/>\n- Coupe : Regular Fit<br \/>\n- Propri\u00e9t\u00e9 : produit climatiquement neutre<br \/>\n- Certificats : Fair Wear, Climate Partner, OEKO-TEX\u00ae STANDARD 100<br \/>\n- Temp\u00e9rature de lavage : 30 \u00b0C<br \/>\n- tailles : XS-3XL<\/p>\n<p><a href=\"https:\/\/media.hakro.com\/productsheets\/productsheet_0842_de.pdf\" target=\"_blank\" rel=\"noopener\"><u>Ouvrir la fiche produit<\/u><\/a><\/p>","protected":false},"excerpt":{"rendered":"<p><span><\/span><\/p>","protected":false},"featured_media":529443,"template":"","meta":[],"product_brand":[],"product_cat":[4186],"product_tag":[],"class_list":{"0":"post-529421","1":"product","2":"type-product","3":"status-publish","4":"has-post-thumbnail","6":"product_cat-jacken","7":"pa_brand-hakro","8":"pa_brand-type-workwear","9":"pa_filter-color-blau","10":"pa_filter-color-schwarz","12":"first","13":"instock","14":"sale","15":"taxable","16":"shipping-taxable","17":"purchasable","18":"product-type-variable","19":"add-to-wishlist-before_image"},"exclude_global_add_ons":[],"addons":[],"acf":[],"_links":{"self":[{"href":"https:\/\/shop.kustom.ch\/fr\/wp-json\/wp\/v2\/product\/529421"}],"collection":[{"href":"https:\/\/shop.kustom.ch\/fr\/wp-json\/wp\/v2\/product"}],"about":[{"href":"https:\/\/shop.kustom.ch\/fr\/wp-json\/wp\/v2\/types\/product"}],"wp:featuredmedia":[{"embeddable":true,"href":"https:\/\/shop.kustom.ch\/fr\/wp-json\/wp\/v2\/media\/529443"}],"wp:attachment":[{"href":"https:\/\/shop.kustom.ch\/fr\/wp-json\/wp\/v2\/media?parent=529421"}],"wp:term":[{"taxonomy":"product_brand","embeddable":true,"href":"https:\/\/shop.kustom.ch\/fr\/wp-json\/wp\/v2\/product_brand?post=529421"},{"taxonomy":"product_cat","embeddable":true,"href":"https:\/\/shop.kustom.ch\/fr\/wp-json\/wp\/v2\/product_cat?post=529421"},{"taxonomy":"product_tag","embeddable":true,"href":"https:\/\/shop.kustom.ch\/fr\/wp-json\/wp\/v2\/product_tag?post=529421"}],"curies":[{"name":"wp","href":"https:\/\/api.w.org\/{rel}","templated":true}]}}