{"id":529261,"date":"2025-03-03T22:44:17","date_gmt":"2025-03-03T21:44:17","guid":{"rendered":"https:\/\/shop.kustom.ch\/?post_type=product&#038;p=529261"},"modified":"2026-03-30T07:30:37","modified_gmt":"2026-03-30T06:30:37","slug":"hakro-strickfleecejacke-dawson","status":"publish","type":"product","link":"https:\/\/shop.kustom.ch\/fr\/produit\/hakro-strickfleecejacke-dawson\/","title":{"rendered":"Veste polaire tricot\u00e9e HAKRO Dawson"},"content":{"rendered":"<p>Veste sportive en polaire tricot\u00e9e avec empi\u00e8cements de couleur contrast\u00e9e sur les c\u00f4t\u00e9s et les \u00e9paules, coutures de s\u00e9paration sur le devant et le dos pour une coupe parfaite, fermeture \u00e9clair frontale \u00e0 double sens de haute qualit\u00e9 et de couleur contrast\u00e9e, poches lat\u00e9rales \u00e0 fermeture \u00e9clair, bordures \u00e9lastiques \u00e0 l'ourlet et aux manches, poche \u00e0 fermeture \u00e9clair sur la manche gauche, bandeau de cou et ruban de suspension dans la nuque. Toutes les fermetures \u00e0 glissi\u00e8re sont de marque YKK\u00ae. Fabriqu\u00e9 en polaire tricot\u00e9e respirante et en mat\u00e9riau softshell l\u00e9ger et \u00e9lastique. \u00c9tiquette de cou tiss\u00e9e HAKRO en satin de cha\u00eene de haute qualit\u00e9 avec bords de bande souples et coup\u00e9s aux ultrasons pour un confort maximal et \u00e9tiquette plate tiss\u00e9e HAKRO sur la couture lat\u00e9rale gauche.<\/p>\n<p>- Mati\u00e8re : polaire tricot\u00e9e et softshell en polyester 100 %<br \/>\n- poids : 280 g\/m<br \/>\n- \u00c9quipement : anti-boulochage<br \/>\n- Propri\u00e9t\u00e9 : facile d'entretien, respirant, produit climatiquement neutre<br \/>\n- Coupe : Regular Fit<br \/>\n- Certificats : Fair Wear, Climate Partner, OEKO-TEX\u00ae STANDARD 100<br \/>\n- Temp\u00e9rature de lavage : 30 \u00b0C<br \/>\n- tailles : XS-3XL<\/p>\n<p><a href=\"https:\/\/media.hakro.com\/productsheets\/productsheet_0836_de.pdf\" target=\"_blank\" rel=\"noopener\"><u>Ouvrir la fiche produit<\/u><\/a><\/p>","protected":false},"excerpt":{"rendered":"<p>Sportive Strickfleecejacke mit kontrastfarbigen Eins\u00e4tzen an den Seiten und Schultern, Teilungsn\u00e4hten auf Vorder- und R\u00fcckenteil f\u00fcr perfekte Passform, hochwertigem, kontrastfarbigem Zwei-Wege-Frontreissverschluss, seitlichen Reissverschlusstaschen, elastischen Saum- und \u00c4rmelb\u00fcndchen, Reissverschluss-\u00c4rmeltasche am linken \u00c4rmel, Nackenband und Aufh\u00e4ngeband im Nacken. Alle Reissverschl\u00fcsse von YKK\u00ae. Hergestellt aus atmungsaktivem Strickfleece und leichtem, elastischem Softshellmaterial. Gewebtes HAKRO Necklabel aus hochwertigem Kettsatin mit [&hellip;]<\/p>\n","protected":false},"featured_media":529305,"template":"","meta":[],"product_brand":[],"product_cat":[4186],"product_tag":[],"class_list":{"0":"post-529261","1":"product","2":"type-product","3":"status-publish","4":"has-post-thumbnail","6":"product_cat-jacken","7":"pa_brand-hakro","8":"pa_brand-type-workwear","9":"pa_filter-color-blau","10":"pa_filter-color-grau","11":"pa_filter-color-gruen","12":"pa_filter-color-rot","14":"first","15":"instock","16":"sale","17":"taxable","18":"shipping-taxable","19":"purchasable","20":"product-type-variable","21":"add-to-wishlist-before_image"},"exclude_global_add_ons":[],"addons":[],"acf":[],"_links":{"self":[{"href":"https:\/\/shop.kustom.ch\/fr\/wp-json\/wp\/v2\/product\/529261"}],"collection":[{"href":"https:\/\/shop.kustom.ch\/fr\/wp-json\/wp\/v2\/product"}],"about":[{"href":"https:\/\/shop.kustom.ch\/fr\/wp-json\/wp\/v2\/types\/product"}],"wp:featuredmedia":[{"embeddable":true,"href":"https:\/\/shop.kustom.ch\/fr\/wp-json\/wp\/v2\/media\/529305"}],"wp:attachment":[{"href":"https:\/\/shop.kustom.ch\/fr\/wp-json\/wp\/v2\/media?parent=529261"}],"wp:term":[{"taxonomy":"product_brand","embeddable":true,"href":"https:\/\/shop.kustom.ch\/fr\/wp-json\/wp\/v2\/product_brand?post=529261"},{"taxonomy":"product_cat","embeddable":true,"href":"https:\/\/shop.kustom.ch\/fr\/wp-json\/wp\/v2\/product_cat?post=529261"},{"taxonomy":"product_tag","embeddable":true,"href":"https:\/\/shop.kustom.ch\/fr\/wp-json\/wp\/v2\/product_tag?post=529261"}],"curies":[{"name":"wp","href":"https:\/\/api.w.org\/{rel}","templated":true}]}}