{"id":529192,"date":"2025-03-03T22:43:45","date_gmt":"2025-03-03T21:43:45","guid":{"rendered":"https:\/\/shop.kustom.ch\/?post_type=product&#038;p=529192"},"modified":"2026-03-30T07:30:23","modified_gmt":"2026-03-30T06:30:23","slug":"hakro-longsleeve-poloshirt-haccp-mikralinar","status":"publish","type":"product","link":"https:\/\/shop.kustom.ch\/fr\/produit\/hakro-longsleeve-poloshirt-haccp-mikralinar\/","title":{"rendered":"Polo \u00e0 manches longues HAKRO HACCP MIKRALINAR\u00ae (en allemand)"},"content":{"rendered":"<p>Polo \u00e0 manches longues particuli\u00e8rement r\u00e9sistant, fabriqu\u00e9 selon les crit\u00e8res HACCP. Patte de boutonnage \u00e0 pression de haute qualit\u00e9 avec trois boutons pression m\u00e9talliques YKK\u00ae cach\u00e9s, extra-r\u00e9sistants, adapt\u00e9s au leasing et inoxydables, et bande de propret\u00e9. Avec des poignets en tricot c\u00f4tel\u00e9 renforc\u00e9 en LYCRA\u00ae et donc particuli\u00e8rement ind\u00e9formables. Colliers de leasing pour faciliter l'identification dans les blanchisseries commerciales et bandes de suspension dans l'ourlet. Fabriqu\u00e9 en piqu\u00e9 doux, particuli\u00e8rement facile d'entretien et fonctionnel, \u00e0 partir du m\u00e9lange de mat\u00e9riaux HAKRO Performance MIKRALINAR\u00ae. \u00c9tiquette de cou tiss\u00e9e HAKRO en satin de cha\u00eene de haute qualit\u00e9 avec bords de bande souples et coup\u00e9s aux ultrasons pour un confort maximal et \u00e9tiquette plate tiss\u00e9e HAKRO sur la couture lat\u00e9rale gauche.<\/p>\n<p>- Mati\u00e8re : MIKRALINAR\u00ae, piqu\u00e9 de 50 % de coton et 50 % de polyester<br \/>\n- poids : 220 g\/m<br \/>\n- \u00c9quipement : pr\u00e9trait\u00e9 au rodage<br \/>\n- Propri\u00e9t\u00e9s : facile d'entretien, adapt\u00e9 au lavage industriel selon la norme DIN EN ISO 15797, couleur blanche conforme \u00e0 la norme DIN 10524:2020-06 (hygi\u00e8ne alimentaire - v\u00eatements de travail dans les entreprises du secteur alimentaire), produit climatiquement neutre<br \/>\n- Coupe : Comfort Fit<br \/>\n- Certificats : Fair Wear, Climate Partner, OEKO-TEX\u00ae STANDARD 100<br \/>\n- Temp\u00e9rature de lavage : 60 \u00b0C<br \/>\n- Tailles : XS-6XL<\/p>\n<p><a href=\"https:\/\/media.hakro.com\/productsheets\/productsheet_0821_de.pdf\" target=\"_blank\" rel=\"noopener\"><u>Ouvrir la fiche produit<\/u><\/a><\/p>","protected":false},"excerpt":{"rendered":"<p><span><\/span><\/p>","protected":false},"featured_media":529236,"template":"","meta":[],"product_brand":[],"product_cat":[4193],"product_tag":[],"class_list":{"0":"post-529192","1":"product","2":"type-product","3":"status-publish","4":"has-post-thumbnail","6":"product_cat-polos","7":"pa_brand-hakro","8":"pa_brand-type-workwear","9":"pa_filter-color-blau","10":"pa_filter-color-grau","11":"pa_filter-color-weiss","13":"first","14":"instock","15":"sale","16":"taxable","17":"shipping-taxable","18":"purchasable","19":"product-type-variable","20":"add-to-wishlist-before_image"},"exclude_global_add_ons":[],"addons":[],"acf":[],"_links":{"self":[{"href":"https:\/\/shop.kustom.ch\/fr\/wp-json\/wp\/v2\/product\/529192"}],"collection":[{"href":"https:\/\/shop.kustom.ch\/fr\/wp-json\/wp\/v2\/product"}],"about":[{"href":"https:\/\/shop.kustom.ch\/fr\/wp-json\/wp\/v2\/types\/product"}],"wp:featuredmedia":[{"embeddable":true,"href":"https:\/\/shop.kustom.ch\/fr\/wp-json\/wp\/v2\/media\/529236"}],"wp:attachment":[{"href":"https:\/\/shop.kustom.ch\/fr\/wp-json\/wp\/v2\/media?parent=529192"}],"wp:term":[{"taxonomy":"product_brand","embeddable":true,"href":"https:\/\/shop.kustom.ch\/fr\/wp-json\/wp\/v2\/product_brand?post=529192"},{"taxonomy":"product_cat","embeddable":true,"href":"https:\/\/shop.kustom.ch\/fr\/wp-json\/wp\/v2\/product_cat?post=529192"},{"taxonomy":"product_tag","embeddable":true,"href":"https:\/\/shop.kustom.ch\/fr\/wp-json\/wp\/v2\/product_tag?post=529192"}],"curies":[{"name":"wp","href":"https:\/\/api.w.org\/{rel}","templated":true}]}}