{"id":528335,"date":"2025-03-03T22:38:24","date_gmt":"2025-03-03T21:38:24","guid":{"rendered":"https:\/\/shop.kustom.ch\/?post_type=product&#038;p=528335"},"modified":"2026-03-30T07:28:57","modified_gmt":"2026-03-30T06:28:57","slug":"hakro-pocket-poloshirt-mikralinar","status":"publish","type":"product","link":"https:\/\/shop.kustom.ch\/fr\/produit\/hakro-pocket-poloshirt-mikralinar\/","title":{"rendered":"Polo \u00e0 poches MIKRALINAR\u00ae HAKRO"},"content":{"rendered":"<p>Polo particuli\u00e8rement r\u00e9sistant avec poche poitrine plaqu\u00e9e, patte de boutonnage \u00e0 3 trous de haute qualit\u00e9 avec boutons incassables cousus de mani\u00e8re extra-r\u00e9sistante, ton sur ton avec l'inscription HAKRO grav\u00e9e au laser. Avec bouton de rechange et bande d'encolure. Collerette de leasing pour faciliter l'identification dans les blanchisseries commerciales et bandes de suspension dans l'ourlet. Fabriqu\u00e9 en piqu\u00e9 doux, particuli\u00e8rement facile d'entretien et fonctionnel, \u00e0 partir du m\u00e9lange de mat\u00e9riaux HAKRO Performance MIKRALINAR\u00ae. \u00c9tiquette de cou tiss\u00e9e HAKRO en satin de cha\u00eene de haute qualit\u00e9 avec bords de bande souples et coup\u00e9s aux ultrasons pour un confort maximal et \u00e9tiquette plate tiss\u00e9e HAKRO sur la couture lat\u00e9rale gauche.<\/p>\n<p>- Mati\u00e8re : MIKRALINAR\u00ae, piqu\u00e9 de 50 % de coton et 50 % de polyester<br \/>\n- Poids : 200 g\/m<br \/>\n- \u00c9quipement : pr\u00e9trait\u00e9 au rodage<br \/>\n- Propri\u00e9t\u00e9s : facile d'entretien, adapt\u00e9 au lavage industriel selon la norme DIN EN ISO 15797, produit climatiquement neutre<br \/>\n- Coupe : Comfort Fit<br \/>\n- Certificats : Fair Wear, Climate Partner, OEKO-TEX\u00ae STANDARD 100<br \/>\n- Temp\u00e9rature de lavage : 60 \u00b0C<br \/>\n- Tailles : XS-6XL<\/p>\n<p><a href=\"https:\/\/media.hakro.com\/productsheets\/productsheet_0812_de.pdf\" target=\"_blank\" rel=\"noopener\"><u>Ouvrir la fiche produit<\/u><\/a><\/p>","protected":false},"excerpt":{"rendered":"<p><span><\/span><\/p>","protected":false},"featured_media":528369,"template":"","meta":[],"product_brand":[],"product_cat":[4193],"product_tag":[],"class_list":{"0":"post-528335","1":"product","2":"type-product","3":"status-publish","4":"has-post-thumbnail","6":"product_cat-polos","7":"pa_brand-hakro","8":"pa_brand-type-workwear","9":"pa_filter-color-blau","10":"pa_filter-color-braun","11":"pa_filter-color-gelb","12":"pa_filter-color-grau","13":"pa_filter-color-gruen","14":"pa_filter-color-orange","15":"pa_filter-color-rot","16":"pa_filter-color-schwarz","17":"pa_filter-color-weiss","19":"first","20":"instock","21":"sale","22":"taxable","23":"shipping-taxable","24":"purchasable","25":"product-type-variable","26":"add-to-wishlist-before_image"},"exclude_global_add_ons":[],"addons":[],"acf":[],"_links":{"self":[{"href":"https:\/\/shop.kustom.ch\/fr\/wp-json\/wp\/v2\/product\/528335"}],"collection":[{"href":"https:\/\/shop.kustom.ch\/fr\/wp-json\/wp\/v2\/product"}],"about":[{"href":"https:\/\/shop.kustom.ch\/fr\/wp-json\/wp\/v2\/types\/product"}],"wp:featuredmedia":[{"embeddable":true,"href":"https:\/\/shop.kustom.ch\/fr\/wp-json\/wp\/v2\/media\/528369"}],"wp:attachment":[{"href":"https:\/\/shop.kustom.ch\/fr\/wp-json\/wp\/v2\/media?parent=528335"}],"wp:term":[{"taxonomy":"product_brand","embeddable":true,"href":"https:\/\/shop.kustom.ch\/fr\/wp-json\/wp\/v2\/product_brand?post=528335"},{"taxonomy":"product_cat","embeddable":true,"href":"https:\/\/shop.kustom.ch\/fr\/wp-json\/wp\/v2\/product_cat?post=528335"},{"taxonomy":"product_tag","embeddable":true,"href":"https:\/\/shop.kustom.ch\/fr\/wp-json\/wp\/v2\/product_tag?post=528335"}],"curies":[{"name":"wp","href":"https:\/\/api.w.org\/{rel}","templated":true}]}}