{"id":527966,"date":"2025-03-03T22:35:58","date_gmt":"2025-03-03T21:35:58","guid":{"rendered":"https:\/\/shop.kustom.ch\/?post_type=product&#038;p=527966"},"modified":"2026-03-30T07:28:20","modified_gmt":"2026-03-30T06:28:20","slug":"hakro-poloshirt-casual","status":"publish","type":"product","link":"https:\/\/shop.kustom.ch\/fr\/produit\/hakro-poloshirt-casual\/","title":{"rendered":"Polo Casual HAKRO"},"content":{"rendered":"<p>Polo sportif avec bandes contrast\u00e9es dans le col polo et aux poignets, patte de boutonnage \u00e0 3 trous de haute qualit\u00e9 avec boutons incassables cousus de mani\u00e8re extra-r\u00e9sistante, ton sur ton avec l'inscription HAKRO grav\u00e9e au laser. Avec bouton de rechange, bande d'encolure et fentes lat\u00e9rales \u00e0 double fermeture. Fabriqu\u00e9 en piqu\u00e9 \u00e0 mailles fines de coton \u00e0 longues fibres, peign\u00e9 et fil\u00e9 \u00e0 anneaux. \u00c9tiquette de cou tiss\u00e9e HAKRO en satin de cha\u00eene de haute qualit\u00e9 avec bords de bande souples et coup\u00e9s aux ultrasons pour un confort maximal et \u00e9tiquette plate tiss\u00e9e HAKRO sur la couture lat\u00e9rale gauche.<\/p>\n<p>- Mat\u00e9riau : piqu\u00e9 de coton 100 %<br \/>\n- Poids : 200 g\/m<br \/>\n- \u00c9quipement : pr\u00e9trait\u00e9 au rodage<br \/>\n- Propri\u00e9t\u00e9 : produit climatiquement neutre<br \/>\n- Coupe : Comfort Fit<br \/>\n- Certificats : Fair Wear, ClimatePartner, OEKO-TEX\u00ae STANDARD 100<br \/>\n- Temp\u00e9rature de lavage : 40 \u00b0C<br \/>\n- tailles : XS-3XL<\/p>\n<p><a href=\"https:\/\/media.hakro.com\/productsheets\/productsheet_0803_de.pdf\" target=\"_blank\" rel=\"noopener\"><u>Ouvrir la fiche produit<\/u><\/a><\/p>","protected":false},"excerpt":{"rendered":"<p><span><\/span><\/p>","protected":false},"featured_media":528018,"template":"","meta":[],"product_brand":[],"product_cat":[4193],"product_tag":[],"class_list":{"0":"post-527966","1":"product","2":"type-product","3":"status-publish","4":"has-post-thumbnail","6":"product_cat-polos","7":"pa_brand-hakro","8":"pa_brand-type-workwear","9":"pa_filter-color-blau","10":"pa_filter-color-grau","11":"pa_filter-color-gruen","12":"pa_filter-color-rot","13":"pa_filter-color-schwarz","14":"pa_filter-color-weiss","16":"first","17":"instock","18":"sale","19":"taxable","20":"shipping-taxable","21":"purchasable","22":"product-type-variable","23":"add-to-wishlist-before_image"},"exclude_global_add_ons":[],"addons":[],"acf":[],"_links":{"self":[{"href":"https:\/\/shop.kustom.ch\/fr\/wp-json\/wp\/v2\/product\/527966"}],"collection":[{"href":"https:\/\/shop.kustom.ch\/fr\/wp-json\/wp\/v2\/product"}],"about":[{"href":"https:\/\/shop.kustom.ch\/fr\/wp-json\/wp\/v2\/types\/product"}],"wp:featuredmedia":[{"embeddable":true,"href":"https:\/\/shop.kustom.ch\/fr\/wp-json\/wp\/v2\/media\/528018"}],"wp:attachment":[{"href":"https:\/\/shop.kustom.ch\/fr\/wp-json\/wp\/v2\/media?parent=527966"}],"wp:term":[{"taxonomy":"product_brand","embeddable":true,"href":"https:\/\/shop.kustom.ch\/fr\/wp-json\/wp\/v2\/product_brand?post=527966"},{"taxonomy":"product_cat","embeddable":true,"href":"https:\/\/shop.kustom.ch\/fr\/wp-json\/wp\/v2\/product_cat?post=527966"},{"taxonomy":"product_tag","embeddable":true,"href":"https:\/\/shop.kustom.ch\/fr\/wp-json\/wp\/v2\/product_tag?post=527966"}],"curies":[{"name":"wp","href":"https:\/\/api.w.org\/{rel}","templated":true}]}}