{"id":527146,"date":"2025-03-03T22:21:20","date_gmt":"2025-03-03T21:21:20","guid":{"rendered":"https:\/\/shop.kustom.ch\/?post_type=product&#038;p=527146"},"modified":"2026-03-30T07:24:32","modified_gmt":"2026-03-30T06:24:32","slug":"hakro-kapuzen-sweatjacke-premium","status":"publish","type":"product","link":"https:\/\/shop.kustom.ch\/fr\/produit\/hakro-kapuzen-sweatjacke-premium\/","title":{"rendered":"Sweat \u00e0 capuche HAKRO Premium"},"content":{"rendered":"<p>Sweat \u00e0 capuche sportif avec fermeture \u00e9clair de haute qualit\u00e9 de YKK\u00ae, capuche doubl\u00e9e avec cordon et \u0153illets m\u00e9talliques de haute qualit\u00e9 de YKK\u00ae, poignets en tricot c\u00f4tel\u00e9 ind\u00e9formable avec part de LYCRA\u00ae, int\u00e9rieur non gratt\u00e9 (French-Terry), poches pour les mains et bandeau de cou. Fabriqu\u00e9 dans un m\u00e9lange de coton et de polyester facile d'entretien pour les plus hautes exigences. \u00c9tiquette de cou tiss\u00e9e HAKRO en satin de cha\u00eene de haute qualit\u00e9 avec bords de bande souples et coup\u00e9s aux ultrasons pour un confort maximal et \u00e9tiquette plate tiss\u00e9e HAKRO sur la couture lat\u00e9rale gauche.<\/p>\n<p>- Mati\u00e8re : maille de 70 % coton et 30 % polyester (gris chin\u00e9 : 60 % polyester et 40 % coton)<br \/>\n- Poids : 300 g\/m<br \/>\n- \u00c9quipement : pr\u00e9trait\u00e9 au rodage<br \/>\n- Propri\u00e9t\u00e9 : facile d'entretien, produit climatiquement neutre<br \/>\n- Coupe : Comfort Fit<br \/>\n- Certificats : Fair Wear, Climate Partner, OEKO-TEX\u00ae STANDARD 100<br \/>\n- Temp\u00e9rature de lavage : 60 \u00b0C<br \/>\n- Tailles : 2XS-6XL<\/p>\n<p><a href=\"https:\/\/media.hakro.com\/productsheets\/productsheet_0605_de.pdf\" target=\"_blank\" rel=\"noopener\"><u>Ouvrir la fiche produit<\/u><\/a><\/p>","protected":false},"excerpt":{"rendered":"<p><span><\/span><\/p>","protected":false},"featured_media":527199,"template":"","meta":[],"product_brand":[],"product_cat":[4191],"product_tag":[],"class_list":{"0":"post-527146","1":"product","2":"type-product","3":"status-publish","4":"has-post-thumbnail","6":"product_cat-longsleeves-sweatshirts","7":"pa_brand-hakro","8":"pa_brand-type-workwear","9":"pa_filter-color-blau","10":"pa_filter-color-grau","11":"pa_filter-color-rot","12":"pa_filter-color-schwarz","13":"pa_filter-color-weiss","15":"first","16":"instock","17":"sale","18":"taxable","19":"shipping-taxable","20":"purchasable","21":"product-type-variable","22":"add-to-wishlist-before_image"},"exclude_global_add_ons":[],"addons":[],"acf":[],"_links":{"self":[{"href":"https:\/\/shop.kustom.ch\/fr\/wp-json\/wp\/v2\/product\/527146"}],"collection":[{"href":"https:\/\/shop.kustom.ch\/fr\/wp-json\/wp\/v2\/product"}],"about":[{"href":"https:\/\/shop.kustom.ch\/fr\/wp-json\/wp\/v2\/types\/product"}],"wp:featuredmedia":[{"embeddable":true,"href":"https:\/\/shop.kustom.ch\/fr\/wp-json\/wp\/v2\/media\/527199"}],"wp:attachment":[{"href":"https:\/\/shop.kustom.ch\/fr\/wp-json\/wp\/v2\/media?parent=527146"}],"wp:term":[{"taxonomy":"product_brand","embeddable":true,"href":"https:\/\/shop.kustom.ch\/fr\/wp-json\/wp\/v2\/product_brand?post=527146"},{"taxonomy":"product_cat","embeddable":true,"href":"https:\/\/shop.kustom.ch\/fr\/wp-json\/wp\/v2\/product_cat?post=527146"},{"taxonomy":"product_tag","embeddable":true,"href":"https:\/\/shop.kustom.ch\/fr\/wp-json\/wp\/v2\/product_tag?post=527146"}],"curies":[{"name":"wp","href":"https:\/\/api.w.org\/{rel}","templated":true}]}}