{"id":526777,"date":"2025-03-03T22:19:04","date_gmt":"2025-03-03T21:19:04","guid":{"rendered":"https:\/\/shop.kustom.ch\/?post_type=product&#038;p=526777"},"modified":"2026-03-30T07:23:33","modified_gmt":"2026-03-30T06:23:33","slug":"hakro-sweatshirt-bio-baumwolle-gots","status":"publish","type":"product","link":"https:\/\/shop.kustom.ch\/fr\/produit\/hakro-sweatshirt-bio-baumwolle-gots\/","title":{"rendered":"Sweat-shirt HAKRO coton bio GOTS"},"content":{"rendered":"<p>Sweat-shirt classique \u00e0 encolure ronde, poignets ind\u00e9formables avec une part de LYCRA\u00ae, int\u00e9rieur gratt\u00e9 moelleux et bande de propret\u00e9. Fabriqu\u00e9 \u00e0 partir d'un m\u00e9lange de coton bio \u00e0 longues fibres, peign\u00e9 et ring-spun, certifi\u00e9 GOTS, et de polyester recycl\u00e9 pour les plus hautes exigences. \u00c9tiquette de cou tiss\u00e9e HAKRO en satin de cha\u00eene de haute qualit\u00e9 avec bords de bande souples et coup\u00e9s aux ultrasons pour un confort maximal et \u00e9tiquette plate tiss\u00e9e HAKRO sur la couture lat\u00e9rale gauche.<\/p>\n<p>- Mati\u00e8re : maille de 72 % coton (bio) et 28 % polyester (recycl\u00e9) (gris chin\u00e9 : 76 % coton (bio) et 24 % polyester (recycl\u00e9))<br \/>\n- Poids : 300 g\/m<br \/>\n- \u00c9quipement : pr\u00e9trait\u00e9 au rodage<br \/>\n- Propri\u00e9t\u00e9 : facile d'entretien, produit climatiquement neutre<br \/>\n- Coupe : Regular Fit<br \/>\n- Certificats : Fair Wear, Climate Partner, OEKO-TEX\u00ae STANDARD 100, Global Organic Textile Standard (GOTS), bouton vert<br \/>\n- Temp\u00e9rature de lavage : 40 \u00b0C<br \/>\n- Tailles : 2XS-6XL<\/p>\n<p><a href=\"https:\/\/media.hakro.com\/productsheets\/productsheet_0570_de.pdf\" target=\"_blank\" rel=\"noopener\"><u>Ouvrir la fiche produit<\/u><\/a><\/p>","protected":false},"excerpt":{"rendered":"<p><span><\/span><\/p>","protected":false},"featured_media":526806,"template":"","meta":[],"product_brand":[],"product_cat":[4191],"product_tag":[],"class_list":{"0":"post-526777","1":"product","2":"type-product","3":"status-publish","4":"has-post-thumbnail","6":"product_cat-longsleeves-sweatshirts","7":"pa_brand-hakro","8":"pa_brand-type-workwear","9":"pa_filter-color-blau","10":"pa_filter-color-grau","11":"pa_filter-color-gruen","12":"pa_filter-color-rot","13":"pa_filter-color-schwarz","14":"pa_filter-color-weiss","16":"first","17":"instock","18":"sale","19":"taxable","20":"shipping-taxable","21":"purchasable","22":"product-type-variable","23":"add-to-wishlist-before_image"},"exclude_global_add_ons":[],"addons":[],"acf":[],"_links":{"self":[{"href":"https:\/\/shop.kustom.ch\/fr\/wp-json\/wp\/v2\/product\/526777"}],"collection":[{"href":"https:\/\/shop.kustom.ch\/fr\/wp-json\/wp\/v2\/product"}],"about":[{"href":"https:\/\/shop.kustom.ch\/fr\/wp-json\/wp\/v2\/types\/product"}],"wp:featuredmedia":[{"embeddable":true,"href":"https:\/\/shop.kustom.ch\/fr\/wp-json\/wp\/v2\/media\/526806"}],"wp:attachment":[{"href":"https:\/\/shop.kustom.ch\/fr\/wp-json\/wp\/v2\/media?parent=526777"}],"wp:term":[{"taxonomy":"product_brand","embeddable":true,"href":"https:\/\/shop.kustom.ch\/fr\/wp-json\/wp\/v2\/product_brand?post=526777"},{"taxonomy":"product_cat","embeddable":true,"href":"https:\/\/shop.kustom.ch\/fr\/wp-json\/wp\/v2\/product_cat?post=526777"},{"taxonomy":"product_tag","embeddable":true,"href":"https:\/\/shop.kustom.ch\/fr\/wp-json\/wp\/v2\/product_tag?post=526777"}],"curies":[{"name":"wp","href":"https:\/\/api.w.org\/{rel}","templated":true}]}}